{"id":18676,"date":"2025-04-03T12:49:51","date_gmt":"2025-04-03T12:49:51","guid":{"rendered":"https:\/\/band.breezyx.space\/instrukcje-bezpieczenstwa\/"},"modified":"2025-05-07T10:13:24","modified_gmt":"2025-05-07T10:13:24","slug":"instrukcje-bezpieczenstwa","status":"publish","type":"page","link":"https:\/\/breezy.band\/pl-pl\/instrukcje-bezpieczenstwa\/","title":{"rendered":"Instrukcje bezpiecze\u0144stwa"},"content":{"rendered":"\n<section id=\"hero-section-block_f40940823dcefeae81247f6b50467adc\" class=\"hero-section  alignfull\">\n    <div class=\"hero-section__bg right_container\" data-aos=\"fade-in\" data-aos-duration=\"600\">\n    <img loading=\"lazy\" decoding=\"async\" width=\"1\" height=\"1\" src=\"https:\/\/breezy.band\/wp-content\/uploads\/2025\/03\/group-1171275477.svg\" class=\"style-svg\" alt=\"background-image\" id=\"ko\u0142o\" \/>  <\/div>\n  \n  <div class=\"container\">\n    <div class=\"hero-section__main\">\n      <div class=\"hero-section__main-info\">\n        <div class=\"hero-section__main-info-left\">\n                    <h1>\n            Instrukcje bezpiecze\u0144stwa          <\/h1>\n                    \t        \n\t        \n        <\/div>\n        <div class=\"hero-section__main-info-right\">\n          <div class=\"hero-section__img\">\n                      <\/div>\n\n          \n          \n        <\/div>\n\n      <\/div>\n            <div class=\"hero-section__slider swiper js-hero-slider\">\n          <div class=\"swiper-wrapper\">\n                    <div class=\"swiper-slide hero-section__slider-item lang-pl\">\n            <img loading=\"lazy\" decoding=\"async\" width=\"2048\" height=\"2048\" src=\"https:\/\/breezy.band\/wp-content\/uploads\/2025\/03\/orange_logo.png\" class=\"style-svg\" alt=\"\" srcset=\"https:\/\/breezy.band\/wp-content\/uploads\/2025\/03\/orange_logo.png 2048w, https:\/\/breezy.band\/wp-content\/uploads\/2025\/03\/orange_logo-300x300.png 300w, https:\/\/breezy.band\/wp-content\/uploads\/2025\/03\/orange_logo-1024x1024.png 1024w, https:\/\/breezy.band\/wp-content\/uploads\/2025\/03\/orange_logo-150x150.png 150w, https:\/\/breezy.band\/wp-content\/uploads\/2025\/03\/orange_logo-768x768.png 768w, https:\/\/breezy.band\/wp-content\/uploads\/2025\/03\/orange_logo-1536x1536.png 1536w, https:\/\/breezy.band\/wp-content\/uploads\/2025\/03\/orange_logo-100x100.png 100w\" sizes=\"auto, (max-width: 2048px) 100vw, 2048px\" \/>          <\/div>\n                <div class=\"swiper-slide hero-section__slider-item lang-pl\">\n            <img loading=\"lazy\" decoding=\"async\" width=\"1080\" height=\"1080\" src=\"https:\/\/breezy.band\/wp-content\/uploads\/2025\/03\/turn-9-e1742410721762.png\" class=\"style-svg\" alt=\"\" \/>          <\/div>\n                <div class=\"swiper-slide hero-section__slider-item lang-pl\">\n            <img loading=\"lazy\" decoding=\"async\" width=\"1080\" height=\"1080\" src=\"https:\/\/breezy.band\/wp-content\/uploads\/2025\/03\/xiaomi-e1742402845295.png\" class=\"style-svg\" alt=\"\" \/>          <\/div>\n                <div class=\"swiper-slide hero-section__slider-item lang-pl\">\n            <img loading=\"lazy\" decoding=\"async\" width=\"345\" height=\"170\" src=\"https:\/\/breezy.band\/wp-content\/uploads\/2025\/08\/dizajn-bez-nazvaniya-34.png\" class=\"style-svg\" alt=\"\" srcset=\"https:\/\/breezy.band\/wp-content\/uploads\/2025\/08\/dizajn-bez-nazvaniya-34.png 345w, https:\/\/breezy.band\/wp-content\/uploads\/2025\/08\/dizajn-bez-nazvaniya-34-300x148.png 300w\" sizes=\"auto, (max-width: 345px) 100vw, 345px\" \/>          <\/div>\n                <div class=\"swiper-slide hero-section__slider-item lang-pl\">\n            <img loading=\"lazy\" decoding=\"async\" width=\"2048\" height=\"2048\" src=\"https:\/\/breezy.band\/wp-content\/uploads\/2025\/03\/orange_logo.png\" class=\"style-svg\" alt=\"\" srcset=\"https:\/\/breezy.band\/wp-content\/uploads\/2025\/03\/orange_logo.png 2048w, https:\/\/breezy.band\/wp-content\/uploads\/2025\/03\/orange_logo-300x300.png 300w, https:\/\/breezy.band\/wp-content\/uploads\/2025\/03\/orange_logo-1024x1024.png 1024w, https:\/\/breezy.band\/wp-content\/uploads\/2025\/03\/orange_logo-150x150.png 150w, https:\/\/breezy.band\/wp-content\/uploads\/2025\/03\/orange_logo-768x768.png 768w, https:\/\/breezy.band\/wp-content\/uploads\/2025\/03\/orange_logo-1536x1536.png 1536w, https:\/\/breezy.band\/wp-content\/uploads\/2025\/03\/orange_logo-100x100.png 100w\" sizes=\"auto, (max-width: 2048px) 100vw, 2048px\" \/>          <\/div>\n                <div class=\"swiper-slide hero-section__slider-item lang-pl\">\n            <img loading=\"lazy\" decoding=\"async\" width=\"1080\" height=\"1080\" src=\"https:\/\/breezy.band\/wp-content\/uploads\/2025\/03\/turn-9-e1742410721762.png\" class=\"style-svg\" alt=\"\" \/>          <\/div>\n                <div class=\"swiper-slide hero-section__slider-item lang-pl\">\n            <img loading=\"lazy\" decoding=\"async\" width=\"1080\" height=\"1080\" src=\"https:\/\/breezy.band\/wp-content\/uploads\/2025\/03\/xiaomi-e1742402845295.png\" class=\"style-svg\" alt=\"\" \/>          <\/div>\n                <div class=\"swiper-slide hero-section__slider-item lang-pl\">\n            <img loading=\"lazy\" decoding=\"async\" width=\"345\" height=\"170\" src=\"https:\/\/breezy.band\/wp-content\/uploads\/2025\/08\/dizajn-bez-nazvaniya-34.png\" class=\"style-svg\" alt=\"\" srcset=\"https:\/\/breezy.band\/wp-content\/uploads\/2025\/08\/dizajn-bez-nazvaniya-34.png 345w, https:\/\/breezy.band\/wp-content\/uploads\/2025\/08\/dizajn-bez-nazvaniya-34-300x148.png 300w\" sizes=\"auto, (max-width: 345px) 100vw, 345px\" \/>          <\/div>\n            <\/div>\n      <\/div>\n          <\/div>\n  <\/div>\n<\/section>\n<p>Aby uzyska\u0107 wi\u0119cej informacji na temat bezpiecze\u0144stwa urz\u0105dzenia, kliknij poni\u017csze \u0142\u0105cze:<\/p>\n<p class=\"text-center\"><strong>Apple<\/strong><\/p>\n<p class=\"text-center\"><a href=\"https:\/\/support.apple.com\/en-gb\/guide\/iphone\/welcome\/ios\">iPhone<\/a> <a href=\"https:\/\/support.apple.com\/en-gb\/guide\/ipad\/welcome\/ipados\">iPad<\/a> <a href=\"https:\/\/support.apple.com\/en-gb\/guide\/macbook-pro\/welcome\/mac\">MacBook Pro<\/a> <a href=\"https:\/\/support.apple.com\/en-gb\/guide\/macbook-air\/welcome\/mac\">MacBook Air <\/a><a href=\"https:\/\/support.apple.com\/en-gb\/guide\/watch\/welcome\/watchos\">Zegarek Apple Watch<\/a> <a href=\"https:\/\/support.apple.com\/en-gb\/guide\/airpods\/welcome\/web\">S\u0142uchawki AirPods<\/a><\/p>\n<p class=\"text-center\"><strong>Samsung<\/strong><\/p>\n<p class=\"text-center\"><a href=\"https:\/\/www.samsung.com\/uk\/support\/user-manuals-and-guide\/\">Rodzina produkt\u00f3w Samsung<\/a><\/p>\n","protected":false},"excerpt":{"rendered":"<p>Aby uzyska\u0107 wi\u0119cej informacji na temat bezpiecze\u0144stwa urz\u0105dzenia, kliknij poni\u017csze \u0142\u0105cze: Apple iPhone iPad MacBook Pro MacBook Air Zegarek Apple Watch S\u0142uchawki AirPods Samsung Rodzina produkt\u00f3w Samsung<\/p>\n","protected":false},"author":1,"featured_media":0,"parent":0,"menu_order":0,"comment_status":"closed","ping_status":"closed","template":"","meta":{"inline_featured_image":false,"footnotes":""},"class_list":["post-18676","page","type-page","status-publish","hentry"],"acf":[],"yoast_head":"<!-- This site is optimized with the Yoast SEO plugin v26.9 - https:\/\/yoast.com\/product\/yoast-seo-wordpress\/ -->\n<title>Instrukcje bezpiecze\u0144stwa - Breezy Site<\/title>\n<meta name=\"robots\" content=\"index, follow, max-snippet:-1, max-image-preview:large, max-video-preview:-1\" \/>\n<link rel=\"canonical\" href=\"https:\/\/breezy.band\/pl-pl\/instrukcje-bezpieczenstwa\/\" \/>\n<meta property=\"og:locale\" content=\"pl_PL\" \/>\n<meta property=\"og:type\" content=\"article\" \/>\n<meta property=\"og:title\" content=\"Instrukcje bezpiecze\u0144stwa - Breezy Site\" \/>\n<meta property=\"og:description\" content=\"Aby uzyska\u0107 wi\u0119cej informacji na temat bezpiecze\u0144stwa urz\u0105dzenia, kliknij poni\u017csze \u0142\u0105cze: Apple iPhone iPad MacBook Pro MacBook Air Zegarek Apple Watch S\u0142uchawki AirPods Samsung Rodzina produkt\u00f3w Samsung\" \/>\n<meta property=\"og:url\" content=\"https:\/\/breezy.band\/pl-pl\/instrukcje-bezpieczenstwa\/\" \/>\n<meta property=\"og:site_name\" content=\"Breezy Site\" \/>\n<meta property=\"article:modified_time\" content=\"2025-05-07T10:13:24+00:00\" \/>\n<meta name=\"twitter:card\" content=\"summary_large_image\" \/>\n<script type=\"application\/ld+json\" class=\"yoast-schema-graph\">{\"@context\":\"https:\/\/schema.org\",\"@graph\":[{\"@type\":\"WebPage\",\"@id\":\"https:\/\/breezy.band\/pl-pl\/instrukcje-bezpieczenstwa\/\",\"url\":\"https:\/\/breezy.band\/pl-pl\/instrukcje-bezpieczenstwa\/\",\"name\":\"Instrukcje bezpiecze\u0144stwa - Breezy Site\",\"isPartOf\":{\"@id\":\"https:\/\/breezy.band\/pl-pl\/#website\"},\"datePublished\":\"2025-04-03T12:49:51+00:00\",\"dateModified\":\"2025-05-07T10:13:24+00:00\",\"breadcrumb\":{\"@id\":\"https:\/\/breezy.band\/pl-pl\/instrukcje-bezpieczenstwa\/#breadcrumb\"},\"inLanguage\":\"pl-PL\",\"potentialAction\":[{\"@type\":\"ReadAction\",\"target\":[\"https:\/\/breezy.band\/pl-pl\/instrukcje-bezpieczenstwa\/\"]}]},{\"@type\":\"BreadcrumbList\",\"@id\":\"https:\/\/breezy.band\/pl-pl\/instrukcje-bezpieczenstwa\/#breadcrumb\",\"itemListElement\":[{\"@type\":\"ListItem\",\"position\":1,\"name\":\"Home\",\"item\":\"https:\/\/breezy.band\/pl-pl\/\"},{\"@type\":\"ListItem\",\"position\":2,\"name\":\"Instrukcje bezpiecze\u0144stwa\"}]},{\"@type\":\"WebSite\",\"@id\":\"https:\/\/breezy.band\/pl-pl\/#website\",\"url\":\"https:\/\/breezy.band\/pl-pl\/\",\"name\":\"Breezy\",\"description\":\"Breezy\",\"potentialAction\":[{\"@type\":\"SearchAction\",\"target\":{\"@type\":\"EntryPoint\",\"urlTemplate\":\"https:\/\/breezy.band\/pl-pl\/?s={search_term_string}\"},\"query-input\":{\"@type\":\"PropertyValueSpecification\",\"valueRequired\":true,\"valueName\":\"search_term_string\"}}],\"inLanguage\":\"pl-PL\"}]}<\/script>\n<!-- \/ Yoast SEO plugin. -->","yoast_head_json":{"title":"Instrukcje bezpiecze\u0144stwa - Breezy Site","robots":{"index":"index","follow":"follow","max-snippet":"max-snippet:-1","max-image-preview":"max-image-preview:large","max-video-preview":"max-video-preview:-1"},"canonical":"https:\/\/breezy.band\/pl-pl\/instrukcje-bezpieczenstwa\/","og_locale":"pl_PL","og_type":"article","og_title":"Instrukcje bezpiecze\u0144stwa - Breezy Site","og_description":"Aby uzyska\u0107 wi\u0119cej informacji na temat bezpiecze\u0144stwa urz\u0105dzenia, kliknij poni\u017csze \u0142\u0105cze: Apple iPhone iPad MacBook Pro MacBook Air Zegarek Apple Watch S\u0142uchawki AirPods Samsung Rodzina produkt\u00f3w Samsung","og_url":"https:\/\/breezy.band\/pl-pl\/instrukcje-bezpieczenstwa\/","og_site_name":"Breezy Site","article_modified_time":"2025-05-07T10:13:24+00:00","twitter_card":"summary_large_image","schema":{"@context":"https:\/\/schema.org","@graph":[{"@type":"WebPage","@id":"https:\/\/breezy.band\/pl-pl\/instrukcje-bezpieczenstwa\/","url":"https:\/\/breezy.band\/pl-pl\/instrukcje-bezpieczenstwa\/","name":"Instrukcje bezpiecze\u0144stwa - Breezy Site","isPartOf":{"@id":"https:\/\/breezy.band\/pl-pl\/#website"},"datePublished":"2025-04-03T12:49:51+00:00","dateModified":"2025-05-07T10:13:24+00:00","breadcrumb":{"@id":"https:\/\/breezy.band\/pl-pl\/instrukcje-bezpieczenstwa\/#breadcrumb"},"inLanguage":"pl-PL","potentialAction":[{"@type":"ReadAction","target":["https:\/\/breezy.band\/pl-pl\/instrukcje-bezpieczenstwa\/"]}]},{"@type":"BreadcrumbList","@id":"https:\/\/breezy.band\/pl-pl\/instrukcje-bezpieczenstwa\/#breadcrumb","itemListElement":[{"@type":"ListItem","position":1,"name":"Home","item":"https:\/\/breezy.band\/pl-pl\/"},{"@type":"ListItem","position":2,"name":"Instrukcje bezpiecze\u0144stwa"}]},{"@type":"WebSite","@id":"https:\/\/breezy.band\/pl-pl\/#website","url":"https:\/\/breezy.band\/pl-pl\/","name":"Breezy","description":"Breezy","potentialAction":[{"@type":"SearchAction","target":{"@type":"EntryPoint","urlTemplate":"https:\/\/breezy.band\/pl-pl\/?s={search_term_string}"},"query-input":{"@type":"PropertyValueSpecification","valueRequired":true,"valueName":"search_term_string"}}],"inLanguage":"pl-PL"}]}},"_links":{"self":[{"href":"https:\/\/breezy.band\/pl-pl\/wp-json\/wp\/v2\/pages\/18676","targetHints":{"allow":["GET"]}}],"collection":[{"href":"https:\/\/breezy.band\/pl-pl\/wp-json\/wp\/v2\/pages"}],"about":[{"href":"https:\/\/breezy.band\/pl-pl\/wp-json\/wp\/v2\/types\/page"}],"author":[{"embeddable":true,"href":"https:\/\/breezy.band\/pl-pl\/wp-json\/wp\/v2\/users\/1"}],"replies":[{"embeddable":true,"href":"https:\/\/breezy.band\/pl-pl\/wp-json\/wp\/v2\/comments?post=18676"}],"version-history":[{"count":1,"href":"https:\/\/breezy.band\/pl-pl\/wp-json\/wp\/v2\/pages\/18676\/revisions"}],"predecessor-version":[{"id":18681,"href":"https:\/\/breezy.band\/pl-pl\/wp-json\/wp\/v2\/pages\/18676\/revisions\/18681"}],"wp:attachment":[{"href":"https:\/\/breezy.band\/pl-pl\/wp-json\/wp\/v2\/media?parent=18676"}],"curies":[{"name":"wp","href":"https:\/\/api.w.org\/{rel}","templated":true}]}}