{"id":18646,"date":"2025-04-03T12:57:38","date_gmt":"2025-04-03T12:57:38","guid":{"rendered":"https:\/\/band.breezyx.space\/polityka-dotyczaca-plikow-cookie\/"},"modified":"2025-05-07T10:13:19","modified_gmt":"2025-05-07T10:13:19","slug":"polityka-dotyczaca-plikow-cookie","status":"publish","type":"page","link":"https:\/\/breezy.band\/pl-pl\/polityka-dotyczaca-plikow-cookie\/","title":{"rendered":"Polityka dotycz\u0105ca plik\u00f3w cookie"},"content":{"rendered":"\n<section id=\"hero-section-block_1c073a32aea26d7591e44293b8c5d386\" class=\"hero-section  alignfull\">\n    <div class=\"hero-section__bg right_container\" data-aos=\"fade-in\" data-aos-duration=\"600\">\n    <img loading=\"lazy\" decoding=\"async\" width=\"1\" height=\"1\" src=\"https:\/\/breezy.band\/wp-content\/uploads\/2025\/03\/group-1171275477.svg\" class=\"style-svg\" alt=\"background-image\" id=\"ko\u0142o\" \/>  <\/div>\n  \n  <div class=\"container\">\n    <div class=\"hero-section__main\">\n      <div class=\"hero-section__main-info\">\n        <div class=\"hero-section__main-info-left\">\n                    <h1>\n            Polityka dotycz\u0105ca plik\u00f3w cookie          <\/h1>\n                    \t        \n\t        \n        <\/div>\n        <div class=\"hero-section__main-info-right\">\n          <div class=\"hero-section__img\">\n                      <\/div>\n\n          \n          \n        <\/div>\n\n      <\/div>\n            <div class=\"hero-section__slider swiper js-hero-slider\">\n          <div class=\"swiper-wrapper\">\n                    <div class=\"swiper-slide hero-section__slider-item lang-pl\">\n            <img loading=\"lazy\" decoding=\"async\" width=\"2048\" height=\"2048\" src=\"https:\/\/breezy.band\/wp-content\/uploads\/2025\/03\/orange_logo.png\" class=\"style-svg\" alt=\"\" srcset=\"https:\/\/breezy.band\/wp-content\/uploads\/2025\/03\/orange_logo.png 2048w, https:\/\/breezy.band\/wp-content\/uploads\/2025\/03\/orange_logo-300x300.png 300w, https:\/\/breezy.band\/wp-content\/uploads\/2025\/03\/orange_logo-1024x1024.png 1024w, https:\/\/breezy.band\/wp-content\/uploads\/2025\/03\/orange_logo-150x150.png 150w, https:\/\/breezy.band\/wp-content\/uploads\/2025\/03\/orange_logo-768x768.png 768w, https:\/\/breezy.band\/wp-content\/uploads\/2025\/03\/orange_logo-1536x1536.png 1536w, https:\/\/breezy.band\/wp-content\/uploads\/2025\/03\/orange_logo-100x100.png 100w\" sizes=\"auto, (max-width: 2048px) 100vw, 2048px\" \/>          <\/div>\n                <div class=\"swiper-slide hero-section__slider-item lang-pl\">\n            <img loading=\"lazy\" decoding=\"async\" width=\"1080\" height=\"1080\" src=\"https:\/\/breezy.band\/wp-content\/uploads\/2025\/03\/turn-9-e1742410721762.png\" class=\"style-svg\" alt=\"\" \/>          <\/div>\n                <div class=\"swiper-slide hero-section__slider-item lang-pl\">\n            <img loading=\"lazy\" decoding=\"async\" width=\"1080\" height=\"1080\" src=\"https:\/\/breezy.band\/wp-content\/uploads\/2025\/03\/xiaomi-e1742402845295.png\" class=\"style-svg\" alt=\"\" \/>          <\/div>\n                <div class=\"swiper-slide hero-section__slider-item lang-pl\">\n            <img loading=\"lazy\" decoding=\"async\" width=\"345\" height=\"170\" src=\"https:\/\/breezy.band\/wp-content\/uploads\/2025\/08\/dizajn-bez-nazvaniya-34.png\" class=\"style-svg\" alt=\"\" srcset=\"https:\/\/breezy.band\/wp-content\/uploads\/2025\/08\/dizajn-bez-nazvaniya-34.png 345w, https:\/\/breezy.band\/wp-content\/uploads\/2025\/08\/dizajn-bez-nazvaniya-34-300x148.png 300w\" sizes=\"auto, (max-width: 345px) 100vw, 345px\" \/>          <\/div>\n                <div class=\"swiper-slide hero-section__slider-item lang-pl\">\n            <img loading=\"lazy\" decoding=\"async\" width=\"2048\" height=\"2048\" src=\"https:\/\/breezy.band\/wp-content\/uploads\/2025\/03\/orange_logo.png\" class=\"style-svg\" alt=\"\" srcset=\"https:\/\/breezy.band\/wp-content\/uploads\/2025\/03\/orange_logo.png 2048w, https:\/\/breezy.band\/wp-content\/uploads\/2025\/03\/orange_logo-300x300.png 300w, https:\/\/breezy.band\/wp-content\/uploads\/2025\/03\/orange_logo-1024x1024.png 1024w, https:\/\/breezy.band\/wp-content\/uploads\/2025\/03\/orange_logo-150x150.png 150w, https:\/\/breezy.band\/wp-content\/uploads\/2025\/03\/orange_logo-768x768.png 768w, https:\/\/breezy.band\/wp-content\/uploads\/2025\/03\/orange_logo-1536x1536.png 1536w, https:\/\/breezy.band\/wp-content\/uploads\/2025\/03\/orange_logo-100x100.png 100w\" sizes=\"auto, (max-width: 2048px) 100vw, 2048px\" \/>          <\/div>\n                <div class=\"swiper-slide hero-section__slider-item lang-pl\">\n            <img loading=\"lazy\" decoding=\"async\" width=\"1080\" height=\"1080\" src=\"https:\/\/breezy.band\/wp-content\/uploads\/2025\/03\/turn-9-e1742410721762.png\" class=\"style-svg\" alt=\"\" \/>          <\/div>\n                <div class=\"swiper-slide hero-section__slider-item lang-pl\">\n            <img loading=\"lazy\" decoding=\"async\" width=\"1080\" height=\"1080\" src=\"https:\/\/breezy.band\/wp-content\/uploads\/2025\/03\/xiaomi-e1742402845295.png\" class=\"style-svg\" alt=\"\" \/>          <\/div>\n                <div class=\"swiper-slide hero-section__slider-item lang-pl\">\n            <img loading=\"lazy\" decoding=\"async\" width=\"345\" height=\"170\" src=\"https:\/\/breezy.band\/wp-content\/uploads\/2025\/08\/dizajn-bez-nazvaniya-34.png\" class=\"style-svg\" alt=\"\" srcset=\"https:\/\/breezy.band\/wp-content\/uploads\/2025\/08\/dizajn-bez-nazvaniya-34.png 345w, https:\/\/breezy.band\/wp-content\/uploads\/2025\/08\/dizajn-bez-nazvaniya-34-300x148.png 300w\" sizes=\"auto, (max-width: 345px) 100vw, 345px\" \/>          <\/div>\n            <\/div>\n      <\/div>\n          <\/div>\n  <\/div>\n<\/section>\n<p><strong>Polityka dotycz\u0105ca plik\u00f3w cookie<\/strong> <\/p>\n<p><strong>Spis tre\u015bci<\/strong><\/p>\n<ol>\n<li>Czym s\u0105 pliki cookie<\/li>\n<li>Co to jest przegl\u0105darka<\/li>\n<li>Pliki cookie i dane osobowe<\/li>\n<li>Polityka plik\u00f3w cookie<\/li>\n<li>Jakich plik\u00f3w cookie u\u017cywamy na naszej stronie internetowej<\/li>\n<li>Niezb\u0119dne pliki cookie<\/li>\n<li>Analityczne pliki cookie<\/li>\n<li>Dost\u0119pne opcje<\/li>\n<li>Jak kontrolowa\u0107 pliki cookie<\/li>\n<li>Zmiany w niniejszej Polityce<\/li>\n<\/ol>\n<p><strong>  1. Czym s\u0105 pliki cookie?<\/strong><\/p>\n<p>&#8220;Cookies&#8221; to ma\u0142e pliki w formacie tekstowym, kt\u00f3re s\u0105 przechowywane w przegl\u0105darce U\u017cytkownika, gdy odwiedza on stron\u0119 internetow\u0105. Informacje przechowywane na komputerze u\u017cytkownika mog\u0105 zawiera\u0107 takie informacje, jak odwiedzane przez niego strony i numer identyfikacyjny u\u017cytkownika. Dzi\u0119ki temu strona internetowa mo\u017ce przechowywa\u0107 przydatne informacje na temat przegl\u0105dania strony przez u\u017cytkownika, a tak\u017ce odczytywa\u0107 te informacje, aby zaoferowa\u0107 u\u017cytkownikowi ujednolicone wra\u017cenia z przegl\u0105dania.  <\/p>\n<p>Pliki cookie pomagaj\u0105 nam monitorowa\u0107 wydajno\u015b\u0107 i ruch na naszej stronie internetowej, ulepszaj\u0105c jej funkcjonalno\u015b\u0107 i zawarto\u015b\u0107 zgodnie z preferencjami odwiedzaj\u0105cych. U\u017cywamy r\u00f3wnie\u017c plik\u00f3w cookie do cel\u00f3w komercyjnych\/reklamowych, aby dostarcza\u0107 odwiedzaj\u0105cym tre\u015bci, kt\u00f3re s\u0105 bardziej dopasowane do ich zainteresowa\u0144.   <\/p>\n<p><strong>  2. Czym jest przegl\u0105darka?<\/strong><\/p>\n<p>Przegl\u0105darka to aplikacja umo\u017cliwiaj\u0105ca surfowanie po Internecie. Najpopularniejsze przegl\u0105darki to Google Chrome, Edge, Firefox, Safari i Opera. Wi\u0119kszo\u015b\u0107 przegl\u0105darek jest bezpieczna i oferuje szybkie i \u0142atwe sposoby usuwania informacji, takich jak pliki cookie.  <\/p>\n<p>U\u017cytkownik mo\u017ce wybra\u0107 spos\u00f3b obs\u0142ugi plik\u00f3w cookie przez urz\u0105dzenie za pomoc\u0105 ustawie\u0144 przegl\u0105darki. Najpopularniejsze przegl\u0105darki pozwalaj\u0105 u\u017cytkownikom na (a) akceptowanie wszystkich plik\u00f3w cookie (b) powiadamianie u\u017cytkownika o wydaniu pliku cookie, (c) nieotrzymywanie plik\u00f3w cookie w dowolnym momencie. Je\u015bli u\u017cytkownik zdecyduje si\u0119 nie otrzymywa\u0107 plik\u00f3w cookie w dowolnym momencie, witryna mo\u017ce nie dzia\u0142a\u0107 prawid\u0142owo, a niekt\u00f3re us\u0142ugi nie b\u0119d\u0105 \u015bwiadczone, co zrujnuje korzystanie z witryny. Sprawd\u017a menu &#8220;Pomoc&#8221; przegl\u0105darki, aby dowiedzie\u0107 si\u0119, jak zmieni\u0107 preferencje dotycz\u0105ce plik\u00f3w cookie.        <\/p>\n<p><strong>  3. Pliki cookie i dane osobowe<\/strong><\/p>\n<p>Same pliki cookie nie dostarczaj\u0105 nam danych osobowych u\u017cytkownika, np. adresu e-mail, chyba \u017ce u\u017cytkownik zdecyduje si\u0119 przekaza\u0107 nam te informacje. Gdy u\u017cytkownik zdecyduje si\u0119 przekaza\u0107 stronie internetowej dane osobowe, informacje te mog\u0105 zosta\u0107 powi\u0105zane z danymi przechowywanymi w pliku cookie.   <\/p>\n<p><strong>  4. Polityka dotycz\u0105ca plik\u00f3w cookie<\/strong><\/p>\n<p>Niniejsza polityka wyja\u015bnia, w jaki spos\u00f3b i dlaczego ASBISC ENTERPRISES PLC, sp\u00f3\u0142ka zarejestrowana zgodnie z ustawodawstwem Republiki Cypryjskiej, o numerze rejestracyjnym HE 75069, adres siedziby: 1 Iapetou,4101, Agios Athanasios, Limassol, Cypr (&#8220;Sp\u00f3\u0142ka&#8221;, &#8220;My&#8221;, &#8220;Nas&#8221; &#8220;Nasz&#8221;) i jej sp\u00f3\u0142ki stowarzyszone, u\u017cywaj\u0105 plik\u00f3w cookie na stronie https:\/\/breezy.band\/ (&#8220;strona internetowa&#8221;) w og\u00f3le i jak mo\u017cna je kontrolowa\u0107. Dla cel\u00f3w niniejszej polityki sp\u00f3\u0142ka stowarzyszona oznacza podmiot, kt\u00f3ry bezpo\u015brednio lub po\u015brednio jest w\u0142a\u015bcicielem lub kontroluje, jest w\u0142asno\u015bci\u0105 lub jest kontrolowany przez lub jest pod wsp\u00f3ln\u0105 w\u0142asno\u015bci\u0105 lub kontrol\u0105 z mark\u0105 lub produktami innego podmiotu lub sp\u00f3\u0142ki. W niniejszym dokumencie &#8220;kontrola&#8221; oznacza prawo do kierowania zarz\u0105dzaniem lub sprawami podmiotu, a &#8220;w\u0142asno\u015b\u0107&#8221; oznacza faktyczn\u0105 w\u0142asno\u015b\u0107 pi\u0119\u0107dziesi\u0119ciu procent (50%) lub wi\u0119cej papier\u00f3w warto\u015bciowych z prawem g\u0142osu lub innych r\u00f3wnowa\u017cnych udzia\u0142\u00f3w z prawem g\u0142osu podmiotu.    <\/p>\n<p><strong>  5. Jakich plik\u00f3w cookie u\u017cywamy na naszej stronie internetowej<\/strong><\/p>\n<p>U\u017cywamy plik\u00f3w cookie na naszej stronie internetowej w celu tworzenia zbiorczych statystyk, kt\u00f3re pozwalaj\u0105 nam zrozumie\u0107, w jaki spos\u00f3b u\u017cytkownicy korzystaj\u0105 z naszej strony internetowej, co umo\u017cliwia ulepszanie jej struktury i zawarto\u015bci.<\/p>\n<p><strong>  6. Niezb\u0119dne pliki cookie<\/strong><\/p>\n<p>Te pliki cookie s\u0105 niezb\u0119dne do prawid\u0142owego funkcjonowania witryny. Zgodnie z prawem do ich akceptacji nie jest wymagane \u017cadne dzia\u0142anie ze strony u\u017cytkownika. Dostawcy zewn\u0119trzni mog\u0105 mie\u0107 dost\u0119p do tych informacji.    <\/p>\n<p><strong>  7. Analityczne pliki cookie<\/strong><\/p>\n<p>Te pliki cookie s\u0142u\u017c\u0105 do rozr\u00f3\u017cniania u\u017cytkownik\u00f3w, \u015bledzenia i analizowania ich zachowania. Przechowuj\u0105 informacje dotycz\u0105ce korzystania z witryny, obliczaj\u0105 odwiedzaj\u0105cych, przechowuj\u0105 identyfikator sesji i dane kampanii, a tak\u017ce \u015bledz\u0105 korzystanie z witryny na potrzeby raportu analitycznego witryny. Niekt\u00f3re z gromadzonych danych obejmuj\u0105 liczb\u0119 u\u017cytkownik\u00f3w, ich \u017ar\u00f3d\u0142o i odwiedzane strony. Wszystkie informacje gromadzone przez pliki cookie Analytics s\u0105 przechowywane anonimowo.   <\/p>\n<p>Pliki cookie instalowane przez Google Analytics obliczaj\u0105 odwiedzaj\u0105cych, sesj\u0119, dane kampanii, a tak\u017ce \u015bledz\u0105 korzystanie z witryny, \u015bledz\u0105c zachowanie u\u017cytkownika w raporcie analitycznym witryny. Te pliki cookie przechowuj\u0105 informacje anonimowo i przypisuj\u0105 losowo wygenerowany numer w celu rozpoznania unikalnych odwiedzaj\u0105cych. Przechowuj\u0105 r\u00f3wnie\u017c informacje o tym, w jaki spos\u00f3b odwiedzaj\u0105cy korzystaj\u0105 z witryny, tworz\u0105c raport analityczny dotycz\u0105cy wydajno\u015bci witryny. Niekt\u00f3re z gromadzonych danych obejmuj\u0105 liczb\u0119 odwiedzaj\u0105cych, ich \u017ar\u00f3d\u0142o i strony, kt\u00f3re odwiedzaj\u0105 anonimowo.     <\/p>\n<p><strong>  8. Dost\u0119pne opcje<\/strong><\/p>\n<p>U\u017cytkownik ma trzy mo\u017cliwo\u015bci. Mo\u017cesz albo zaakceptowa\u0107 wszystkie pliki cookie i inne mechanizmy (&#8220;Akceptuj wszystko&#8221;), co pozwoli Ci uzyska\u0107 dost\u0119p do wszystkich funkcji witryny, albo odrzuci\u0107 niepotrzebne pliki cookie (&#8220;Odrzu\u0107 wszystko&#8221;) lub dostosowa\u0107 opcje dotycz\u0105ce plik\u00f3w cookie (&#8220;Preferencje plik\u00f3w cookie&#8221;). Dwa ostatnie przypadki mog\u0105 znacznie zmniejszy\u0107 komfort korzystania z witryny.    <\/p>\n<p><strong>  9. Jak kontrolowa\u0107 pliki cookie<\/strong><\/p>\n<p>U\u017cytkownik mo\u017ce w dowolnym momencie zablokowa\u0107 instalacj\u0119 plik\u00f3w cookie w swojej przegl\u0105darce. Instrukcje dotycz\u0105ce blokowania, usuwania lub wy\u0142\u0105czania plik\u00f3w cookie mo\u017cna znale\u017a\u0107 w sekcji &#8220;Pomoc&#8221; lub &#8220;Wsparcie&#8221; przegl\u0105darki. Nale\u017cy pami\u0119ta\u0107, \u017ce usuni\u0119cie naszych plik\u00f3w cookie lub wy\u0142\u0105czenie przysz\u0142ych plik\u00f3w cookie mo\u017ce uniemo\u017cliwi\u0107 dost\u0119p do niekt\u00f3rych obszar\u00f3w lub funkcji naszej witryny.  <\/p>\n<p>Aby uzyska\u0107 informacje na temat zarz\u0105dzania plikami cookie i ich blokowania w zale\u017cno\u015bci od przegl\u0105darki, skorzystaj z poni\u017cszych link\u00f3w:<\/p>\n<ul>\n<li><a href=\"https:\/\/support.google.com\/chrome\/answer\/95647?hl=en\">Google Chrome<\/a><\/li>\n<li><a href=\"http:\/\/surl.li\/nczte\">Kraw\u0119d\u017a<\/a><\/li>\n<li><a href=\"https:\/\/support.mozilla.org\/en-US\/kb\/clear-cookies-and-site-data-firefox\">Firefox<\/a><\/li>\n<li><a href=\"https:\/\/support.apple.com\/en-gb\/guide\/safari\/sfri11471\/mac\">Safari<\/a><\/li>\n<li><a href=\"https:\/\/help.opera.com\/en\/latest\/web-preferences\/#cookies\">Opera<\/a><\/li>\n<\/ul>\n<p><strong>  10. Zmiany w niniejszej polityce<\/strong><\/p>\n<p>Od czasu do czasu mo\u017cemy zmienia\u0107 i\/lub aktualizowa\u0107 niniejsz\u0105 Polityk\u0119 dotycz\u0105c\u0105 plik\u00f3w cookie. Je\u015bli niniejsza Polityka dotycz\u0105ca plik\u00f3w cookie ulegnie zmianie, zostanie wskazana data zmiany i\/lub aktualizacji, a je\u015bli zmiany b\u0119d\u0105 znacz\u0105ce, ponownie poprosimy o zgod\u0119 u\u017cytkownika. Polityka dotycz\u0105ca plik\u00f3w cookie, skonfigurowana zgodnie z najnowsz\u0105 modyfikacj\u0105, jest zawsze uwa\u017cana za obowi\u0105zuj\u0105c\u0105.  <\/p>\n<p>Data: 29\/04\/2025<\/p>\n\n<p><\/p>\n","protected":false},"excerpt":{"rendered":"<p>Polityka dotycz\u0105ca plik\u00f3w cookie Spis tre\u015bci Czym s\u0105 pliki cookie Co to jest przegl\u0105darka Pliki cookie i dane osobowe Polityka plik\u00f3w cookie Jakich plik\u00f3w cookie u\u017cywamy na naszej stronie internetowej Niezb\u0119dne pliki cookie Analityczne pliki cookie Dost\u0119pne opcje Jak kontrolowa\u0107 pliki cookie Zmiany w niniejszej Polityce 1. Czym s\u0105 pliki cookie? &#8220;Cookies&#8221; to ma\u0142e pliki&#8230;<\/p>\n","protected":false},"author":1,"featured_media":0,"parent":0,"menu_order":0,"comment_status":"closed","ping_status":"closed","template":"","meta":{"inline_featured_image":false,"footnotes":""},"class_list":["post-18646","page","type-page","status-publish","hentry"],"acf":[],"yoast_head":"<!-- This site is optimized with the Yoast SEO plugin v26.9 - https:\/\/yoast.com\/product\/yoast-seo-wordpress\/ -->\n<title>Polityka dotycz\u0105ca plik\u00f3w cookie - Breezy Site<\/title>\n<meta name=\"robots\" content=\"index, follow, max-snippet:-1, max-image-preview:large, max-video-preview:-1\" \/>\n<link rel=\"canonical\" href=\"https:\/\/breezy.band\/pl-pl\/polityka-dotyczaca-plikow-cookie\/\" \/>\n<meta property=\"og:locale\" content=\"pl_PL\" \/>\n<meta property=\"og:type\" content=\"article\" \/>\n<meta property=\"og:title\" content=\"Polityka dotycz\u0105ca plik\u00f3w cookie - Breezy Site\" \/>\n<meta property=\"og:description\" content=\"Polityka dotycz\u0105ca plik\u00f3w cookie Spis tre\u015bci Czym s\u0105 pliki cookie Co to jest przegl\u0105darka Pliki cookie i dane osobowe Polityka plik\u00f3w cookie Jakich plik\u00f3w cookie u\u017cywamy na naszej stronie internetowej Niezb\u0119dne pliki cookie Analityczne pliki cookie Dost\u0119pne opcje Jak kontrolowa\u0107 pliki cookie Zmiany w niniejszej Polityce 1. Czym s\u0105 pliki cookie? &#8220;Cookies&#8221; to ma\u0142e pliki...\" \/>\n<meta property=\"og:url\" content=\"https:\/\/breezy.band\/pl-pl\/polityka-dotyczaca-plikow-cookie\/\" \/>\n<meta property=\"og:site_name\" content=\"Breezy Site\" \/>\n<meta property=\"article:modified_time\" content=\"2025-05-07T10:13:19+00:00\" \/>\n<meta name=\"twitter:card\" content=\"summary_large_image\" \/>\n<meta name=\"twitter:label1\" content=\"Est. reading time\" \/>\n\t<meta name=\"twitter:data1\" content=\"5 minutes\" \/>\n<script type=\"application\/ld+json\" class=\"yoast-schema-graph\">{\"@context\":\"https:\/\/schema.org\",\"@graph\":[{\"@type\":\"WebPage\",\"@id\":\"https:\/\/breezy.band\/pl-pl\/polityka-dotyczaca-plikow-cookie\/\",\"url\":\"https:\/\/breezy.band\/pl-pl\/polityka-dotyczaca-plikow-cookie\/\",\"name\":\"Polityka dotycz\u0105ca plik\u00f3w cookie - Breezy Site\",\"isPartOf\":{\"@id\":\"https:\/\/breezy.band\/pl-pl\/#website\"},\"datePublished\":\"2025-04-03T12:57:38+00:00\",\"dateModified\":\"2025-05-07T10:13:19+00:00\",\"breadcrumb\":{\"@id\":\"https:\/\/breezy.band\/pl-pl\/polityka-dotyczaca-plikow-cookie\/#breadcrumb\"},\"inLanguage\":\"pl-PL\",\"potentialAction\":[{\"@type\":\"ReadAction\",\"target\":[\"https:\/\/breezy.band\/pl-pl\/polityka-dotyczaca-plikow-cookie\/\"]}]},{\"@type\":\"BreadcrumbList\",\"@id\":\"https:\/\/breezy.band\/pl-pl\/polityka-dotyczaca-plikow-cookie\/#breadcrumb\",\"itemListElement\":[{\"@type\":\"ListItem\",\"position\":1,\"name\":\"Home\",\"item\":\"https:\/\/breezy.band\/pl-pl\/\"},{\"@type\":\"ListItem\",\"position\":2,\"name\":\"Polityka dotycz\u0105ca plik\u00f3w cookie\"}]},{\"@type\":\"WebSite\",\"@id\":\"https:\/\/breezy.band\/pl-pl\/#website\",\"url\":\"https:\/\/breezy.band\/pl-pl\/\",\"name\":\"Breezy\",\"description\":\"Breezy\",\"potentialAction\":[{\"@type\":\"SearchAction\",\"target\":{\"@type\":\"EntryPoint\",\"urlTemplate\":\"https:\/\/breezy.band\/pl-pl\/?s={search_term_string}\"},\"query-input\":{\"@type\":\"PropertyValueSpecification\",\"valueRequired\":true,\"valueName\":\"search_term_string\"}}],\"inLanguage\":\"pl-PL\"}]}<\/script>\n<!-- \/ Yoast SEO plugin. -->","yoast_head_json":{"title":"Polityka dotycz\u0105ca plik\u00f3w cookie - Breezy Site","robots":{"index":"index","follow":"follow","max-snippet":"max-snippet:-1","max-image-preview":"max-image-preview:large","max-video-preview":"max-video-preview:-1"},"canonical":"https:\/\/breezy.band\/pl-pl\/polityka-dotyczaca-plikow-cookie\/","og_locale":"pl_PL","og_type":"article","og_title":"Polityka dotycz\u0105ca plik\u00f3w cookie - Breezy Site","og_description":"Polityka dotycz\u0105ca plik\u00f3w cookie Spis tre\u015bci Czym s\u0105 pliki cookie Co to jest przegl\u0105darka Pliki cookie i dane osobowe Polityka plik\u00f3w cookie Jakich plik\u00f3w cookie u\u017cywamy na naszej stronie internetowej Niezb\u0119dne pliki cookie Analityczne pliki cookie Dost\u0119pne opcje Jak kontrolowa\u0107 pliki cookie Zmiany w niniejszej Polityce 1. Czym s\u0105 pliki cookie? &#8220;Cookies&#8221; to ma\u0142e pliki...","og_url":"https:\/\/breezy.band\/pl-pl\/polityka-dotyczaca-plikow-cookie\/","og_site_name":"Breezy Site","article_modified_time":"2025-05-07T10:13:19+00:00","twitter_card":"summary_large_image","twitter_misc":{"Est. reading time":"5 minutes"},"schema":{"@context":"https:\/\/schema.org","@graph":[{"@type":"WebPage","@id":"https:\/\/breezy.band\/pl-pl\/polityka-dotyczaca-plikow-cookie\/","url":"https:\/\/breezy.band\/pl-pl\/polityka-dotyczaca-plikow-cookie\/","name":"Polityka dotycz\u0105ca plik\u00f3w cookie - Breezy Site","isPartOf":{"@id":"https:\/\/breezy.band\/pl-pl\/#website"},"datePublished":"2025-04-03T12:57:38+00:00","dateModified":"2025-05-07T10:13:19+00:00","breadcrumb":{"@id":"https:\/\/breezy.band\/pl-pl\/polityka-dotyczaca-plikow-cookie\/#breadcrumb"},"inLanguage":"pl-PL","potentialAction":[{"@type":"ReadAction","target":["https:\/\/breezy.band\/pl-pl\/polityka-dotyczaca-plikow-cookie\/"]}]},{"@type":"BreadcrumbList","@id":"https:\/\/breezy.band\/pl-pl\/polityka-dotyczaca-plikow-cookie\/#breadcrumb","itemListElement":[{"@type":"ListItem","position":1,"name":"Home","item":"https:\/\/breezy.band\/pl-pl\/"},{"@type":"ListItem","position":2,"name":"Polityka dotycz\u0105ca plik\u00f3w cookie"}]},{"@type":"WebSite","@id":"https:\/\/breezy.band\/pl-pl\/#website","url":"https:\/\/breezy.band\/pl-pl\/","name":"Breezy","description":"Breezy","potentialAction":[{"@type":"SearchAction","target":{"@type":"EntryPoint","urlTemplate":"https:\/\/breezy.band\/pl-pl\/?s={search_term_string}"},"query-input":{"@type":"PropertyValueSpecification","valueRequired":true,"valueName":"search_term_string"}}],"inLanguage":"pl-PL"}]}},"_links":{"self":[{"href":"https:\/\/breezy.band\/pl-pl\/wp-json\/wp\/v2\/pages\/18646","targetHints":{"allow":["GET"]}}],"collection":[{"href":"https:\/\/breezy.band\/pl-pl\/wp-json\/wp\/v2\/pages"}],"about":[{"href":"https:\/\/breezy.band\/pl-pl\/wp-json\/wp\/v2\/types\/page"}],"author":[{"embeddable":true,"href":"https:\/\/breezy.band\/pl-pl\/wp-json\/wp\/v2\/users\/1"}],"replies":[{"embeddable":true,"href":"https:\/\/breezy.band\/pl-pl\/wp-json\/wp\/v2\/comments?post=18646"}],"version-history":[{"count":1,"href":"https:\/\/breezy.band\/pl-pl\/wp-json\/wp\/v2\/pages\/18646\/revisions"}],"predecessor-version":[{"id":18649,"href":"https:\/\/breezy.band\/pl-pl\/wp-json\/wp\/v2\/pages\/18646\/revisions\/18649"}],"wp:attachment":[{"href":"https:\/\/breezy.band\/pl-pl\/wp-json\/wp\/v2\/media?parent=18646"}],"curies":[{"name":"wp","href":"https:\/\/api.w.org\/{rel}","templated":true}]}}