{"id":18636,"date":"2025-04-09T11:14:07","date_gmt":"2025-04-09T11:14:07","guid":{"rendered":"https:\/\/band.breezyx.space\/polityka-gwarancyjna\/"},"modified":"2025-05-07T10:13:17","modified_gmt":"2025-05-07T10:13:17","slug":"polityka-gwarancyjna","status":"publish","type":"page","link":"https:\/\/breezy.band\/pl-pl\/polityka-gwarancyjna\/","title":{"rendered":"Polityka gwarancyjna"},"content":{"rendered":"\n<h2 class=\"wp-block-heading\"><strong>Polityka gwarancyjna<\/strong><\/h2>\n\n<h2 class=\"wp-block-heading\"><strong>Polityka gwarancyjna<\/strong><\/h2>\n\n<p><\/p>\n\n<h3 class=\"wp-block-heading\"><strong>Postanowienia og\u00f3lne<\/strong><\/h3>\n\n<p>Niniejsze o\u015bwiadczenie gwarancyjne jest wa\u017cne od daty sprzeda\u017cy u\u017cywanego urz\u0105dzenia (urz\u0105dze\u0144) do wyga\u015bni\u0119cia okresu gwarancji na urz\u0105dzenie.<\/p>\n\n<p>Okres gwarancji wynosi 2 (dwa) lata, liczone w miesi\u0105cach, chyba \u017ce przepisy kraju sprzeda\u017cy przewiduj\u0105 inny okres dla urz\u0105dze\u0144 u\u017cywanych. Pocz\u0105tkiem okresu gwarancyjnego jest data zakupu urz\u0105dzenia przez konsumenta ko\u0144cowego. <\/p>\n\n<p>Po up\u0142ywie okresu gwarancji produkt jest naprawiany na zasadach og\u00f3lnych, kt\u00f3re s\u0105 oddzielnie negocjowane i op\u0142acane przez Konsumenta.<\/p>\n\n<p>Stwierdzenia dotycz\u0105ce jako\u015bci akcesori\u00f3w nie stanowi\u0105 podstawy do rozwi\u0105zania umowy sprzeda\u017cy i zwrotu g\u0142\u00f3wnego produktu. Je\u015bli jako\u015b\u0107 dostarczonych akcesori\u00f3w jest niezadowalaj\u0105ca, zostan\u0105 one wymienione lub naprawione. <\/p>\n\n<p>Kupuj\u0105c u\u017cywane urz\u0105dzenie (urz\u0105dzenia), Konsument dobrowolnie akceptuje i zgadza si\u0119 na niniejsze postanowienia gwarancyjne.<\/p>\n\n<p>Producent zastrzega sobie prawo do zmiany warunk\u00f3w serwisu gwarancyjnego bez informowania o tym Konsumenta.<\/p>\n\n<p>Aktualny regulamin <a href=\"https:\/\/breezy.band\/pl-pl\/warunki-gwarancji\/\">dost\u0119pny jest tutaj<\/a>.<\/p>\n\n<p><strong>Okres u\u017cytkowania (dzia\u0142ania) urz\u0105dzenia wynosi 2 (dwa) lata od daty zakupu w sklepie detalicznym przez nabywc\u0119 ko\u0144cowego.<\/strong><\/p>\n\n<h3 class=\"wp-block-heading\"><strong>Obj\u0119te gwarancj\u0105<\/strong> <\/h3>\n\n<p>Gwarancja obejmuje usuni\u0119cie usterek i awarii w dzia\u0142aniu urz\u0105dzenia, kt\u00f3re mog\u0105 pojawi\u0107 si\u0119 podczas eksploatacji urz\u0105dzenia, nie zosta\u0142y spowodowane przez samego konsumenta i nie s\u0105 wymienione w paragrafie &#8220;NIE OBJ\u0118TE GWARANCJ\u0104&#8221;.<\/p>\n\n<h3 class=\"wp-block-heading\"><strong>Nie jest obj\u0119ty gwarancj\u0105  <\/strong><\/h3>\n\n<ul class=\"wp-block-list\">\n<li>Dla ka\u017cdego oprogramowania zainstalowanego na urz\u0105dzeniu, nawet je\u015bli by\u0142o do\u0142\u0105czone do zestawu.<\/li>\n\n\n\n<li>W przypadku cz\u0119\u015bci eksploatacyjnych, takich jak baterie lub pow\u0142oki ochronne, kt\u00f3re z czasem ulegaj\u0105 zu\u017cyciu.<\/li>\n\n\n\n<li>Zmniejszenie pojemno\u015bci baterii, z wyj\u0105tkiem ca\u0142kowitego braku dzia\u0142ania w okresie gwarancyjnym.<\/li>\n\n\n\n<li>Za uszkodzenia kosmetyczne, w tym zadrapania, wgniecenia, odpryski, p\u0119kni\u0119cia i uszkodzenia w obszarze portu.<\/li>\n\n\n\n<li>Za szkody spowodowane u\u017cyciem komponent\u00f3w, produkt\u00f3w, akcesori\u00f3w.<\/li>\n\n\n\n<li>W przypadku uszkodze\u0144 spowodowanych wypadkiem, niew\u0142a\u015bciwym u\u017cytkowaniem urz\u0105dzenia, po\u017carem, trz\u0119sieniem ziemi lub innymi czynnikami zewn\u0119trznymi.<\/li>\n\n\n\n<li>Uszkodzenia elektrotermiczne. W przypadku uszkodze\u0144 spowodowanych skokami napi\u0119cia i przeci\u0105\u017ceniami. <\/li>\n\n\n\n<li>Za uszkodzenia innych urz\u0105dze\u0144 dzia\u0142aj\u0105cych w po\u0142\u0105czeniu z tym produktem.<\/li>\n\n\n\n<li>Zgodno\u015b\u0107 tego produktu z produktami i oprogramowaniem innych firm pod wzgl\u0119dem kompatybilno\u015bci i konfiguracji systemu.<\/li>\n\n\n\n<li>W przypadku uszkodze\u0144 urz\u0105dzenia i\/lub jego komponent\u00f3w spowodowanych wnikni\u0119ciem cieczy, wilgoci, cia\u0142 obcych, owad\u00f3w lub zwierz\u0105t.<\/li>\n\n\n\n<li>W przypadku uszkodze\u0144 spowodowanych normalnym zu\u017cyciem lub starzeniem.<\/li>\n\n\n\n<li>W przypadkach, gdy numer seryjny i\/lub nazwa zosta\u0142y usuni\u0119te lub uszkodzone. Z wyj\u0105tkiem przypadk\u00f3w, w kt\u00f3rych jego u\u017cycie nie jest zamierzone. <\/li>\n\n\n\n<li>Uszkodzenia wynikaj\u0105ce z serwisu (w tym modernizacji i rozbudowy) wykonanego przez osob\u0119 inn\u0105 ni\u017c przedstawiciel firmy lub autoryzowane centrum serwisowe Breezy.<\/li>\n<\/ul>\n\n<h3 class=\"wp-block-heading\"><strong>Obowi\u0105zki konsument\u00f3w  <\/strong><\/h3>\n\n<p>Przy zakupie produktu obowi\u0105zkiem konsumenta jest zapoznanie si\u0119 z postanowieniami dotycz\u0105cymi gwarancji i bezpiecze\u0144stwa.<\/p>\n\n<p>Je\u015bli urz\u0105dzenie umo\u017cliwia przechowywanie oprogramowania, danych lub innych informacji, nale\u017cy okresowo tworzy\u0107 kopie zapasowe informacji zawartych na no\u015bnikach pami\u0119ci urz\u0105dzenia w celu ochrony ich zawarto\u015bci i ochrony przed mo\u017cliwymi awariami operacyjnymi.<\/p>\n\n<p>Nie nale\u017cy pr\u00f3bowa\u0107 otwiera\u0107, demontowa\u0107 ani zdejmowa\u0107 os\u0142on ochronnych z urz\u0105dzenia. Otwarcie urz\u0105dzenia lub zdj\u0119cie os\u0142on ochronnych mo\u017ce spowodowa\u0107 uszkodzenie nieobj\u0119te niniejsz\u0105 gwarancj\u0105. Serwis urz\u0105dzenia powinien by\u0107 wykonywany wy\u0142\u0105cznie przez przedstawiciela firmy lub autoryzowane centrum serwisowe Breezy.  <\/p>\n\n<p>Po otrzymaniu produktu Konsument jest zobowi\u0105zany do sprawdzenia kompletno\u015bci produktu i upewnienia si\u0119, \u017ce opis wad (mechanicznych lub innych) jest zgodny; po przekazaniu produktu Konsumentowi roszczenia z tytu\u0142u tego rodzaju wad i (lub) kompletno\u015bci produktu nie b\u0119d\u0105 uznawane.<\/p>\n\n<h3 class=\"wp-block-heading\"><strong>Przed wys\u0142aniem urz\u0105dzenia do naprawy<\/strong> <\/h3>\n\n<ol class=\"wp-block-list\">\n<li>Utw\u00f3rz kopi\u0119 zapasow\u0105.<\/li>\n\n\n\n<li>Je\u015bli urz\u0105dzenie jest sparowane z zegarkiem, bransoletk\u0105 lub innym akcesorium, roz\u0142\u0105cz par\u0119.<\/li>\n\n\n\n<li>Wy\u0142\u0105cz funkcje wyszukiwania urz\u0105dze\u0144.<\/li>\n\n\n\n<li>Wyloguj si\u0119 ze swoich kont.\n<ul class=\"wp-block-list\">\n<li>Dla iOS &#8211; iCloud, App Store, iTunes Store<\/li>\n\n\n\n<li>Dla systemu Android &#8211; Google i inni<\/li>\n<\/ul>\n<\/li>\n\n\n\n<li>Wy\u0142\u0105cz blokad\u0119 ekranu\/has\u0142o ustawie\u0144<\/li>\n\n\n\n<li>Zresetowa\u0107 urz\u0105dzenie, usuwaj\u0105c dane i ustawienia.<\/li>\n<\/ol>\n\n<p>Szczeg\u00f3\u0142owe informacje na temat przygotowania urz\u0105dzenia przed wys\u0142aniem go do naprawy mo\u017cna znale\u017a\u0107 <a href=\"https:\/\/ref.breezy.band\/prepare-to-repair\/\">tutaj<\/a>.<\/p>\n\n<section id=\"quote-block-simple-block_ac24e66aab2ede322052f8e527dad7fe\" class=\"quote-block-simple   alignfull\">\n  <div class=\"quote-block-simple__inner container\">\n    \n    <div class=\"quote-block-simple__content\" data-aos=\"fade-in\" data-aos-delay=\"300\" data-aos-duration=\"700\">\n      <svg width=\"46\" height=\"40\" viewBox=\"0 0 46 40\" fill=\"none\" xmlns=\"http:\/\/www.w3.org\/2000\/svg\">\n        <path fill-rule=\"evenodd\" clip-rule=\"evenodd\" d=\"M0.845333 40H6.53493H11.8074L26.0305 0H14.996L3.78618 31.5166L0.845333 40Z\" fill=\"url(#paint0_linear_1189_566)\" \/>\n        <path fill-rule=\"evenodd\" clip-rule=\"evenodd\" d=\"M19.9694 40H25.659H30.9315L45.1546 0H34.1201L22.9103 31.5166L19.9694 40Z\" fill=\"url(#paint1_linear_1189_566)\" \/>\n        <defs>\n          <linearGradient id=\"paint0_linear_1189_566\" x1=\"0.575972\" y1=\"39.798\" x2=\"15.1888\" y2=\"0.20209\" gradientUnits=\"userSpaceOnUse\">\n            <stop offset=\"0.126456\" stop-color=\"#00C4FF\" stop-opacity=\"0\" \/>\n            <stop offset=\"0.679594\" stop-color=\"#00C4FF\" \/>\n            <stop offset=\"1\" stop-color=\"#00C4FF\" \/>\n          <\/linearGradient>\n          <linearGradient id=\"paint1_linear_1189_566\" x1=\"19.7001\" y1=\"39.798\" x2=\"34.3129\" y2=\"0.20209\" gradientUnits=\"userSpaceOnUse\">\n            <stop offset=\"0.126456\" stop-color=\"#00C4FF\" stop-opacity=\"0\" \/>\n            <stop offset=\"0.679594\" stop-color=\"#00C4FF\" \/>\n            <stop offset=\"1\" stop-color=\"#00C4FF\" \/>\n          <\/linearGradient>\n        <\/defs>\n      <\/svg>\n\n            <div class=\"quote-block-simple__content-text h4\">\n        <p><strong>WA\u017bNE!<\/strong><\/p>\n<p>Podczas konserwacji wszystkie dane mog\u0105 zosta\u0107 usuni\u0119te z urz\u0105dzenia.<\/p>\n<p>Centrum serwisowe, sprzedawca, producent, firma Breezy nie ponosi odpowiedzialno\u015bci za utrat\u0119 danych u\u017cytkownika lub ich uszkodzenie.<\/p>\n      <\/div>\n      \n\n    <\/div>\n  <\/div>\n<\/section>\n\n<h3 class=\"wp-block-heading\"><strong>Metody dostawy<\/strong><\/h3>\n\n<ol class=\"wp-block-list\">\n<li>Skontaktuj si\u0119 ze sprzedawc\u0105.<\/li>\n\n\n\n<li>Skontaktuj si\u0119 z centrum serwisowym Breezy, je\u015bli jest ono dost\u0119pne w Twoim kraju.<\/li>\n\n\n\n<li>Wy\u015blij poczt\u0105 na adres Breezy. Dost\u0119pne tylko w UE (Unia Europejska). <\/li>\n<\/ol>\n\n<h3 class=\"wp-block-heading\"><strong>Obowi\u0105zki producenta i\/lub sprzedawcy Breezy <\/strong> <\/h3>\n\n<p>Je\u015bli w okresie gwarancyjnym produktu u\u017cytkownik wy\u015ble roszczenie do Breezy i\/lub do sprzedawcy detalicznego zgodnie z warunkami gwarancji, Breezy, wed\u0142ug w\u0142asnego uznania, mo\u017ce:<\/p>\n\n<ol class=\"wp-block-list\">\n<li><strong>Naprawa urz\u0105dzenia<\/strong>. Podczas naprawy mog\u0105 by\u0107 u\u017cywane nowe, u\u017cywane lub podobne cz\u0119\u015bci i komponenty. <\/li>\n\n\n\n<li><strong>Wymieni\u0107 urz\u0105dzenie<\/strong> na takie samo lub, za zgod\u0105 klienta, na podobne dost\u0119pne u producenta Breezy lub sprzedawcy. Produktem podobnym b\u0119dzie u\u017cywane urz\u0105dzenie tej samej marki, co zakupione przez konsumenta, w tym posiadaj\u0105ce wad\u0119 (wady) i odpowiadaj\u0105ce klasie wymienianego urz\u0105dzenia. <\/li>\n\n\n\n<li><strong>Zwrot wydanych pieni\u0119dzy<\/strong> po zwr\u00f3ceniu urz\u0105dzenia.<\/li>\n<\/ol>\n\n<p>W przypadku wymiany lub zwrotu, wymienione lub zwr\u00f3cone urz\u0105dzenie staje si\u0119 w\u0142asno\u015bci\u0105 Breezy.<\/p>\n\n<p>Okres gwarancji zostaje przed\u0142u\u017cony o czas trwania naprawy, ale nie obejmuje czasu dostawy do i z naprawy.<\/p>\n\n<p>Okres naprawy gwarancyjnej wynosi do 14 dni od daty dostarczenia urz\u0105dzenia do centrum serwisowego. Je\u015bli centrum serwisowe nie posiada cz\u0119\u015bci zamiennych w magazynie, okres gwarancji na napraw\u0119 mo\u017ce wynosi\u0107 do 30 dni. <\/p>\n\n<p><a href=\"https:\/\/ref.breezy.band\/warranty\/\">ZG\u0141OSZENIE ROSZCZENIA GWARANCYJNEGO<\/a><\/p>\n\n<p><a href=\"https:\/\/breezy.band\/pl-pl\/instrukcje-bezpieczenstwa\/\">INSTRUKCJE BEZPIECZE\u0143STWA<\/a><\/p>\n\n<p><a href=\"https:\/\/breezy.band\/pl-pl\/wykorzystanie-recyklingu\/\">RECYKLING I UTYLIZACJA<\/a><\/p>\n\n<p><\/p>\n","protected":false},"excerpt":{"rendered":"<p>Polityka gwarancyjna Polityka gwarancyjna Postanowienia og\u00f3lne Niniejsze o\u015bwiadczenie gwarancyjne jest wa\u017cne od daty sprzeda\u017cy u\u017cywanego urz\u0105dzenia (urz\u0105dze\u0144) do wyga\u015bni\u0119cia okresu gwarancji na urz\u0105dzenie. Okres gwarancji wynosi 2 (dwa) lata, liczone w miesi\u0105cach, chyba \u017ce przepisy kraju sprzeda\u017cy przewiduj\u0105 inny okres dla urz\u0105dze\u0144 u\u017cywanych. Pocz\u0105tkiem okresu gwarancyjnego jest data zakupu urz\u0105dzenia przez konsumenta ko\u0144cowego. Po up\u0142ywie&#8230;<\/p>\n","protected":false},"author":1,"featured_media":0,"parent":0,"menu_order":0,"comment_status":"closed","ping_status":"closed","template":"","meta":{"inline_featured_image":false,"footnotes":""},"class_list":["post-18636","page","type-page","status-publish","hentry"],"acf":[],"yoast_head":"<!-- This site is optimized with the Yoast SEO plugin v26.9 - https:\/\/yoast.com\/product\/yoast-seo-wordpress\/ -->\n<title>Polityka gwarancyjna - Breezy Site<\/title>\n<meta name=\"robots\" content=\"index, follow, max-snippet:-1, max-image-preview:large, max-video-preview:-1\" \/>\n<link rel=\"canonical\" href=\"https:\/\/breezy.band\/pl-pl\/polityka-gwarancyjna\/\" \/>\n<meta property=\"og:locale\" content=\"pl_PL\" \/>\n<meta property=\"og:type\" content=\"article\" \/>\n<meta property=\"og:title\" content=\"Polityka gwarancyjna - Breezy Site\" \/>\n<meta property=\"og:description\" content=\"Polityka gwarancyjna Polityka gwarancyjna Postanowienia og\u00f3lne Niniejsze o\u015bwiadczenie gwarancyjne jest wa\u017cne od daty sprzeda\u017cy u\u017cywanego urz\u0105dzenia (urz\u0105dze\u0144) do wyga\u015bni\u0119cia okresu gwarancji na urz\u0105dzenie. Okres gwarancji wynosi 2 (dwa) lata, liczone w miesi\u0105cach, chyba \u017ce przepisy kraju sprzeda\u017cy przewiduj\u0105 inny okres dla urz\u0105dze\u0144 u\u017cywanych. Pocz\u0105tkiem okresu gwarancyjnego jest data zakupu urz\u0105dzenia przez konsumenta ko\u0144cowego. Po up\u0142ywie...\" \/>\n<meta property=\"og:url\" content=\"https:\/\/breezy.band\/pl-pl\/polityka-gwarancyjna\/\" \/>\n<meta property=\"og:site_name\" content=\"Breezy Site\" \/>\n<meta property=\"article:modified_time\" content=\"2025-05-07T10:13:17+00:00\" \/>\n<meta name=\"twitter:card\" content=\"summary_large_image\" \/>\n<meta name=\"twitter:label1\" content=\"Est. reading time\" \/>\n\t<meta name=\"twitter:data1\" content=\"5 minutes\" \/>\n<script type=\"application\/ld+json\" class=\"yoast-schema-graph\">{\"@context\":\"https:\/\/schema.org\",\"@graph\":[{\"@type\":\"WebPage\",\"@id\":\"https:\/\/breezy.band\/pl-pl\/polityka-gwarancyjna\/\",\"url\":\"https:\/\/breezy.band\/pl-pl\/polityka-gwarancyjna\/\",\"name\":\"Polityka gwarancyjna - Breezy Site\",\"isPartOf\":{\"@id\":\"https:\/\/breezy.band\/pl-pl\/#website\"},\"datePublished\":\"2025-04-09T11:14:07+00:00\",\"dateModified\":\"2025-05-07T10:13:17+00:00\",\"breadcrumb\":{\"@id\":\"https:\/\/breezy.band\/pl-pl\/polityka-gwarancyjna\/#breadcrumb\"},\"inLanguage\":\"pl-PL\",\"potentialAction\":[{\"@type\":\"ReadAction\",\"target\":[\"https:\/\/breezy.band\/pl-pl\/polityka-gwarancyjna\/\"]}]},{\"@type\":\"BreadcrumbList\",\"@id\":\"https:\/\/breezy.band\/pl-pl\/polityka-gwarancyjna\/#breadcrumb\",\"itemListElement\":[{\"@type\":\"ListItem\",\"position\":1,\"name\":\"Home\",\"item\":\"https:\/\/breezy.band\/pl-pl\/\"},{\"@type\":\"ListItem\",\"position\":2,\"name\":\"Polityka gwarancyjna\"}]},{\"@type\":\"WebSite\",\"@id\":\"https:\/\/breezy.band\/pl-pl\/#website\",\"url\":\"https:\/\/breezy.band\/pl-pl\/\",\"name\":\"Breezy\",\"description\":\"Breezy\",\"potentialAction\":[{\"@type\":\"SearchAction\",\"target\":{\"@type\":\"EntryPoint\",\"urlTemplate\":\"https:\/\/breezy.band\/pl-pl\/?s={search_term_string}\"},\"query-input\":{\"@type\":\"PropertyValueSpecification\",\"valueRequired\":true,\"valueName\":\"search_term_string\"}}],\"inLanguage\":\"pl-PL\"}]}<\/script>\n<!-- \/ Yoast SEO plugin. -->","yoast_head_json":{"title":"Polityka gwarancyjna - Breezy Site","robots":{"index":"index","follow":"follow","max-snippet":"max-snippet:-1","max-image-preview":"max-image-preview:large","max-video-preview":"max-video-preview:-1"},"canonical":"https:\/\/breezy.band\/pl-pl\/polityka-gwarancyjna\/","og_locale":"pl_PL","og_type":"article","og_title":"Polityka gwarancyjna - Breezy Site","og_description":"Polityka gwarancyjna Polityka gwarancyjna Postanowienia og\u00f3lne Niniejsze o\u015bwiadczenie gwarancyjne jest wa\u017cne od daty sprzeda\u017cy u\u017cywanego urz\u0105dzenia (urz\u0105dze\u0144) do wyga\u015bni\u0119cia okresu gwarancji na urz\u0105dzenie. Okres gwarancji wynosi 2 (dwa) lata, liczone w miesi\u0105cach, chyba \u017ce przepisy kraju sprzeda\u017cy przewiduj\u0105 inny okres dla urz\u0105dze\u0144 u\u017cywanych. Pocz\u0105tkiem okresu gwarancyjnego jest data zakupu urz\u0105dzenia przez konsumenta ko\u0144cowego. Po up\u0142ywie...","og_url":"https:\/\/breezy.band\/pl-pl\/polityka-gwarancyjna\/","og_site_name":"Breezy Site","article_modified_time":"2025-05-07T10:13:17+00:00","twitter_card":"summary_large_image","twitter_misc":{"Est. reading time":"5 minutes"},"schema":{"@context":"https:\/\/schema.org","@graph":[{"@type":"WebPage","@id":"https:\/\/breezy.band\/pl-pl\/polityka-gwarancyjna\/","url":"https:\/\/breezy.band\/pl-pl\/polityka-gwarancyjna\/","name":"Polityka gwarancyjna - Breezy Site","isPartOf":{"@id":"https:\/\/breezy.band\/pl-pl\/#website"},"datePublished":"2025-04-09T11:14:07+00:00","dateModified":"2025-05-07T10:13:17+00:00","breadcrumb":{"@id":"https:\/\/breezy.band\/pl-pl\/polityka-gwarancyjna\/#breadcrumb"},"inLanguage":"pl-PL","potentialAction":[{"@type":"ReadAction","target":["https:\/\/breezy.band\/pl-pl\/polityka-gwarancyjna\/"]}]},{"@type":"BreadcrumbList","@id":"https:\/\/breezy.band\/pl-pl\/polityka-gwarancyjna\/#breadcrumb","itemListElement":[{"@type":"ListItem","position":1,"name":"Home","item":"https:\/\/breezy.band\/pl-pl\/"},{"@type":"ListItem","position":2,"name":"Polityka gwarancyjna"}]},{"@type":"WebSite","@id":"https:\/\/breezy.band\/pl-pl\/#website","url":"https:\/\/breezy.band\/pl-pl\/","name":"Breezy","description":"Breezy","potentialAction":[{"@type":"SearchAction","target":{"@type":"EntryPoint","urlTemplate":"https:\/\/breezy.band\/pl-pl\/?s={search_term_string}"},"query-input":{"@type":"PropertyValueSpecification","valueRequired":true,"valueName":"search_term_string"}}],"inLanguage":"pl-PL"}]}},"_links":{"self":[{"href":"https:\/\/breezy.band\/pl-pl\/wp-json\/wp\/v2\/pages\/18636","targetHints":{"allow":["GET"]}}],"collection":[{"href":"https:\/\/breezy.band\/pl-pl\/wp-json\/wp\/v2\/pages"}],"about":[{"href":"https:\/\/breezy.band\/pl-pl\/wp-json\/wp\/v2\/types\/page"}],"author":[{"embeddable":true,"href":"https:\/\/breezy.band\/pl-pl\/wp-json\/wp\/v2\/users\/1"}],"replies":[{"embeddable":true,"href":"https:\/\/breezy.band\/pl-pl\/wp-json\/wp\/v2\/comments?post=18636"}],"version-history":[{"count":3,"href":"https:\/\/breezy.band\/pl-pl\/wp-json\/wp\/v2\/pages\/18636\/revisions"}],"predecessor-version":[{"id":18683,"href":"https:\/\/breezy.band\/pl-pl\/wp-json\/wp\/v2\/pages\/18636\/revisions\/18683"}],"wp:attachment":[{"href":"https:\/\/breezy.band\/pl-pl\/wp-json\/wp\/v2\/media?parent=18636"}],"curies":[{"name":"wp","href":"https:\/\/api.w.org\/{rel}","templated":true}]}}