{"id":18627,"date":"2025-04-29T12:57:19","date_gmt":"2025-04-29T12:57:19","guid":{"rendered":"https:\/\/band.breezyx.space\/warunki-gwarancji\/"},"modified":"2025-05-07T10:13:14","modified_gmt":"2025-05-07T10:13:14","slug":"warunki-gwarancji","status":"publish","type":"page","link":"https:\/\/breezy.band\/pl-pl\/warunki-gwarancji\/","title":{"rendered":"Warunki gwarancji"},"content":{"rendered":"\n<h2 class=\"wp-block-heading\">Breezy Warunki gwarancji<\/h2>\n\n<p><\/p>\n\n<h2 class=\"wp-block-heading\">Breezy Warunki gwarancji<\/h2>\n\n<p><\/p>\n\n<ol class=\"wp-block-list\">\n<li>Postanowienia niniejszej umowy gwarancyjnej (&#8220;Warunki Gwarancji&#8221;) na produkty u\u017cywane (&#8220;Produkty&#8221;) reguluj\u0105 stosunki mi\u0119dzy Sprzedawc\u0105, Centrum Serwisowym i Klientem i obowi\u0105zuj\u0105 od daty sprzeda\u017cy Produktu do up\u0142ywu ustalonego okresu gwarancji.<\/li>\n\n\n\n<li>Po ich otrzymaniu Klient powinien przeczyta\u0107, zrozumie\u0107 i zaakceptowa\u0107 niniejsze Warunki Gwarancji, w przeciwnym razie wszelkie zobowi\u0105zania gwarancyjne zostan\u0105 uniewa\u017cnione.<\/li>\n\n\n\n<li>Warunki Gwarancji maj\u0105 zastosowanie do produktu, kt\u00f3rego jako\u015b\u0107 (produkt u\u017cywany) zosta\u0142a okre\u015blona w karcie gwarancyjnej.<\/li>\n\n\n\n<li>Okres gwarancji dla ka\u017cdego Produktu b\u0119dzie ustalany indywidualnie, licz\u0105c w miesi\u0105cach od daty wskazanej w karcie gwarancyjnej. Po up\u0142ywie okresu gwarancyjnego Produkt b\u0119dzie podlega\u0142 og\u00f3lnym zasadom naprawy, kt\u00f3re zostan\u0105 wynegocjowane z Klientem, a wszelkie naprawy b\u0119d\u0105 p\u0142atne przez Klienta. <\/li>\n\n\n\n<li>Przy odbiorze Klient powinien sprawdzi\u0107 zawarto\u015b\u0107 opakowania Produktu i upewni\u0107 si\u0119, \u017ce wszelkie wady (mechaniczne lub inne) zosta\u0142y prawid\u0142owo okre\u015blone; po zaakceptowaniu nie b\u0119d\u0105 uznawane \u017cadne roszczenia Klienta zwi\u0105zane z okre\u015blonymi wadami i\/lub brakuj\u0105cymi komponentami.<\/li>\n\n\n\n<li>Okres naprawy gwarancyjnej nie mo\u017ce przekroczy\u0107 14 dni od daty kontaktu lub przekazania Produktu do Centrum Serwisowego. W przypadku braku cz\u0119\u015bci zamiennych do Produktu w magazynie Centrum Serwisowego, okres naprawy gwarancyjnej mo\u017ce wyd\u0142u\u017cy\u0107 si\u0119 do 30 dni. <\/li>\n\n\n\n<li>W przypadku stwierdzenia, \u017ce Produkt nie nadaje si\u0119 do naprawy po usuni\u0119ciu usterki, dostarczony zostanie podobny produkt zast\u0119pczy. W przypadku braku podobnego produktu w magazynie Centrum Serwisowego, Klientowi zostanie wydany Protok\u00f3\u0142 Przegl\u0105du Wady Gwarancyjnej. Podobny produkt oznacza u\u017cywane zaawansowane technologicznie urz\u0105dzenie domowe tej samej marki, co zakupione przez Klienta, w tym ka\u017cdy produkt posiadaj\u0105cy wady.  <\/li>\n<\/ol>\n\n<p>Akcesoria niskiej jako\u015bci nie stanowi\u0105 wa\u017cnego powodu rozwi\u0105zania umowy sprzeda\u017cy i zwrotu oryginalnego Produktu. Wszelkie akcesoria niskiej jako\u015bci, kt\u00f3re stanowi\u0105 cz\u0119\u015b\u0107 zestawu produktu, zostan\u0105 wymienione lub naprawione. <\/p>\n\n<p>Klient wy\u0142\u0105czy wszystkie funkcje bezpiecze\u0144stwa (blokad\u0119 ekranu, funkcje lokalizatora, funkcj\u0119 wzajemnego po\u0142\u0105czenia itp.<\/p>\n\n<p>W ramach serwisu gwarancyjnego mo\u017ce by\u0107 konieczne sformatowanie dysku twardego Produktu; Centrum Serwisowe nie ponosi odpowiedzialno\u015bci za utrat\u0119 lub uszkodzenie danych u\u017cytkownika.<\/p>\n\n<h3 class=\"wp-block-heading\">Warunki Gwarancji b\u0119d\u0105 niewa\u017cne w przypadku, gdy:<\/h3>\n\n<ol class=\"wp-block-list\">\n<li>Numer seryjny Produktu wskazany w karcie gwarancyjnej nie jest zgodny z numerem seryjnym wygrawerowanym na Produkcie i\/lub brakuje go, chyba \u017ce producent nie poda\u0142 numeru seryjnego;<\/li>\n\n\n\n<li>Produkt i\/lub jego komponenty by\u0142y naprawiane przez osoby nieupowa\u017cnione;<\/li>\n\n\n\n<li>Uszkodzenie i\/lub awaria Produktu s\u0105 spowodowane nieprawid\u0142owymi dzia\u0142aniami Klienta;<\/li>\n\n\n\n<li>Produkt i\/lub jego komponenty ulegaj\u0105 uszkodzeniu w wyniku wnikni\u0119cia cia\u0142 obcych, przedmiot\u00f3w obcych, substancji, p\u0142yn\u00f3w, owad\u00f3w i\/lub zwierz\u0105t, a tak\u017ce w wyniku oddzia\u0142ywania termicznego lub elektrycznego spowodowanego spadkami napi\u0119cia.<\/li>\n<\/ol>\n\n<h3 class=\"wp-block-heading\">Gwarancja nie obejmuje:  <\/h3>\n\n<ul class=\"wp-block-list\">\n<li>jakiegokolwiek spadku pojemno\u015bci akumulatora (Warunki Gwarancji maj\u0105 zastosowanie wy\u0142\u0105cznie w przypadku ca\u0142kowitej awarii akumulatora);<\/li>\n\n\n\n<li>wszystkie rodzaje oprogramowania, zar\u00f3wno preinstalowane, jak i zainstalowane w inny spos\u00f3b;<\/li>\n\n\n\n<li>wszelkie uszkodzenia innych urz\u0105dze\u0144 wsp\u00f3\u0142pracuj\u0105cych z tym Produktem;<\/li>\n\n\n\n<li>wszelkie szkody spowodowane nieprzestrzeganiem standardowych parametr\u00f3w zasilania, telekomunikacji, sieci kablowych i innych podobnych czynnik\u00f3w zewn\u0119trznych;<\/li>\n\n\n\n<li>wszelkie uszkodzenia spowodowane przez napi\u0119cie kontaktowe o nieprzewidzianych warto\u015bciach i\/lub polaryzacji;<\/li>\n\n\n\n<li>wszelkie uszkodzenia spowodowane u\u017cyciem nietypowych lub nieregularnych materia\u0142\u00f3w i cz\u0119\u015bci zamiennych;<\/li>\n\n\n\n<li>kompatybilno\u015b\u0107 z produktami i oprogramowaniem innych firm w zakresie funkcji kompatybilno\u015bci i konfiguracji systemu.<\/li>\n<\/ul>\n\n<p>Zwrot koszt\u00f3w i\/lub wymiana nie b\u0119d\u0105 dokonywane w przypadku Produkt\u00f3w o innej jako\u015bci ni\u017c te dost\u0119pne w sprzeda\u017cy.<\/p>\n\n<p>Producent i\/lub Sprzedawca i\/lub Centrum Serwisowe zastrzega sobie prawo do zmiany warunk\u00f3w gwarancji wed\u0142ug w\u0142asnego uznania bez specjalnego powiadomienia Klienta.<\/p>\n","protected":false},"excerpt":{"rendered":"<p>Breezy Warunki gwarancji Breezy Warunki gwarancji Akcesoria niskiej jako\u015bci nie stanowi\u0105 wa\u017cnego powodu rozwi\u0105zania umowy sprzeda\u017cy i zwrotu oryginalnego Produktu. Wszelkie akcesoria niskiej jako\u015bci, kt\u00f3re stanowi\u0105 cz\u0119\u015b\u0107 zestawu produktu, zostan\u0105 wymienione lub naprawione. Klient wy\u0142\u0105czy wszystkie funkcje bezpiecze\u0144stwa (blokad\u0119 ekranu, funkcje lokalizatora, funkcj\u0119 wzajemnego po\u0142\u0105czenia itp. W ramach serwisu gwarancyjnego mo\u017ce by\u0107 konieczne sformatowanie dysku&#8230;<\/p>\n","protected":false},"author":1,"featured_media":0,"parent":0,"menu_order":0,"comment_status":"closed","ping_status":"closed","template":"","meta":{"inline_featured_image":false,"footnotes":""},"class_list":["post-18627","page","type-page","status-publish","hentry"],"acf":[],"yoast_head":"<!-- This site is optimized with the Yoast SEO plugin v26.9 - https:\/\/yoast.com\/product\/yoast-seo-wordpress\/ -->\n<title>Warunki gwarancji - Breezy Site<\/title>\n<meta name=\"robots\" content=\"index, follow, max-snippet:-1, max-image-preview:large, max-video-preview:-1\" \/>\n<link rel=\"canonical\" href=\"https:\/\/breezy.band\/pl-pl\/warunki-gwarancji\/\" \/>\n<meta property=\"og:locale\" content=\"pl_PL\" \/>\n<meta property=\"og:type\" content=\"article\" \/>\n<meta property=\"og:title\" content=\"Warunki gwarancji - Breezy Site\" \/>\n<meta property=\"og:description\" content=\"Breezy Warunki gwarancji Breezy Warunki gwarancji Akcesoria niskiej jako\u015bci nie stanowi\u0105 wa\u017cnego powodu rozwi\u0105zania umowy sprzeda\u017cy i zwrotu oryginalnego Produktu. Wszelkie akcesoria niskiej jako\u015bci, kt\u00f3re stanowi\u0105 cz\u0119\u015b\u0107 zestawu produktu, zostan\u0105 wymienione lub naprawione. Klient wy\u0142\u0105czy wszystkie funkcje bezpiecze\u0144stwa (blokad\u0119 ekranu, funkcje lokalizatora, funkcj\u0119 wzajemnego po\u0142\u0105czenia itp. W ramach serwisu gwarancyjnego mo\u017ce by\u0107 konieczne sformatowanie dysku...\" \/>\n<meta property=\"og:url\" content=\"https:\/\/breezy.band\/pl-pl\/warunki-gwarancji\/\" \/>\n<meta property=\"og:site_name\" content=\"Breezy Site\" \/>\n<meta property=\"article:modified_time\" content=\"2025-05-07T10:13:14+00:00\" \/>\n<meta name=\"twitter:card\" content=\"summary_large_image\" \/>\n<meta name=\"twitter:label1\" content=\"Est. reading time\" \/>\n\t<meta name=\"twitter:data1\" content=\"3 minutes\" \/>\n<script type=\"application\/ld+json\" class=\"yoast-schema-graph\">{\"@context\":\"https:\/\/schema.org\",\"@graph\":[{\"@type\":\"WebPage\",\"@id\":\"https:\/\/breezy.band\/pl-pl\/warunki-gwarancji\/\",\"url\":\"https:\/\/breezy.band\/pl-pl\/warunki-gwarancji\/\",\"name\":\"Warunki gwarancji - Breezy Site\",\"isPartOf\":{\"@id\":\"https:\/\/breezy.band\/pl-pl\/#website\"},\"datePublished\":\"2025-04-29T12:57:19+00:00\",\"dateModified\":\"2025-05-07T10:13:14+00:00\",\"breadcrumb\":{\"@id\":\"https:\/\/breezy.band\/pl-pl\/warunki-gwarancji\/#breadcrumb\"},\"inLanguage\":\"pl-PL\",\"potentialAction\":[{\"@type\":\"ReadAction\",\"target\":[\"https:\/\/breezy.band\/pl-pl\/warunki-gwarancji\/\"]}]},{\"@type\":\"BreadcrumbList\",\"@id\":\"https:\/\/breezy.band\/pl-pl\/warunki-gwarancji\/#breadcrumb\",\"itemListElement\":[{\"@type\":\"ListItem\",\"position\":1,\"name\":\"Home\",\"item\":\"https:\/\/breezy.band\/pl-pl\/\"},{\"@type\":\"ListItem\",\"position\":2,\"name\":\"Warunki gwarancji\"}]},{\"@type\":\"WebSite\",\"@id\":\"https:\/\/breezy.band\/pl-pl\/#website\",\"url\":\"https:\/\/breezy.band\/pl-pl\/\",\"name\":\"Breezy\",\"description\":\"Breezy\",\"potentialAction\":[{\"@type\":\"SearchAction\",\"target\":{\"@type\":\"EntryPoint\",\"urlTemplate\":\"https:\/\/breezy.band\/pl-pl\/?s={search_term_string}\"},\"query-input\":{\"@type\":\"PropertyValueSpecification\",\"valueRequired\":true,\"valueName\":\"search_term_string\"}}],\"inLanguage\":\"pl-PL\"}]}<\/script>\n<!-- \/ Yoast SEO plugin. -->","yoast_head_json":{"title":"Warunki gwarancji - Breezy Site","robots":{"index":"index","follow":"follow","max-snippet":"max-snippet:-1","max-image-preview":"max-image-preview:large","max-video-preview":"max-video-preview:-1"},"canonical":"https:\/\/breezy.band\/pl-pl\/warunki-gwarancji\/","og_locale":"pl_PL","og_type":"article","og_title":"Warunki gwarancji - Breezy Site","og_description":"Breezy Warunki gwarancji Breezy Warunki gwarancji Akcesoria niskiej jako\u015bci nie stanowi\u0105 wa\u017cnego powodu rozwi\u0105zania umowy sprzeda\u017cy i zwrotu oryginalnego Produktu. Wszelkie akcesoria niskiej jako\u015bci, kt\u00f3re stanowi\u0105 cz\u0119\u015b\u0107 zestawu produktu, zostan\u0105 wymienione lub naprawione. Klient wy\u0142\u0105czy wszystkie funkcje bezpiecze\u0144stwa (blokad\u0119 ekranu, funkcje lokalizatora, funkcj\u0119 wzajemnego po\u0142\u0105czenia itp. W ramach serwisu gwarancyjnego mo\u017ce by\u0107 konieczne sformatowanie dysku...","og_url":"https:\/\/breezy.band\/pl-pl\/warunki-gwarancji\/","og_site_name":"Breezy Site","article_modified_time":"2025-05-07T10:13:14+00:00","twitter_card":"summary_large_image","twitter_misc":{"Est. reading time":"3 minutes"},"schema":{"@context":"https:\/\/schema.org","@graph":[{"@type":"WebPage","@id":"https:\/\/breezy.band\/pl-pl\/warunki-gwarancji\/","url":"https:\/\/breezy.band\/pl-pl\/warunki-gwarancji\/","name":"Warunki gwarancji - Breezy Site","isPartOf":{"@id":"https:\/\/breezy.band\/pl-pl\/#website"},"datePublished":"2025-04-29T12:57:19+00:00","dateModified":"2025-05-07T10:13:14+00:00","breadcrumb":{"@id":"https:\/\/breezy.band\/pl-pl\/warunki-gwarancji\/#breadcrumb"},"inLanguage":"pl-PL","potentialAction":[{"@type":"ReadAction","target":["https:\/\/breezy.band\/pl-pl\/warunki-gwarancji\/"]}]},{"@type":"BreadcrumbList","@id":"https:\/\/breezy.band\/pl-pl\/warunki-gwarancji\/#breadcrumb","itemListElement":[{"@type":"ListItem","position":1,"name":"Home","item":"https:\/\/breezy.band\/pl-pl\/"},{"@type":"ListItem","position":2,"name":"Warunki gwarancji"}]},{"@type":"WebSite","@id":"https:\/\/breezy.band\/pl-pl\/#website","url":"https:\/\/breezy.band\/pl-pl\/","name":"Breezy","description":"Breezy","potentialAction":[{"@type":"SearchAction","target":{"@type":"EntryPoint","urlTemplate":"https:\/\/breezy.band\/pl-pl\/?s={search_term_string}"},"query-input":{"@type":"PropertyValueSpecification","valueRequired":true,"valueName":"search_term_string"}}],"inLanguage":"pl-PL"}]}},"_links":{"self":[{"href":"https:\/\/breezy.band\/pl-pl\/wp-json\/wp\/v2\/pages\/18627","targetHints":{"allow":["GET"]}}],"collection":[{"href":"https:\/\/breezy.band\/pl-pl\/wp-json\/wp\/v2\/pages"}],"about":[{"href":"https:\/\/breezy.band\/pl-pl\/wp-json\/wp\/v2\/types\/page"}],"author":[{"embeddable":true,"href":"https:\/\/breezy.band\/pl-pl\/wp-json\/wp\/v2\/users\/1"}],"replies":[{"embeddable":true,"href":"https:\/\/breezy.band\/pl-pl\/wp-json\/wp\/v2\/comments?post=18627"}],"version-history":[{"count":1,"href":"https:\/\/breezy.band\/pl-pl\/wp-json\/wp\/v2\/pages\/18627\/revisions"}],"predecessor-version":[{"id":18629,"href":"https:\/\/breezy.band\/pl-pl\/wp-json\/wp\/v2\/pages\/18627\/revisions\/18629"}],"wp:attachment":[{"href":"https:\/\/breezy.band\/pl-pl\/wp-json\/wp\/v2\/media?parent=18627"}],"curies":[{"name":"wp","href":"https:\/\/api.w.org\/{rel}","templated":true}]}}