{"id":18673,"date":"2025-04-09T11:14:07","date_gmt":"2025-04-09T11:14:07","guid":{"rendered":"https:\/\/band.breezyx.space\/politica-de-garantie\/"},"modified":"2025-05-07T10:13:16","modified_gmt":"2025-05-07T10:13:16","slug":"politica-de-garantie","status":"publish","type":"page","link":"https:\/\/breezy.band\/md-ro\/politica-de-garantie\/","title":{"rendered":"Politica de garan\u021bie"},"content":{"rendered":"\n<h2 class=\"wp-block-heading\"><strong>Politica de garan\u021bie<\/strong><\/h2>\n\n<h2 class=\"wp-block-heading\"><strong>Politica de garan\u021bie<\/strong><\/h2>\n\n<p><\/p>\n\n<h3 class=\"wp-block-heading\"><strong>Dispozi\u021bii generale<\/strong><\/h3>\n\n<p>Aceast\u0103 declara\u021bie de garan\u021bie este valabil\u0103 de la data v\u00e2nz\u0103rii dispozitivului (dispozitivelor) utilizat(e) p\u00e2n\u0103 la expirarea perioadei de garan\u021bie a dispozitivului.<\/p>\n\n<p>Perioada de garan\u021bie este de 2 (doi) ani, calculat\u0103 \u00een luni, cu excep\u021bia cazului \u00een care legisla\u021bia \u021b\u0103rii de v\u00e2nzare stabile\u0219te o perioad\u0103 diferit\u0103 pentru dispozitivele utilizate. \u00cenceputul perioadei de garan\u021bie este data achizi\u021bion\u0103rii dispozitivului de c\u0103tre consumatorul final. <\/p>\n\n<p>Dup\u0103 expirarea perioadei de garan\u021bie, produsul este reparat pe o baz\u0103 general\u0103, care este negociat\u0103 separat \u0219i pl\u0103tit\u0103 de c\u0103tre consumator.<\/p>\n\n<p>Declara\u021biile cu privire la calitatea accesoriilor nu constituie motive pentru rezilierea contractului de v\u00e2nzare \u0219i returnarea produsului principal. \u00cen cazul \u00een care calitatea accesoriilor furnizate este nesatisf\u0103c\u0103toare, acestea vor fi \u00eenlocuite sau reparate. <\/p>\n\n<p>Prin achizi\u021bionarea unui (unor) dispozitiv(e) folosit(e), consumatorul accept\u0103 \u0219i este de acord \u00een mod voluntar cu aceste dispozi\u021bii privind garan\u021bia.<\/p>\n\n<p>Produc\u0103torul \u00ee\u0219i rezerv\u0103 dreptul de a modifica termenii serviciului de garan\u021bie f\u0103r\u0103 a informa consumatorul cu privire la aceasta.<\/p>\n\n<p>Termenii \u0219i condi\u021biile actuale <a href=\"https:\/\/breezy.band\/md-ro\/termeni-si-conditii-de-garantie\/\">sunt disponibile aici<\/a>.<\/p>\n\n<p><strong>Durata de via\u021b\u0103 (func\u021bionare) a dispozitivului este de 2 (doi) ani de la data achizi\u021bion\u0103rii \u00eentr-un magazin cu am\u0103nuntul de c\u0103tre cump\u0103r\u0103torul final.<\/strong><\/p>\n\n<h3 class=\"wp-block-heading\"><strong>Acoperite de garan\u021bie<\/strong> <\/h3>\n\n<p>Garan\u021bia acoper\u0103 eliminarea disfunc\u021bionalit\u0103\u021bilor \u0219i defec\u021biunilor \u00een func\u021bionarea dispozitivului care pot ap\u0103rea \u00een timpul func\u021bion\u0103rii dispozitivului, nu au fost cauzate de consumatorul \u00eensu\u0219i \u0219i nu sunt enumerate \u00een paragraful &#8220;NU sunt acoperite de GARAN\u021aIE&#8221;.<\/p>\n\n<h3 class=\"wp-block-heading\"><strong>Nu este acoperit de garan\u021bie  <\/strong><\/h3>\n\n<ul class=\"wp-block-list\">\n<li>Pentru orice software instalat pe dispozitiv, chiar dac\u0103 a fost inclus \u00een pachet.<\/li>\n\n\n\n<li>Pentru piese consumabile, cum ar fi bateriile sau straturile de protec\u021bie, care se uzeaz\u0103 \u00een timp.<\/li>\n\n\n\n<li>Pentru a reduce capacitatea bateriei, cu excep\u021bia inoperabilit\u0103\u021bii complete \u00een timpul perioadei de garan\u021bie.<\/li>\n\n\n\n<li>Pentru daune cosmetice, inclusiv zg\u00e2rieturi, lovituri, a\u0219chii, cr\u0103p\u0103turi \u0219i daune la zona portului.<\/li>\n\n\n\n<li>Pentru daune cauzate de utilizarea componentelor, produselor, accesoriilor.<\/li>\n\n\n\n<li>Pentru daune cauzate de accident, utilizare necorespunz\u0103toare, utilizare necorespunz\u0103toare a dispozitivului, incendiu, cutremur sau al\u021bi factori externi.<\/li>\n\n\n\n<li>Pentru daune electrotermice. Pentru deterior\u0103ri cauzate de supratensiuni \u0219i suprasarcini. <\/li>\n\n\n\n<li>Pentru daune cauzate altor echipamente care func\u021bioneaz\u0103 \u00eempreun\u0103 cu acest produs.<\/li>\n\n\n\n<li>Compatibilitatea acestui produs cu produsele \u0219i software-ul ter\u021bilor \u00een ceea ce prive\u0219te compatibilitatea \u0219i configura\u021bia sistemului.<\/li>\n\n\n\n<li>Pentru deteriorarea dispozitivului \u0219i\/sau a componentelor acestuia cauzate de p\u0103trunderea de lichid, umiditate, obiecte str\u0103ine, insecte sau animale.<\/li>\n\n\n\n<li>Pentru deterior\u0103ri datorate uzurii normale sau \u00eemb\u0103tr\u00e2nirii.<\/li>\n\n\n\n<li>\u00cen cazurile \u00een care num\u0103rul de serie \u0219i\/sau denumirea au fost \u00eendep\u0103rtate sau deteriorate. Cu excep\u021bia cazurilor \u00een care utilizarea sa nu este prev\u0103zut\u0103 ca atare. <\/li>\n\n\n\n<li>Daune rezultate \u00een urma service-ului (inclusiv upgrade-uri \u0219i extinderi) efectuat de o alt\u0103 persoan\u0103 dec\u00e2t un reprezentant al companiei sau un centru de service autorizat Breezy.<\/li>\n<\/ul>\n\n<h3 class=\"wp-block-heading\"><strong>Responsabilit\u0103\u021bile consumatorilor  <\/strong><\/h3>\n\n<p>Atunci c\u00e2nd cump\u0103r\u0103 un produs, consumatorul are responsabilitatea de a se familiariza cu garan\u021bia \u0219i cu dispozi\u021biile de siguran\u021b\u0103.<\/p>\n\n<p>Dac\u0103 dispozitivul dvs. v\u0103 permite s\u0103 stoca\u021bi software, date sau alte informa\u021bii, trebuie s\u0103 crea\u021bi periodic copii de rezerv\u0103 ale informa\u021biilor con\u021binute pe suporturile de stocare ale dispozitivului pentru a proteja con\u021binutul acestora \u0219i pentru a v\u0103 proteja \u00eempotriva posibilelor defec\u021biuni opera\u021bionale.<\/p>\n\n<p>Nu \u00eencerca\u021bi s\u0103 deschide\u021bi, s\u0103 dezasambla\u021bi sau s\u0103 \u00eendep\u0103rta\u021bi capacele de protec\u021bie de pe dispozitiv. Deschiderea dispozitivului sau \u00eendep\u0103rtarea capacelor de protec\u021bie poate duce la deterior\u0103ri care nu sunt acoperite de prezenta garan\u021bie. \u00centre\u021binerea dispozitivului dvs. trebuie efectuat\u0103 numai de c\u0103tre un reprezentant al companiei sau de c\u0103tre un centru de service autorizat Breezy.  <\/p>\n\n<p>La primirea produsului, consumatorul este obligat s\u0103 verifice dac\u0103 produsul este complet \u0219i s\u0103 se asigure c\u0103 descrierea defectelor (mecanice sau de alt\u0103 natur\u0103) corespunde; dup\u0103 transferul produsului c\u0103tre consumator, reclama\u021biile pentru aceste tipuri de defecte \u0219i (sau) completitudinea produsului nu vor fi acceptate.<\/p>\n\n<h3 class=\"wp-block-heading\"><strong>\u00cenainte de a trimite un dispozitiv pentru repara\u021bii<\/strong> <\/h3>\n\n<ol class=\"wp-block-list\">\n<li>Crea\u021bi o copie de rezerv\u0103.<\/li>\n\n\n\n<li>Dac\u0103 dispozitivul dvs. este asociat cu un ceas, o br\u0103\u021bar\u0103 sau alt accesoriu, dezasocia\u021bi perechea.<\/li>\n\n\n\n<li>Dezactiva\u021bi func\u021biile de c\u0103utare pe dispozitiv.<\/li>\n\n\n\n<li>Deconecta\u021bi-v\u0103 de la conturile dvs.\n<ul class=\"wp-block-list\">\n<li>Pentru iOS &#8211; iCloud, App Store, iTunes Store<\/li>\n\n\n\n<li>Pentru Android &#8211; Google \u0219i al\u021bii<\/li>\n<\/ul>\n<\/li>\n\n\n\n<li>Dezactiva\u021bi parola de blocare a ecranului\/set\u0103ri<\/li>\n\n\n\n<li>Reseta\u021bi dispozitivul, \u0219terg\u00e2ndu-v\u0103 datele \u0219i set\u0103rile.<\/li>\n<\/ol>\n\n<p>Informa\u021bii detaliate despre preg\u0103tirea dispozitivului \u00eenainte de a-l trimite pentru repara\u021bii pot fi g\u0103site <a href=\"https:\/\/ref.breezy.band\/prepare-to-repair\/\">aici<\/a>.<\/p>\n\n<section id=\"quote-block-simple-block_c77fe2884fd7a9bd88dc141c4dad95ce\" class=\"quote-block-simple   alignfull\">\n  <div class=\"quote-block-simple__inner container\">\n    \n    <div class=\"quote-block-simple__content\" data-aos=\"fade-in\" data-aos-delay=\"300\" data-aos-duration=\"700\">\n      <svg width=\"46\" height=\"40\" viewBox=\"0 0 46 40\" fill=\"none\" xmlns=\"http:\/\/www.w3.org\/2000\/svg\">\n        <path fill-rule=\"evenodd\" clip-rule=\"evenodd\" d=\"M0.845333 40H6.53493H11.8074L26.0305 0H14.996L3.78618 31.5166L0.845333 40Z\" fill=\"url(#paint0_linear_1189_566)\" \/>\n        <path fill-rule=\"evenodd\" clip-rule=\"evenodd\" d=\"M19.9694 40H25.659H30.9315L45.1546 0H34.1201L22.9103 31.5166L19.9694 40Z\" fill=\"url(#paint1_linear_1189_566)\" \/>\n        <defs>\n          <linearGradient id=\"paint0_linear_1189_566\" x1=\"0.575972\" y1=\"39.798\" x2=\"15.1888\" y2=\"0.20209\" gradientUnits=\"userSpaceOnUse\">\n            <stop offset=\"0.126456\" stop-color=\"#00C4FF\" stop-opacity=\"0\" \/>\n            <stop offset=\"0.679594\" stop-color=\"#00C4FF\" \/>\n            <stop offset=\"1\" stop-color=\"#00C4FF\" \/>\n          <\/linearGradient>\n          <linearGradient id=\"paint1_linear_1189_566\" x1=\"19.7001\" y1=\"39.798\" x2=\"34.3129\" y2=\"0.20209\" gradientUnits=\"userSpaceOnUse\">\n            <stop offset=\"0.126456\" stop-color=\"#00C4FF\" stop-opacity=\"0\" \/>\n            <stop offset=\"0.679594\" stop-color=\"#00C4FF\" \/>\n            <stop offset=\"1\" stop-color=\"#00C4FF\" \/>\n          <\/linearGradient>\n        <\/defs>\n      <\/svg>\n\n            <div class=\"quote-block-simple__content-text h4\">\n        <p><strong>IMPORTANT!<\/strong><\/p>\n<p>\u00cen timpul \u00eentre\u021binerii, toate datele pot fi \u0219terse din dispozitiv.<\/p>\n<p>Centrul de service, v\u00e2nz\u0103torul, produc\u0103torul, compania Breezy nu este responsabil pentru pierderea datelor utilizatorului sau deteriorarea acestora.<\/p>\n      <\/div>\n      \n\n    <\/div>\n  <\/div>\n<\/section>\n\n<h3 class=\"wp-block-heading\"><strong>Metode de livrare<\/strong><\/h3>\n\n<ol class=\"wp-block-list\">\n<li>Contacta\u021bi v\u00e2nz\u0103torul.<\/li>\n\n\n\n<li>Contacta\u021bi centrul de service Breezy, dac\u0103 acesta este disponibil \u00een \u021bara dvs.<\/li>\n\n\n\n<li>Trimite\u021bi prin po\u0219t\u0103 la adresa Breezy. Disponibil numai \u00een \u0219i \u00een cadrul UE (Uniunea European\u0103). <\/li>\n<\/ol>\n\n<h3 class=\"wp-block-heading\"><strong>Responsabilit\u0103\u021bile produc\u0103torului \u0219i\/sau v\u00e2nz\u0103torului Breezy <\/strong> <\/h3>\n\n<p>\u00cen cazul \u00een care, \u00een timpul perioadei de garan\u021bie a produsului, trimite\u021bi o reclama\u021bie la Breezy \u0219i\/sau la comerciantul cu am\u0103nuntul \u00een conformitate cu termenii garan\u021biei, Breezy, la propria discre\u021bie, poate:<\/p>\n\n<ol class=\"wp-block-list\">\n<li><strong>Repara\u021bi dispozitivul<\/strong>. \u00cen timpul repara\u021biilor pot fi utilizate piese \u0219i componente noi, uzate sau similare. <\/li>\n\n\n\n<li><strong>s\u0103 \u00eenlocuiasc\u0103 dispozitivul<\/strong> cu acela\u0219i dispozitiv sau, cu acordul clientului, cu unul similar disponibil la produc\u0103torul Breezy sau la v\u00e2nz\u0103tor. Un produs similar va fi un dispozitiv uzat de aceea\u0219i marc\u0103 cu cel achizi\u021bionat de consumator, inclusiv unul cu defect(e) \u0219i care corespunde gradului dispozitivului \u00eenlocuit. <\/li>\n\n\n\n<li><strong>Rambursa\u021bi banii cheltui\u021bi<\/strong> atunci c\u00e2nd dispozitivul este returnat.<\/li>\n<\/ol>\n\n<p>\u00cen cazurile de \u00eenlocuire sau rambursare, dispozitivul \u00eenlocuit sau returnat devine proprietatea Breezy.<\/p>\n\n<p>Perioada de garan\u021bie este extins\u0103 pe durata repara\u021biei, dar nu include timpul de livrare la \u0219i de la repara\u021bie.<\/p>\n\n<p>Perioada de garan\u021bie pentru repara\u021bii este de p\u00e2n\u0103 la 14 zile de la data livr\u0103rii dispozitivului la centrul de service. Dac\u0103 centrul de service nu are piese de schimb \u00een stoc, perioada de garan\u021bie pentru repara\u021bii poate fi de p\u00e2n\u0103 la 30 de zile. <\/p>\n\n<p><a href=\"https:\/\/ref.breezy.band\/warranty\/\">TRIMITE\u021aI O CERERE DE GARAN\u021aIE<\/a><\/p>\n\n<p><a href=\"https:\/\/breezy.band\/md-ro\/instructiuni-de-siguranta\/\">INSTRUC\u021aIUNI DE SIGURAN\u021a\u0102<\/a><\/p>\n\n<p><a href=\"https:\/\/breezy.band\/md-ro\/utilizarea-reciclarii\/\">RECICLARE \u0218I UTILIZARE<\/a><\/p>\n\n<p><\/p>\n","protected":false},"excerpt":{"rendered":"<p>Politica de garan\u021bie Politica de garan\u021bie Dispozi\u021bii generale Aceast\u0103 declara\u021bie de garan\u021bie este valabil\u0103 de la data v\u00e2nz\u0103rii dispozitivului (dispozitivelor) utilizat(e) p\u00e2n\u0103 la expirarea perioadei de garan\u021bie a dispozitivului. Perioada de garan\u021bie este de 2 (doi) ani, calculat\u0103 \u00een luni, cu excep\u021bia cazului \u00een care legisla\u021bia \u021b\u0103rii de v\u00e2nzare stabile\u0219te o perioad\u0103 diferit\u0103 pentru dispozitivele&#8230;<\/p>\n","protected":false},"author":1,"featured_media":0,"parent":0,"menu_order":0,"comment_status":"closed","ping_status":"closed","template":"","meta":{"inline_featured_image":false,"footnotes":""},"class_list":["post-18673","page","type-page","status-publish","hentry"],"acf":[],"yoast_head":"<!-- This site is optimized with the Yoast SEO plugin v26.9 - https:\/\/yoast.com\/product\/yoast-seo-wordpress\/ -->\n<title>Politica de garan\u021bie - Breezy Site<\/title>\n<meta name=\"robots\" content=\"index, follow, max-snippet:-1, max-image-preview:large, max-video-preview:-1\" \/>\n<link rel=\"canonical\" href=\"https:\/\/breezy.band\/md-ro\/politica-de-garantie\/\" \/>\n<meta property=\"og:locale\" content=\"en_US\" \/>\n<meta property=\"og:type\" content=\"article\" \/>\n<meta property=\"og:title\" content=\"Politica de garan\u021bie - Breezy Site\" \/>\n<meta property=\"og:description\" content=\"Politica de garan\u021bie Politica de garan\u021bie Dispozi\u021bii generale Aceast\u0103 declara\u021bie de garan\u021bie este valabil\u0103 de la data v\u00e2nz\u0103rii dispozitivului (dispozitivelor) utilizat(e) p\u00e2n\u0103 la expirarea perioadei de garan\u021bie a dispozitivului. Perioada de garan\u021bie este de 2 (doi) ani, calculat\u0103 \u00een luni, cu excep\u021bia cazului \u00een care legisla\u021bia \u021b\u0103rii de v\u00e2nzare stabile\u0219te o perioad\u0103 diferit\u0103 pentru dispozitivele...\" \/>\n<meta property=\"og:url\" content=\"https:\/\/breezy.band\/md-ro\/politica-de-garantie\/\" \/>\n<meta property=\"og:site_name\" content=\"Breezy Site\" \/>\n<meta property=\"article:modified_time\" content=\"2025-05-07T10:13:16+00:00\" \/>\n<meta name=\"twitter:card\" content=\"summary_large_image\" \/>\n<meta name=\"twitter:label1\" content=\"Est. reading time\" \/>\n\t<meta name=\"twitter:data1\" content=\"5 minutes\" \/>\n<script type=\"application\/ld+json\" class=\"yoast-schema-graph\">{\"@context\":\"https:\/\/schema.org\",\"@graph\":[{\"@type\":\"WebPage\",\"@id\":\"https:\/\/breezy.band\/md-ro\/politica-de-garantie\/\",\"url\":\"https:\/\/breezy.band\/md-ro\/politica-de-garantie\/\",\"name\":\"Politica de garan\u021bie - Breezy Site\",\"isPartOf\":{\"@id\":\"https:\/\/breezy.band\/md-ro\/#website\"},\"datePublished\":\"2025-04-09T11:14:07+00:00\",\"dateModified\":\"2025-05-07T10:13:16+00:00\",\"breadcrumb\":{\"@id\":\"https:\/\/breezy.band\/md-ro\/politica-de-garantie\/#breadcrumb\"},\"inLanguage\":\"md-ro\",\"potentialAction\":[{\"@type\":\"ReadAction\",\"target\":[\"https:\/\/breezy.band\/md-ro\/politica-de-garantie\/\"]}]},{\"@type\":\"BreadcrumbList\",\"@id\":\"https:\/\/breezy.band\/md-ro\/politica-de-garantie\/#breadcrumb\",\"itemListElement\":[{\"@type\":\"ListItem\",\"position\":1,\"name\":\"Home\",\"item\":\"https:\/\/breezy.band\/md-ro\/\"},{\"@type\":\"ListItem\",\"position\":2,\"name\":\"Politica de garan\u021bie\"}]},{\"@type\":\"WebSite\",\"@id\":\"https:\/\/breezy.band\/md-ro\/#website\",\"url\":\"https:\/\/breezy.band\/md-ro\/\",\"name\":\"Breezy\",\"description\":\"Breezy\",\"potentialAction\":[{\"@type\":\"SearchAction\",\"target\":{\"@type\":\"EntryPoint\",\"urlTemplate\":\"https:\/\/breezy.band\/md-ro\/?s={search_term_string}\"},\"query-input\":{\"@type\":\"PropertyValueSpecification\",\"valueRequired\":true,\"valueName\":\"search_term_string\"}}],\"inLanguage\":\"md-ro\"}]}<\/script>\n<!-- \/ Yoast SEO plugin. -->","yoast_head_json":{"title":"Politica de garan\u021bie - Breezy Site","robots":{"index":"index","follow":"follow","max-snippet":"max-snippet:-1","max-image-preview":"max-image-preview:large","max-video-preview":"max-video-preview:-1"},"canonical":"https:\/\/breezy.band\/md-ro\/politica-de-garantie\/","og_locale":"en_US","og_type":"article","og_title":"Politica de garan\u021bie - Breezy Site","og_description":"Politica de garan\u021bie Politica de garan\u021bie Dispozi\u021bii generale Aceast\u0103 declara\u021bie de garan\u021bie este valabil\u0103 de la data v\u00e2nz\u0103rii dispozitivului (dispozitivelor) utilizat(e) p\u00e2n\u0103 la expirarea perioadei de garan\u021bie a dispozitivului. Perioada de garan\u021bie este de 2 (doi) ani, calculat\u0103 \u00een luni, cu excep\u021bia cazului \u00een care legisla\u021bia \u021b\u0103rii de v\u00e2nzare stabile\u0219te o perioad\u0103 diferit\u0103 pentru dispozitivele...","og_url":"https:\/\/breezy.band\/md-ro\/politica-de-garantie\/","og_site_name":"Breezy Site","article_modified_time":"2025-05-07T10:13:16+00:00","twitter_card":"summary_large_image","twitter_misc":{"Est. reading time":"5 minutes"},"schema":{"@context":"https:\/\/schema.org","@graph":[{"@type":"WebPage","@id":"https:\/\/breezy.band\/md-ro\/politica-de-garantie\/","url":"https:\/\/breezy.band\/md-ro\/politica-de-garantie\/","name":"Politica de garan\u021bie - Breezy Site","isPartOf":{"@id":"https:\/\/breezy.band\/md-ro\/#website"},"datePublished":"2025-04-09T11:14:07+00:00","dateModified":"2025-05-07T10:13:16+00:00","breadcrumb":{"@id":"https:\/\/breezy.band\/md-ro\/politica-de-garantie\/#breadcrumb"},"inLanguage":"md-ro","potentialAction":[{"@type":"ReadAction","target":["https:\/\/breezy.band\/md-ro\/politica-de-garantie\/"]}]},{"@type":"BreadcrumbList","@id":"https:\/\/breezy.band\/md-ro\/politica-de-garantie\/#breadcrumb","itemListElement":[{"@type":"ListItem","position":1,"name":"Home","item":"https:\/\/breezy.band\/md-ro\/"},{"@type":"ListItem","position":2,"name":"Politica de garan\u021bie"}]},{"@type":"WebSite","@id":"https:\/\/breezy.band\/md-ro\/#website","url":"https:\/\/breezy.band\/md-ro\/","name":"Breezy","description":"Breezy","potentialAction":[{"@type":"SearchAction","target":{"@type":"EntryPoint","urlTemplate":"https:\/\/breezy.band\/md-ro\/?s={search_term_string}"},"query-input":{"@type":"PropertyValueSpecification","valueRequired":true,"valueName":"search_term_string"}}],"inLanguage":"md-ro"}]}},"_links":{"self":[{"href":"https:\/\/breezy.band\/md-ro\/wp-json\/wp\/v2\/pages\/18673","targetHints":{"allow":["GET"]}}],"collection":[{"href":"https:\/\/breezy.band\/md-ro\/wp-json\/wp\/v2\/pages"}],"about":[{"href":"https:\/\/breezy.band\/md-ro\/wp-json\/wp\/v2\/types\/page"}],"author":[{"embeddable":true,"href":"https:\/\/breezy.band\/md-ro\/wp-json\/wp\/v2\/users\/1"}],"replies":[{"embeddable":true,"href":"https:\/\/breezy.band\/md-ro\/wp-json\/wp\/v2\/comments?post=18673"}],"version-history":[{"count":2,"href":"https:\/\/breezy.band\/md-ro\/wp-json\/wp\/v2\/pages\/18673\/revisions"}],"predecessor-version":[{"id":18689,"href":"https:\/\/breezy.band\/md-ro\/wp-json\/wp\/v2\/pages\/18673\/revisions\/18689"}],"wp:attachment":[{"href":"https:\/\/breezy.band\/md-ro\/wp-json\/wp\/v2\/media?parent=18673"}],"curies":[{"name":"wp","href":"https:\/\/api.w.org\/{rel}","templated":true}]}}