{"id":18656,"date":"2025-04-03T12:57:38","date_gmt":"2025-04-03T12:57:38","guid":{"rendered":"https:\/\/band.breezyx.space\/politica-privind-modulele-cookie\/"},"modified":"2025-05-07T10:13:19","modified_gmt":"2025-05-07T10:13:19","slug":"politica-privind-modulele-cookie","status":"publish","type":"page","link":"https:\/\/breezy.band\/md-ro\/politica-privind-modulele-cookie\/","title":{"rendered":"Politica privind modulele cookie"},"content":{"rendered":"\n<section id=\"hero-section-block_ad9b4eb22172a4fa0c7c3bb22ddc833b\" class=\"hero-section  alignfull\">\n    <div class=\"hero-section__bg drept_container\" data-aos=\"fade-in\" data-aos-duration=\"600\">\n    <img loading=\"lazy\" decoding=\"async\" width=\"1\" height=\"1\" src=\"https:\/\/breezy.band\/wp-content\/uploads\/2025\/03\/group-1171275477.svg\" class=\"style-svg\" alt=\"background-image\" id=\"cerc\" \/>  <\/div>\n  \n  <div class=\"container\">\n    <div class=\"hero-section__main\">\n      <div class=\"hero-section__main-info\">\n        <div class=\"hero-section__main-info-left\">\n                    <h1>\n            Politica privind modulele cookie          <\/h1>\n                    \t        \n\t        \n        <\/div>\n        <div class=\"hero-section__main-info-right\">\n          <div class=\"hero-section__img\">\n                      <\/div>\n\n          \n          \n        <\/div>\n\n      <\/div>\n            <div class=\"hero-section__slider swiper js-hero-slider\">\n          <div class=\"swiper-wrapper\">\n                    <div class=\"swiper-slide hero-section__slider-item lang-md\">\n            <img loading=\"lazy\" decoding=\"async\" width=\"2048\" height=\"2048\" src=\"https:\/\/breezy.band\/wp-content\/uploads\/2025\/03\/orange_logo.png\" class=\"style-svg\" alt=\"\" srcset=\"https:\/\/breezy.band\/wp-content\/uploads\/2025\/03\/orange_logo.png 2048w, https:\/\/breezy.band\/wp-content\/uploads\/2025\/03\/orange_logo-300x300.png 300w, https:\/\/breezy.band\/wp-content\/uploads\/2025\/03\/orange_logo-1024x1024.png 1024w, https:\/\/breezy.band\/wp-content\/uploads\/2025\/03\/orange_logo-150x150.png 150w, https:\/\/breezy.band\/wp-content\/uploads\/2025\/03\/orange_logo-768x768.png 768w, https:\/\/breezy.band\/wp-content\/uploads\/2025\/03\/orange_logo-1536x1536.png 1536w, https:\/\/breezy.band\/wp-content\/uploads\/2025\/03\/orange_logo-100x100.png 100w\" sizes=\"auto, (max-width: 2048px) 100vw, 2048px\" \/>          <\/div>\n                <div class=\"swiper-slide hero-section__slider-item lang-md\">\n            <img loading=\"lazy\" decoding=\"async\" width=\"1577\" height=\"1576\" src=\"https:\/\/breezy.band\/wp-content\/uploads\/2025\/03\/bayn.de_.d.png\" class=\"style-svg\" alt=\"\" srcset=\"https:\/\/breezy.band\/wp-content\/uploads\/2025\/03\/bayn.de_.d.png 1577w, https:\/\/breezy.band\/wp-content\/uploads\/2025\/03\/bayn.de_.d-300x300.png 300w, https:\/\/breezy.band\/wp-content\/uploads\/2025\/03\/bayn.de_.d-1024x1024.png 1024w, https:\/\/breezy.band\/wp-content\/uploads\/2025\/03\/bayn.de_.d-150x150.png 150w, https:\/\/breezy.band\/wp-content\/uploads\/2025\/03\/bayn.de_.d-768x768.png 768w, https:\/\/breezy.band\/wp-content\/uploads\/2025\/03\/bayn.de_.d-1536x1536.png 1536w, https:\/\/breezy.band\/wp-content\/uploads\/2025\/03\/bayn.de_.d-100x100.png 100w\" sizes=\"auto, (max-width: 1577px) 100vw, 1577px\" \/>          <\/div>\n                <div class=\"swiper-slide hero-section__slider-item lang-md\">\n            <img loading=\"lazy\" decoding=\"async\" width=\"1080\" height=\"1080\" src=\"https:\/\/breezy.band\/wp-content\/uploads\/2025\/03\/turn-8-e1743508750418.png\" class=\"style-svg\" alt=\"\" \/>          <\/div>\n                <div class=\"swiper-slide hero-section__slider-item lang-md\">\n            <img loading=\"lazy\" decoding=\"async\" width=\"1200\" height=\"243\" src=\"https:\/\/breezy.band\/wp-content\/uploads\/2025\/03\/moldcell-2.png\" class=\"style-svg\" alt=\"\" srcset=\"https:\/\/breezy.band\/wp-content\/uploads\/2025\/03\/moldcell-2.png 1200w, https:\/\/breezy.band\/wp-content\/uploads\/2025\/03\/moldcell-2-300x61.png 300w, https:\/\/breezy.band\/wp-content\/uploads\/2025\/03\/moldcell-2-1024x207.png 1024w, https:\/\/breezy.band\/wp-content\/uploads\/2025\/03\/moldcell-2-768x156.png 768w\" sizes=\"auto, (max-width: 1200px) 100vw, 1200px\" \/>          <\/div>\n                <div class=\"swiper-slide hero-section__slider-item lang-md\">\n            <img loading=\"lazy\" decoding=\"async\" width=\"1330\" height=\"300\" src=\"https:\/\/breezy.band\/wp-content\/uploads\/2025\/03\/ispace.webp\" class=\"style-svg\" alt=\"\" srcset=\"https:\/\/breezy.band\/wp-content\/uploads\/2025\/03\/ispace.webp 1330w, https:\/\/breezy.band\/wp-content\/uploads\/2025\/03\/ispace-300x68.webp 300w, https:\/\/breezy.band\/wp-content\/uploads\/2025\/03\/ispace-1024x231.webp 1024w, https:\/\/breezy.band\/wp-content\/uploads\/2025\/03\/ispace-768x173.webp 768w\" sizes=\"auto, (max-width: 1330px) 100vw, 1330px\" \/>          <\/div>\n                <div class=\"swiper-slide hero-section__slider-item lang-md\">\n            <img loading=\"lazy\" decoding=\"async\" width=\"8504\" height=\"1450\" src=\"https:\/\/breezy.band\/wp-content\/uploads\/2025\/03\/maximum-md.png\" class=\"style-svg\" alt=\"\" srcset=\"https:\/\/breezy.band\/wp-content\/uploads\/2025\/03\/maximum-md.png 8504w, https:\/\/breezy.band\/wp-content\/uploads\/2025\/03\/maximum-md-300x51.png 300w, https:\/\/breezy.band\/wp-content\/uploads\/2025\/03\/maximum-md-1024x175.png 1024w, https:\/\/breezy.band\/wp-content\/uploads\/2025\/03\/maximum-md-768x131.png 768w, https:\/\/breezy.band\/wp-content\/uploads\/2025\/03\/maximum-md-1536x262.png 1536w, https:\/\/breezy.band\/wp-content\/uploads\/2025\/03\/maximum-md-2048x349.png 2048w\" sizes=\"auto, (max-width: 8504px) 100vw, 8504px\" \/>          <\/div>\n            <\/div>\n      <\/div>\n          <\/div>\n  <\/div>\n<\/section>\n<p><strong>Politica privind modulele cookie<\/strong> <\/p>\n<p><strong>Tabel de con\u021binut<\/strong><\/p>\n<ol>\n<li>Ce sunt modulele cookie<\/li>\n<li>Ce este un browser<\/li>\n<li>Cookie-uri \u0219i informa\u021bii personale<\/li>\n<li>Politica privind modulele cookie<\/li>\n<li>Ce module cookie folosim pe site-ul nostru<\/li>\n<li>Cookie-uri esen\u021biale<\/li>\n<li>Module cookie de analiz\u0103<\/li>\n<li>Op\u021biunile pe care le ave\u021bi<\/li>\n<li>Cum s\u0103 controla\u021bi modulele cookie<\/li>\n<li>Modific\u0103ri ale prezentei politici<\/li>\n<\/ol>\n<p><strong>  1. Ce sunt fursecurile?<\/strong><\/p>\n<p>&#8220;Cookie-urile&#8221; sunt fi\u0219iere mici \u00een format text, care sunt stocate \u00een browserul utilizatorului atunci c\u00e2nd acesta viziteaz\u0103 un site web. Informa\u021biile stocate pe computerul utilizatorului pot con\u021bine informa\u021bii precum paginile pe care utilizatorul le-a vizitat \u0219i num\u0103rul de identificare al utilizatorului. Prin aceast\u0103 utilizare, site-ul web este capabil s\u0103 stocheze informa\u021bii utile despre navigarea utilizatorului pe site, precum \u0219i s\u0103 citeasc\u0103 aceste informa\u021bii pentru a oferi utilizatorului o experien\u021b\u0103 de navigare unificat\u0103.  <\/p>\n<p>Cookie-urile ne ajut\u0103 s\u0103 vedem performan\u021ba \u0219i traficul site-ului nostru, \u00eembun\u0103t\u0103\u021bind func\u021bionalitatea \u0219i con\u021binutul acestuia, \u00een func\u021bie de preferin\u021bele vizitatorilor no\u0219tri. De asemenea, utiliz\u0103m module cookie \u00een scopuri comerciale\/ publicitare pentru a oferi vizitatorilor no\u0219tri un con\u021binut mai relevant pentru interesele lor.   <\/p>\n<p><strong>  2. Ce este un browser?<\/strong><\/p>\n<p>Un browser este o aplica\u021bie care v\u0103 permite s\u0103 naviga\u021bi pe internet. Cele mai comune browsere sunt Google Chrome, Edge, Firefox, Safari \u0219i Opera. Majoritatea browserelor sunt sigure \u0219i ofer\u0103 modalit\u0103\u021bi rapide \u0219i simple de a \u0219terge informa\u021bii precum cookie-urile.  <\/p>\n<p>Pute\u021bi alege modul \u00een care cookie-urile sunt gestionate de dispozitivul dvs. prin intermediul set\u0103rilor browserului. Cele mai populare browsere permit utilizatorilor (a) s\u0103 accepte toate modulele cookie, (b) s\u0103 v\u0103 notifice atunci c\u00e2nd este emis un modul cookie, (c) s\u0103 nu primeasc\u0103 module cookie \u00een orice moment. Dac\u0103 alege\u021bi s\u0103 nu primi\u021bi module cookie \u00een orice moment, este posibil ca site-ul web s\u0103 nu func\u021bioneze corect \u0219i anumite servicii s\u0103 nu fie furnizate, stric\u00e2ndu-v\u0103 experien\u021ba pe care o ave\u021bi pe site. Consulta\u021bi meniul &#8220;Ajutor&#8221; al browserului dvs. pentru a afla cum s\u0103 v\u0103 modifica\u021bi preferin\u021bele privind cookie-urile.        <\/p>\n<p><strong>  3. Cookie-uri \u0219i informa\u021bii personale<\/strong><\/p>\n<p>Cookie-urile \u00een sine nu ne furnizeaz\u0103 informa\u021biile dvs. personale, de exemplu adresa dvs. de e-mail, dec\u00e2t dac\u0103 alege\u021bi s\u0103 ne furniza\u021bi aceste informa\u021bii. Odat\u0103 ce alege\u021bi s\u0103 furniza\u021bi o pagin\u0103 web cu informa\u021bii personale, aceste informa\u021bii pot fi legate de datele stocate \u00een modulul cookie.   <\/p>\n<p><strong>  4. Politica privind modulele cookie<\/strong><\/p>\n<p>Aceast\u0103 politic\u0103 explic\u0103 cum \u0219i de ce ASBISC ENTERPRISES PLC, o societate \u00eenregistrat\u0103 \u00een conformitate cu legisla\u021bia Republicii Cipru, cu num\u0103rul de \u00eenregistrare HE 75069, adresa \u00eenregistrat\u0103: 1 Iapetou,4101, Agios Athanasios, Limassol, Cipru (denumit\u0103 \u00een continuare &#8220;Compania&#8221;, &#8220;Noi&#8221;, &#8220;Ne&#8221;, &#8220;Al nostru&#8221;) \u0219i companiile sale afiliate, utilizeaz\u0103 module cookie pe https:\/\/breezy.band\/ (&#8220;site-ul web&#8221;) \u00een general \u0219i cum le pute\u021bi controla. \u00cen sensul prezentei politici, o companie afiliat\u0103 \u00eenseamn\u0103 o entitate care, \u00een mod direct sau indirect, de\u021bine sau controleaz\u0103, este de\u021binut\u0103 sau controlat\u0103 de sau se afl\u0103 sub proprietate sau control comun cu marca sau produsele unei alte entit\u0103\u021bi sau companii. \u00cen sensul prezentului document, &#8220;control&#8221; \u00eenseamn\u0103 puterea de a dirija gestionarea sau afacerile unei entit\u0103\u021bi, iar &#8220;proprietate&#8221; \u00eenseamn\u0103 de\u021binerea efectiv\u0103 a cincizeci la sut\u0103 (50%) sau mai mult din titlurile de capital cu drept de vot sau alte interese echivalente cu drept de vot ale entit\u0103\u021bii.    <\/p>\n<p><strong>  5. Ce module cookie folosim pe site-ul nostru<\/strong><\/p>\n<p>Utiliz\u0103m module cookie pe site-ul nostru web pentru a compila statistici agregate care ne permit s\u0103 \u00een\u021belegem modul \u00een care utilizatorul utilizeaz\u0103 site-ul nostru web \u0219i ne ajut\u0103 s\u0103 \u00eembun\u0103t\u0103\u021bim structura \u0219i con\u021binutul acestuia.<\/p>\n<p><strong>  6. Cookie-uri esen\u021biale<\/strong><\/p>\n<p>Aceste module cookie sunt necesare pentru ca site-ul s\u0103 func\u021bioneze corect. \u00cen conformitate cu legea, nu este necesar\u0103 nicio ac\u021biune din partea dvs. pentru a le accepta. Furnizorii ter\u021bi pot avea acces la aceste informa\u021bii.    <\/p>\n<p><strong>  7. Cookie-uri de analiz\u0103<\/strong><\/p>\n<p>Aceste module cookie sunt utilizate pentru a distinge utilizatorii, a urm\u0103ri \u0219i a analiza comportamentul acestora. Acestea stocheaz\u0103 informa\u021bii privind utilizarea site-ului, calculeaz\u0103 vizitatorii, stocheaz\u0103 ID-ul sesiunii \u0219i datele campaniei, de asemenea, \u021bin eviden\u021ba utiliz\u0103rii site-ului pentru raportul analitic al site-ului. Unele dintre datele colectate includ num\u0103rul de utilizatori, sursa acestora \u0219i paginile pe care le viziteaz\u0103. Toate informa\u021biile colectate de modulele cookie de analiz\u0103 sunt stocate anonim.   <\/p>\n<p>Cookie-urile instalate de Google Analytics calculeaz\u0103 vizitatorii, sesiunea, datele campaniei \u0219i, de asemenea, \u021bin eviden\u021ba utiliz\u0103rii site-ului, urm\u0103rind comportamentul utilizatorului pentru raportul analitic al site-ului. Aceste module cookie stocheaz\u0103 informa\u021bii \u00een mod anonim \u0219i aloc\u0103 un num\u0103r generat aleatoriu pentru a recunoa\u0219te vizitatorii unici. De asemenea, acestea stocheaz\u0103 informa\u021bii despre modul \u00een care vizitatorii utilizeaz\u0103 site-ul, cre\u00e2nd \u00een acela\u0219i timp un raport analitic privind performan\u021ba site-ului. Unele dintre datele colectate includ num\u0103rul de vizitatori, sursa acestora \u0219i paginile pe care le viziteaz\u0103 \u00een mod anonim.     <\/p>\n<p><strong>  8. Op\u021biunile pe care le ave\u021bi<\/strong><\/p>\n<p>Ave\u021bi trei op\u021biuni. Pute\u021bi fie s\u0103 proceda\u021bi prin acceptarea tuturor cookie-urilor \u0219i a altor mecanisme (&#8220;Accept all&#8221;), ceea ce v\u0103 va permite s\u0103 accesa\u021bi toate func\u021bionalit\u0103\u021bile site-ului, fie s\u0103 refuza\u021bi orice cookie inutil (&#8220;Reject all&#8221;), fie s\u0103 proceda\u021bi la ajustarea op\u021biunilor dvs. pentru cookie-uri (&#8220;Cookies Preferences&#8221;). Ultimele dou\u0103 cazuri pot reduce semnificativ experien\u021ba dumneavoastr\u0103.    <\/p>\n<p><strong>  9. Cum s\u0103 controla\u021bi modulele cookie<\/strong><\/p>\n<p>Pute\u021bi \u00eempiedica instalarea de module cookie \u00een browserul dvs. \u00een orice moment. Pentru instruc\u021biuni privind modul de blocare, \u0219tergere sau dezactivare a oric\u0103ror module cookie, v\u0103 rug\u0103m s\u0103 consulta\u021bi sec\u021biunea &#8220;Ajutor&#8221; sau &#8220;Asisten\u021b\u0103&#8221; a browserului dumneavoastr\u0103. V\u0103 rug\u0103m s\u0103 re\u021bine\u021bi c\u0103, prin \u0219tergerea cookie-urilor noastre sau dezactivarea cookie-urilor viitoare, este posibil s\u0103 nu pute\u021bi accesa anumite zone sau caracteristici ale site-ului nostru.  <\/p>\n<p>V\u0103 rug\u0103m s\u0103 urma\u021bi linkurile pentru informa\u021bii despre gestionarea \u0219i blocarea modulelor cookie \u00een func\u021bie de browserul dumneavoastr\u0103:<\/p>\n<ul>\n<li><a href=\"https:\/\/support.google.com\/chrome\/answer\/95647?hl=en\">Google Chrome<\/a><\/li>\n<li><a href=\"http:\/\/surl.li\/nczte\">Marginea<\/a><\/li>\n<li><a href=\"https:\/\/support.mozilla.org\/en-US\/kb\/clear-cookies-and-site-data-firefox\">Firefox<\/a><\/li>\n<li><a href=\"https:\/\/support.apple.com\/en-gb\/guide\/safari\/sfri11471\/mac\">Safari<\/a><\/li>\n<li><a href=\"https:\/\/help.opera.com\/en\/latest\/web-preferences\/#cookies\">Oper\u0103<\/a><\/li>\n<\/ul>\n<p><strong>  10. Modific\u0103ri ale prezentei politici<\/strong><\/p>\n<p>Putem modifica \u0219i\/sau actualiza din c\u00e2nd \u00een c\u00e2nd prezenta Politic\u0103 privind modulele cookie. Dac\u0103 aceast\u0103 Politic\u0103 privind Cookie-urile se modific\u0103, data modific\u0103rii \u0219i\/sau actualiz\u0103rii va fi indicat\u0103, iar dac\u0103 modific\u0103rile sunt semnificative, v\u0103 vom solicita din nou consim\u021b\u0103m\u00e2ntul. Politica privind cookie-urile, a\u0219a cum este configurat\u0103 prin cea mai recent\u0103 modificare, este \u00eentotdeauna considerat\u0103 valabil\u0103.  <\/p>\n<p>Data: 29\/04\/2025<\/p>\n\n<p><\/p>\n","protected":false},"excerpt":{"rendered":"<p>Politica privind modulele cookie Tabel de con\u021binut Ce sunt modulele cookie Ce este un browser Cookie-uri \u0219i informa\u021bii personale Politica privind modulele cookie Ce module cookie folosim pe site-ul nostru Cookie-uri esen\u021biale Module cookie de analiz\u0103 Op\u021biunile pe care le ave\u021bi Cum s\u0103 controla\u021bi modulele cookie Modific\u0103ri ale prezentei politici 1. Ce sunt fursecurile? &#8220;Cookie-urile&#8221;&#8230;<\/p>\n","protected":false},"author":1,"featured_media":0,"parent":0,"menu_order":0,"comment_status":"closed","ping_status":"closed","template":"","meta":{"inline_featured_image":false,"footnotes":""},"class_list":["post-18656","page","type-page","status-publish","hentry"],"acf":[],"yoast_head":"<!-- This site is optimized with the Yoast SEO plugin v26.9 - https:\/\/yoast.com\/product\/yoast-seo-wordpress\/ -->\n<title>Politica privind modulele cookie - Breezy Site<\/title>\n<meta name=\"robots\" content=\"index, follow, max-snippet:-1, max-image-preview:large, max-video-preview:-1\" \/>\n<link rel=\"canonical\" href=\"https:\/\/breezy.band\/md-ro\/politica-privind-modulele-cookie\/\" \/>\n<meta property=\"og:locale\" content=\"en_US\" \/>\n<meta property=\"og:type\" content=\"article\" \/>\n<meta property=\"og:title\" content=\"Politica privind modulele cookie - Breezy Site\" \/>\n<meta property=\"og:description\" content=\"Politica privind modulele cookie Tabel de con\u021binut Ce sunt modulele cookie Ce este un browser Cookie-uri \u0219i informa\u021bii personale Politica privind modulele cookie Ce module cookie folosim pe site-ul nostru Cookie-uri esen\u021biale Module cookie de analiz\u0103 Op\u021biunile pe care le ave\u021bi Cum s\u0103 controla\u021bi modulele cookie Modific\u0103ri ale prezentei politici 1. Ce sunt fursecurile? &#8220;Cookie-urile&#8221;...\" \/>\n<meta property=\"og:url\" content=\"https:\/\/breezy.band\/md-ro\/politica-privind-modulele-cookie\/\" \/>\n<meta property=\"og:site_name\" content=\"Breezy Site\" \/>\n<meta property=\"article:modified_time\" content=\"2025-05-07T10:13:19+00:00\" \/>\n<meta name=\"twitter:card\" content=\"summary_large_image\" \/>\n<meta name=\"twitter:label1\" content=\"Est. reading time\" \/>\n\t<meta name=\"twitter:data1\" content=\"5 minutes\" \/>\n<script type=\"application\/ld+json\" class=\"yoast-schema-graph\">{\"@context\":\"https:\/\/schema.org\",\"@graph\":[{\"@type\":\"WebPage\",\"@id\":\"https:\/\/breezy.band\/md-ro\/politica-privind-modulele-cookie\/\",\"url\":\"https:\/\/breezy.band\/md-ro\/politica-privind-modulele-cookie\/\",\"name\":\"Politica privind modulele cookie - Breezy Site\",\"isPartOf\":{\"@id\":\"https:\/\/breezy.band\/md-ro\/#website\"},\"datePublished\":\"2025-04-03T12:57:38+00:00\",\"dateModified\":\"2025-05-07T10:13:19+00:00\",\"breadcrumb\":{\"@id\":\"https:\/\/breezy.band\/md-ro\/politica-privind-modulele-cookie\/#breadcrumb\"},\"inLanguage\":\"md-ro\",\"potentialAction\":[{\"@type\":\"ReadAction\",\"target\":[\"https:\/\/breezy.band\/md-ro\/politica-privind-modulele-cookie\/\"]}]},{\"@type\":\"BreadcrumbList\",\"@id\":\"https:\/\/breezy.band\/md-ro\/politica-privind-modulele-cookie\/#breadcrumb\",\"itemListElement\":[{\"@type\":\"ListItem\",\"position\":1,\"name\":\"Home\",\"item\":\"https:\/\/breezy.band\/md-ro\/\"},{\"@type\":\"ListItem\",\"position\":2,\"name\":\"Politica privind modulele cookie\"}]},{\"@type\":\"WebSite\",\"@id\":\"https:\/\/breezy.band\/md-ro\/#website\",\"url\":\"https:\/\/breezy.band\/md-ro\/\",\"name\":\"Breezy\",\"description\":\"Breezy\",\"potentialAction\":[{\"@type\":\"SearchAction\",\"target\":{\"@type\":\"EntryPoint\",\"urlTemplate\":\"https:\/\/breezy.band\/md-ro\/?s={search_term_string}\"},\"query-input\":{\"@type\":\"PropertyValueSpecification\",\"valueRequired\":true,\"valueName\":\"search_term_string\"}}],\"inLanguage\":\"md-ro\"}]}<\/script>\n<!-- \/ Yoast SEO plugin. -->","yoast_head_json":{"title":"Politica privind modulele cookie - Breezy Site","robots":{"index":"index","follow":"follow","max-snippet":"max-snippet:-1","max-image-preview":"max-image-preview:large","max-video-preview":"max-video-preview:-1"},"canonical":"https:\/\/breezy.band\/md-ro\/politica-privind-modulele-cookie\/","og_locale":"en_US","og_type":"article","og_title":"Politica privind modulele cookie - Breezy Site","og_description":"Politica privind modulele cookie Tabel de con\u021binut Ce sunt modulele cookie Ce este un browser Cookie-uri \u0219i informa\u021bii personale Politica privind modulele cookie Ce module cookie folosim pe site-ul nostru Cookie-uri esen\u021biale Module cookie de analiz\u0103 Op\u021biunile pe care le ave\u021bi Cum s\u0103 controla\u021bi modulele cookie Modific\u0103ri ale prezentei politici 1. Ce sunt fursecurile? &#8220;Cookie-urile&#8221;...","og_url":"https:\/\/breezy.band\/md-ro\/politica-privind-modulele-cookie\/","og_site_name":"Breezy Site","article_modified_time":"2025-05-07T10:13:19+00:00","twitter_card":"summary_large_image","twitter_misc":{"Est. reading time":"5 minutes"},"schema":{"@context":"https:\/\/schema.org","@graph":[{"@type":"WebPage","@id":"https:\/\/breezy.band\/md-ro\/politica-privind-modulele-cookie\/","url":"https:\/\/breezy.band\/md-ro\/politica-privind-modulele-cookie\/","name":"Politica privind modulele cookie - Breezy Site","isPartOf":{"@id":"https:\/\/breezy.band\/md-ro\/#website"},"datePublished":"2025-04-03T12:57:38+00:00","dateModified":"2025-05-07T10:13:19+00:00","breadcrumb":{"@id":"https:\/\/breezy.band\/md-ro\/politica-privind-modulele-cookie\/#breadcrumb"},"inLanguage":"md-ro","potentialAction":[{"@type":"ReadAction","target":["https:\/\/breezy.band\/md-ro\/politica-privind-modulele-cookie\/"]}]},{"@type":"BreadcrumbList","@id":"https:\/\/breezy.band\/md-ro\/politica-privind-modulele-cookie\/#breadcrumb","itemListElement":[{"@type":"ListItem","position":1,"name":"Home","item":"https:\/\/breezy.band\/md-ro\/"},{"@type":"ListItem","position":2,"name":"Politica privind modulele cookie"}]},{"@type":"WebSite","@id":"https:\/\/breezy.band\/md-ro\/#website","url":"https:\/\/breezy.band\/md-ro\/","name":"Breezy","description":"Breezy","potentialAction":[{"@type":"SearchAction","target":{"@type":"EntryPoint","urlTemplate":"https:\/\/breezy.band\/md-ro\/?s={search_term_string}"},"query-input":{"@type":"PropertyValueSpecification","valueRequired":true,"valueName":"search_term_string"}}],"inLanguage":"md-ro"}]}},"_links":{"self":[{"href":"https:\/\/breezy.band\/md-ro\/wp-json\/wp\/v2\/pages\/18656","targetHints":{"allow":["GET"]}}],"collection":[{"href":"https:\/\/breezy.band\/md-ro\/wp-json\/wp\/v2\/pages"}],"about":[{"href":"https:\/\/breezy.band\/md-ro\/wp-json\/wp\/v2\/types\/page"}],"author":[{"embeddable":true,"href":"https:\/\/breezy.band\/md-ro\/wp-json\/wp\/v2\/users\/1"}],"replies":[{"embeddable":true,"href":"https:\/\/breezy.band\/md-ro\/wp-json\/wp\/v2\/comments?post=18656"}],"version-history":[{"count":1,"href":"https:\/\/breezy.band\/md-ro\/wp-json\/wp\/v2\/pages\/18656\/revisions"}],"predecessor-version":[{"id":18658,"href":"https:\/\/breezy.band\/md-ro\/wp-json\/wp\/v2\/pages\/18656\/revisions\/18658"}],"wp:attachment":[{"href":"https:\/\/breezy.band\/md-ro\/wp-json\/wp\/v2\/media?parent=18656"}],"curies":[{"name":"wp","href":"https:\/\/api.w.org\/{rel}","templated":true}]}}