{"id":18624,"date":"2025-04-29T12:57:19","date_gmt":"2025-04-29T12:57:19","guid":{"rendered":"https:\/\/band.breezyx.space\/termeni-si-conditii-de-garantie\/"},"modified":"2025-05-07T10:13:14","modified_gmt":"2025-05-07T10:13:14","slug":"termeni-si-conditii-de-garantie","status":"publish","type":"page","link":"https:\/\/breezy.band\/md-ro\/termeni-si-conditii-de-garantie\/","title":{"rendered":"Termeni \u0219i condi\u021bii de garan\u021bie"},"content":{"rendered":"\n<h2 class=\"wp-block-heading\">Breezy Termeni \u0219i condi\u021bii de garan\u021bie<\/h2>\n\n<p><\/p>\n\n<h2 class=\"wp-block-heading\">Breezy Termeni \u0219i condi\u021bii de garan\u021bie<\/h2>\n\n<p><\/p>\n\n<ol class=\"wp-block-list\">\n<li>Prevederile prezentului acord de garan\u021bie (&#8220;Termeni de garan\u021bie&#8221;) pentru produsele uzate (&#8220;Produse&#8221;) reglementeaz\u0103 rela\u021bia dintre v\u00e2nz\u0103tor, centrul de service \u0219i client \u0219i intr\u0103 \u00een vigoare de la data v\u00e2nz\u0103rii produsului p\u00e2n\u0103 la expirarea perioadei de garan\u021bie stabilite.<\/li>\n\n\n\n<li>La primire, clientul trebuie s\u0103 citeasc\u0103, s\u0103 \u00een\u021beleag\u0103 \u0219i s\u0103 accepte prezentele condi\u021bii de garan\u021bie; \u00een caz contrar, orice obliga\u021bii de garan\u021bie vor fi nule \u0219i neavenite.<\/li>\n\n\n\n<li>Termenii de garan\u021bie se aplic\u0103 produsului a c\u0103rui calitate (produs folosit) este specificat\u0103 \u00een cardul de garan\u021bie.<\/li>\n\n\n\n<li>Perioada de garan\u021bie pentru fiecare produs se stabile\u0219te individual, \u00een luni, de la data indicat\u0103 pe cardul de garan\u021bie. La expirarea perioadei de garan\u021bie, produsul va face obiectul unei politici generale de repara\u021bii care va fi negociat\u0103 cu clientul, iar orice repara\u021bie va fi pl\u0103tit\u0103 de client. <\/li>\n\n\n\n<li>La primire, clientul trebuie s\u0103 verifice con\u021binutul pachetului de produse \u0219i s\u0103 se asigure c\u0103 orice defecte (mecanice sau de alt\u0103 natur\u0103) sunt specificate \u00een mod corespunz\u0103tor; la acceptare, nu vor fi recunoscute preten\u021biile clientului legate de defectele specificate \u0219i\/sau de componentele lips\u0103.<\/li>\n\n\n\n<li>Perioada de repara\u021bie \u00een garan\u021bie nu va dep\u0103\u0219i 14 zile de la data contactului sau a pred\u0103rii produsului c\u0103tre centrul de service. \u00cen cazul \u00een care centrul de service nu de\u021bine \u00een stoc piese de schimb specifice produsului, perioada de repara\u021bie \u00een garan\u021bie se poate prelungi p\u00e2n\u0103 la 30 de zile. <\/li>\n\n\n\n<li>\u00cen cazul \u00een care produsul este considerat iremediabil \u00een urma verific\u0103rii defec\u021biunilor, se va furniza un produs de \u00eenlocuire similar. \u00cen cazul \u00een care un produs similar nu este disponibil \u00een stoc la centrul de service, clientului i se va emite un raport de inspec\u021bie a defec\u021biunilor garantate. Prin produs similar se \u00een\u021belege un dispozitiv de \u00eenalt\u0103 tehnologie de uz casnic de aceea\u0219i marc\u0103 cu cel achizi\u021bionat de client, inclusiv orice produs cu dezavantaje.  <\/li>\n<\/ol>\n\n<p>Accesoriile de calitate inferioar\u0103 nu constituie un motiv valabil pentru rezilierea contractului de v\u00e2nzare \u0219i returnarea produsului original. Orice accesorii de calitate inferioar\u0103 care fac parte din pachetul produsului vor fi \u00eenlocuite sau reparate. <\/p>\n\n<p>Clientul va dezactiva toate func\u021biile de securitate (blocarea ecranului, func\u021biile de localizare, func\u021bia de interconectare etc.); \u00een caz contrar, nu vor fi posibile servicii de garan\u021bie.<\/p>\n\n<p>Ca parte a serviciului de garan\u021bie, este posibil s\u0103 fie necesar\u0103 formatarea discului dur al produsului; centrul de service nu va fi r\u0103spunz\u0103tor pentru pierderea sau \u00eentreruperea datelor utilizatorului.<\/p>\n\n<h3 class=\"wp-block-heading\">Condi\u021biile de garan\u021bie sunt nule \u0219i neavenite \u00een cazul \u00een care:<\/h3>\n\n<ol class=\"wp-block-list\">\n<li>Num\u0103rul de serie al produsului indicat pe cardul de garan\u021bie nu coincide cu num\u0103rul de serie gravat pe produs \u0219i\/sau lipse\u0219te, cu excep\u021bia cazului \u00een care produc\u0103torul nu furnizeaz\u0103 niciun num\u0103r de serie;<\/li>\n\n\n\n<li>Produsul \u0219i\/sau componentele sale au fost reparate de persoane neautorizate;<\/li>\n\n\n\n<li>Deteriorarea \u0219i\/sau defectarea produsului este cauzat\u0103 de ac\u021biunile incorecte ale clientului;<\/li>\n\n\n\n<li>Produsul \u0219i\/sau componentele sale sunt deteriorate de p\u0103trunderea corpurilor str\u0103ine, obiectelor str\u0103ine, substan\u021belor, lichidelor, insectelor \u0219i\/sau animalelor, precum \u0219i de impactul termic sau electric cauzat de c\u0103derile de tensiune.<\/li>\n<\/ol>\n\n<h3 class=\"wp-block-heading\">Garan\u021bia nu acoper\u0103:  <\/h3>\n\n<ul class=\"wp-block-list\">\n<li>orice sc\u0103dere a capacit\u0103\u021bii bateriei (Termenii de garan\u021bie se aplic\u0103 numai \u00een cazul defect\u0103rii complete a bateriei);<\/li>\n\n\n\n<li>toate tipurile de software, fie preinstalate, fie instalate \u00een alt mod;<\/li>\n\n\n\n<li>orice daune cauzate altor echipamente care interac\u021bioneaz\u0103 cu acest produs;<\/li>\n\n\n\n<li>orice daune cauzate de nerespectarea parametrilor standard de alimentare, telecomunica\u021bii, re\u021bele de cabluri \u0219i al\u021bi factori externi similari;<\/li>\n\n\n\n<li>orice deteriorare cauzat\u0103 de tensiunea de contact cu valori \u0219i\/sau polaritate neprev\u0103zute;<\/li>\n\n\n\n<li>orice daune cauzate de utilizarea de materiale \u0219i piese de schimb neobi\u0219nuite sau neregulate;<\/li>\n\n\n\n<li>compatibilitatea cu produse ter\u021be \u0219i produse software \u00een ceea ce prive\u0219te func\u021biile de compatibilitate \u0219i configurarea sistemului.<\/li>\n<\/ul>\n\n<p>Nu se efectueaz\u0103 nicio rambursare \u0219i\/sau \u00eenlocuire pentru niciun produs de calitate diferit\u0103 fa\u021b\u0103 de cel aflat la v\u00e2nzare.<\/p>\n\n<p>Produc\u0103torul \u0219i\/sau v\u00e2nz\u0103torul \u0219i\/sau centrul de service \u00ee\u0219i rezerv\u0103 dreptul de a modifica termenii \u0219i condi\u021biile de garan\u021bie la propria discre\u021bie, f\u0103r\u0103 a notifica \u00een mod special clientul.<\/p>\n","protected":false},"excerpt":{"rendered":"<p>Breezy Termeni \u0219i condi\u021bii de garan\u021bie Breezy Termeni \u0219i condi\u021bii de garan\u021bie Accesoriile de calitate inferioar\u0103 nu constituie un motiv valabil pentru rezilierea contractului de v\u00e2nzare \u0219i returnarea produsului original. Orice accesorii de calitate inferioar\u0103 care fac parte din pachetul produsului vor fi \u00eenlocuite sau reparate. Clientul va dezactiva toate func\u021biile de securitate (blocarea ecranului,&#8230;<\/p>\n","protected":false},"author":1,"featured_media":0,"parent":0,"menu_order":0,"comment_status":"closed","ping_status":"closed","template":"","meta":{"inline_featured_image":false,"footnotes":""},"class_list":["post-18624","page","type-page","status-publish","hentry"],"acf":[],"yoast_head":"<!-- This site is optimized with the Yoast SEO plugin v26.9 - https:\/\/yoast.com\/product\/yoast-seo-wordpress\/ -->\n<title>Termeni \u0219i condi\u021bii de garan\u021bie - Breezy Site<\/title>\n<meta name=\"robots\" content=\"index, follow, max-snippet:-1, max-image-preview:large, max-video-preview:-1\" \/>\n<link rel=\"canonical\" href=\"https:\/\/breezy.band\/md-ro\/termeni-si-conditii-de-garantie\/\" \/>\n<meta property=\"og:locale\" content=\"en_US\" \/>\n<meta property=\"og:type\" content=\"article\" \/>\n<meta property=\"og:title\" content=\"Termeni \u0219i condi\u021bii de garan\u021bie - Breezy Site\" \/>\n<meta property=\"og:description\" content=\"Breezy Termeni \u0219i condi\u021bii de garan\u021bie Breezy Termeni \u0219i condi\u021bii de garan\u021bie Accesoriile de calitate inferioar\u0103 nu constituie un motiv valabil pentru rezilierea contractului de v\u00e2nzare \u0219i returnarea produsului original. Orice accesorii de calitate inferioar\u0103 care fac parte din pachetul produsului vor fi \u00eenlocuite sau reparate. Clientul va dezactiva toate func\u021biile de securitate (blocarea ecranului,...\" \/>\n<meta property=\"og:url\" content=\"https:\/\/breezy.band\/md-ro\/termeni-si-conditii-de-garantie\/\" \/>\n<meta property=\"og:site_name\" content=\"Breezy Site\" \/>\n<meta property=\"article:modified_time\" content=\"2025-05-07T10:13:14+00:00\" \/>\n<meta name=\"twitter:card\" content=\"summary_large_image\" \/>\n<meta name=\"twitter:label1\" content=\"Est. reading time\" \/>\n\t<meta name=\"twitter:data1\" content=\"4 minutes\" \/>\n<script type=\"application\/ld+json\" class=\"yoast-schema-graph\">{\"@context\":\"https:\/\/schema.org\",\"@graph\":[{\"@type\":\"WebPage\",\"@id\":\"https:\/\/breezy.band\/md-ro\/termeni-si-conditii-de-garantie\/\",\"url\":\"https:\/\/breezy.band\/md-ro\/termeni-si-conditii-de-garantie\/\",\"name\":\"Termeni \u0219i condi\u021bii de garan\u021bie - Breezy Site\",\"isPartOf\":{\"@id\":\"https:\/\/breezy.band\/md-ro\/#website\"},\"datePublished\":\"2025-04-29T12:57:19+00:00\",\"dateModified\":\"2025-05-07T10:13:14+00:00\",\"breadcrumb\":{\"@id\":\"https:\/\/breezy.band\/md-ro\/termeni-si-conditii-de-garantie\/#breadcrumb\"},\"inLanguage\":\"md-ro\",\"potentialAction\":[{\"@type\":\"ReadAction\",\"target\":[\"https:\/\/breezy.band\/md-ro\/termeni-si-conditii-de-garantie\/\"]}]},{\"@type\":\"BreadcrumbList\",\"@id\":\"https:\/\/breezy.band\/md-ro\/termeni-si-conditii-de-garantie\/#breadcrumb\",\"itemListElement\":[{\"@type\":\"ListItem\",\"position\":1,\"name\":\"Home\",\"item\":\"https:\/\/breezy.band\/md-ro\/\"},{\"@type\":\"ListItem\",\"position\":2,\"name\":\"Termeni \u0219i condi\u021bii de garan\u021bie\"}]},{\"@type\":\"WebSite\",\"@id\":\"https:\/\/breezy.band\/md-ro\/#website\",\"url\":\"https:\/\/breezy.band\/md-ro\/\",\"name\":\"Breezy\",\"description\":\"Breezy\",\"potentialAction\":[{\"@type\":\"SearchAction\",\"target\":{\"@type\":\"EntryPoint\",\"urlTemplate\":\"https:\/\/breezy.band\/md-ro\/?s={search_term_string}\"},\"query-input\":{\"@type\":\"PropertyValueSpecification\",\"valueRequired\":true,\"valueName\":\"search_term_string\"}}],\"inLanguage\":\"md-ro\"}]}<\/script>\n<!-- \/ Yoast SEO plugin. -->","yoast_head_json":{"title":"Termeni \u0219i condi\u021bii de garan\u021bie - Breezy Site","robots":{"index":"index","follow":"follow","max-snippet":"max-snippet:-1","max-image-preview":"max-image-preview:large","max-video-preview":"max-video-preview:-1"},"canonical":"https:\/\/breezy.band\/md-ro\/termeni-si-conditii-de-garantie\/","og_locale":"en_US","og_type":"article","og_title":"Termeni \u0219i condi\u021bii de garan\u021bie - Breezy Site","og_description":"Breezy Termeni \u0219i condi\u021bii de garan\u021bie Breezy Termeni \u0219i condi\u021bii de garan\u021bie Accesoriile de calitate inferioar\u0103 nu constituie un motiv valabil pentru rezilierea contractului de v\u00e2nzare \u0219i returnarea produsului original. Orice accesorii de calitate inferioar\u0103 care fac parte din pachetul produsului vor fi \u00eenlocuite sau reparate. Clientul va dezactiva toate func\u021biile de securitate (blocarea ecranului,...","og_url":"https:\/\/breezy.band\/md-ro\/termeni-si-conditii-de-garantie\/","og_site_name":"Breezy Site","article_modified_time":"2025-05-07T10:13:14+00:00","twitter_card":"summary_large_image","twitter_misc":{"Est. reading time":"4 minutes"},"schema":{"@context":"https:\/\/schema.org","@graph":[{"@type":"WebPage","@id":"https:\/\/breezy.band\/md-ro\/termeni-si-conditii-de-garantie\/","url":"https:\/\/breezy.band\/md-ro\/termeni-si-conditii-de-garantie\/","name":"Termeni \u0219i condi\u021bii de garan\u021bie - Breezy Site","isPartOf":{"@id":"https:\/\/breezy.band\/md-ro\/#website"},"datePublished":"2025-04-29T12:57:19+00:00","dateModified":"2025-05-07T10:13:14+00:00","breadcrumb":{"@id":"https:\/\/breezy.band\/md-ro\/termeni-si-conditii-de-garantie\/#breadcrumb"},"inLanguage":"md-ro","potentialAction":[{"@type":"ReadAction","target":["https:\/\/breezy.band\/md-ro\/termeni-si-conditii-de-garantie\/"]}]},{"@type":"BreadcrumbList","@id":"https:\/\/breezy.band\/md-ro\/termeni-si-conditii-de-garantie\/#breadcrumb","itemListElement":[{"@type":"ListItem","position":1,"name":"Home","item":"https:\/\/breezy.band\/md-ro\/"},{"@type":"ListItem","position":2,"name":"Termeni \u0219i condi\u021bii de garan\u021bie"}]},{"@type":"WebSite","@id":"https:\/\/breezy.band\/md-ro\/#website","url":"https:\/\/breezy.band\/md-ro\/","name":"Breezy","description":"Breezy","potentialAction":[{"@type":"SearchAction","target":{"@type":"EntryPoint","urlTemplate":"https:\/\/breezy.band\/md-ro\/?s={search_term_string}"},"query-input":{"@type":"PropertyValueSpecification","valueRequired":true,"valueName":"search_term_string"}}],"inLanguage":"md-ro"}]}},"_links":{"self":[{"href":"https:\/\/breezy.band\/md-ro\/wp-json\/wp\/v2\/pages\/18624","targetHints":{"allow":["GET"]}}],"collection":[{"href":"https:\/\/breezy.band\/md-ro\/wp-json\/wp\/v2\/pages"}],"about":[{"href":"https:\/\/breezy.band\/md-ro\/wp-json\/wp\/v2\/types\/page"}],"author":[{"embeddable":true,"href":"https:\/\/breezy.band\/md-ro\/wp-json\/wp\/v2\/users\/1"}],"replies":[{"embeddable":true,"href":"https:\/\/breezy.band\/md-ro\/wp-json\/wp\/v2\/comments?post=18624"}],"version-history":[{"count":1,"href":"https:\/\/breezy.band\/md-ro\/wp-json\/wp\/v2\/pages\/18624\/revisions"}],"predecessor-version":[{"id":18628,"href":"https:\/\/breezy.band\/md-ro\/wp-json\/wp\/v2\/pages\/18624\/revisions\/18628"}],"wp:attachment":[{"href":"https:\/\/breezy.band\/md-ro\/wp-json\/wp\/v2\/media?parent=18624"}],"curies":[{"name":"wp","href":"https:\/\/api.w.org\/{rel}","templated":true}]}}