{"id":18661,"date":"2025-04-03T12:54:04","date_gmt":"2025-04-03T12:54:04","guid":{"rendered":"https:\/\/band.breezyx.space\/t%c9%99krar-emaldan-istifad%c9%99\/"},"modified":"2025-05-07T10:13:21","modified_gmt":"2025-05-07T10:13:21","slug":"t%c9%99krar-emaldan-istifad%c9%99","status":"publish","type":"page","link":"https:\/\/breezy.band\/az-az\/t%c9%99krar-emaldan-istifad%c9%99\/","title":{"rendered":"T\u0259krar emaldan istifad\u0259"},"content":{"rendered":"\n<section id=\"hero-section-block_e37f468ca4a31a01953afa502c157af6\" class=\"hero-section  alignfull\">\n    <div class=\"hero-section__bg sa\u011f_konteyner\" data-aos=\"fade-in\" data-aos-duration=\"600\">\n    <img loading=\"lazy\" decoding=\"async\" width=\"1\" height=\"1\" src=\"https:\/\/breezy.band\/wp-content\/uploads\/2025\/03\/group-1171275477.svg\" class=\"style-svg\" alt=\"background-image\" id=\"dair\u0259\" \/>  <\/div>\n  \n  <div class=\"container\">\n    <div class=\"hero-section__main\">\n      <div class=\"hero-section__main-info\">\n        <div class=\"hero-section__main-info-left\">\n                    <h1>\n            T\u0259krar emaldan istifad\u0259          <\/h1>\n                    \t        \n\t        \n        <\/div>\n        <div class=\"hero-section__main-info-right\">\n          <div class=\"hero-section__img\">\n                      <\/div>\n\n          \n          \n        <\/div>\n\n      <\/div>\n            <div class=\"hero-section__slider swiper js-hero-slider\">\n          <div class=\"swiper-wrapper\">\n                    <div class=\"swiper-slide hero-section__slider-item lang-az\">\n            <img loading=\"lazy\" decoding=\"async\" width=\"1330\" height=\"300\" src=\"https:\/\/breezy.band\/wp-content\/uploads\/2025\/03\/ispace.webp\" class=\"style-svg\" alt=\"\" srcset=\"https:\/\/breezy.band\/wp-content\/uploads\/2025\/03\/ispace.webp 1330w, https:\/\/breezy.band\/wp-content\/uploads\/2025\/03\/ispace-300x68.webp 300w, https:\/\/breezy.band\/wp-content\/uploads\/2025\/03\/ispace-1024x231.webp 1024w, https:\/\/breezy.band\/wp-content\/uploads\/2025\/03\/ispace-768x173.webp 768w\" sizes=\"auto, (max-width: 1330px) 100vw, 1330px\" \/>          <\/div>\n                <div class=\"swiper-slide hero-section__slider-item lang-az\">\n            <img loading=\"lazy\" decoding=\"async\" width=\"300\" height=\"284\" src=\"https:\/\/breezy.band\/wp-content\/uploads\/2025\/03\/kontakt-home-logo-e1742474280275.png\" class=\"style-svg\" alt=\"\" \/>          <\/div>\n                <div class=\"swiper-slide hero-section__slider-item lang-az\">\n            <img loading=\"lazy\" decoding=\"async\" width=\"345\" height=\"170\" src=\"https:\/\/breezy.band\/wp-content\/uploads\/2025\/03\/31.png\" class=\"style-svg\" alt=\"\" srcset=\"https:\/\/breezy.band\/wp-content\/uploads\/2025\/03\/31.png 345w, https:\/\/breezy.band\/wp-content\/uploads\/2025\/03\/31-300x148.png 300w\" sizes=\"auto, (max-width: 345px) 100vw, 345px\" \/>          <\/div>\n                <div class=\"swiper-slide hero-section__slider-item lang-az\">\n            <img loading=\"lazy\" decoding=\"async\" width=\"2218\" height=\"998\" src=\"https:\/\/breezy.band\/wp-content\/uploads\/2025\/03\/irshad_logo.png\" class=\"style-svg\" alt=\"\" srcset=\"https:\/\/breezy.band\/wp-content\/uploads\/2025\/03\/irshad_logo.png 2218w, https:\/\/breezy.band\/wp-content\/uploads\/2025\/03\/irshad_logo-300x135.png 300w, https:\/\/breezy.band\/wp-content\/uploads\/2025\/03\/irshad_logo-1024x461.png 1024w, https:\/\/breezy.band\/wp-content\/uploads\/2025\/03\/irshad_logo-768x346.png 768w, https:\/\/breezy.band\/wp-content\/uploads\/2025\/03\/irshad_logo-1536x691.png 1536w, https:\/\/breezy.band\/wp-content\/uploads\/2025\/03\/irshad_logo-2048x922.png 2048w\" sizes=\"auto, (max-width: 2218px) 100vw, 2218px\" \/>          <\/div>\n                <div class=\"swiper-slide hero-section__slider-item lang-az\">\n            <img loading=\"lazy\" decoding=\"async\" width=\"1330\" height=\"300\" src=\"https:\/\/breezy.band\/wp-content\/uploads\/2025\/03\/ispace.webp\" class=\"style-svg\" alt=\"\" srcset=\"https:\/\/breezy.band\/wp-content\/uploads\/2025\/03\/ispace.webp 1330w, https:\/\/breezy.band\/wp-content\/uploads\/2025\/03\/ispace-300x68.webp 300w, https:\/\/breezy.band\/wp-content\/uploads\/2025\/03\/ispace-1024x231.webp 1024w, https:\/\/breezy.band\/wp-content\/uploads\/2025\/03\/ispace-768x173.webp 768w\" sizes=\"auto, (max-width: 1330px) 100vw, 1330px\" \/>          <\/div>\n                <div class=\"swiper-slide hero-section__slider-item lang-az\">\n            <img loading=\"lazy\" decoding=\"async\" width=\"300\" height=\"284\" src=\"https:\/\/breezy.band\/wp-content\/uploads\/2025\/03\/kontakt-home-logo-e1742474280275.png\" class=\"style-svg\" alt=\"\" \/>          <\/div>\n                <div class=\"swiper-slide hero-section__slider-item lang-az\">\n            <img loading=\"lazy\" decoding=\"async\" width=\"345\" height=\"170\" src=\"https:\/\/breezy.band\/wp-content\/uploads\/2025\/03\/31.png\" class=\"style-svg\" alt=\"\" srcset=\"https:\/\/breezy.band\/wp-content\/uploads\/2025\/03\/31.png 345w, https:\/\/breezy.band\/wp-content\/uploads\/2025\/03\/31-300x148.png 300w\" sizes=\"auto, (max-width: 345px) 100vw, 345px\" \/>          <\/div>\n                <div class=\"swiper-slide hero-section__slider-item lang-az\">\n            <img loading=\"lazy\" decoding=\"async\" width=\"2218\" height=\"998\" src=\"https:\/\/breezy.band\/wp-content\/uploads\/2025\/03\/irshad_logo.png\" class=\"style-svg\" alt=\"\" srcset=\"https:\/\/breezy.band\/wp-content\/uploads\/2025\/03\/irshad_logo.png 2218w, https:\/\/breezy.band\/wp-content\/uploads\/2025\/03\/irshad_logo-300x135.png 300w, https:\/\/breezy.band\/wp-content\/uploads\/2025\/03\/irshad_logo-1024x461.png 1024w, https:\/\/breezy.band\/wp-content\/uploads\/2025\/03\/irshad_logo-768x346.png 768w, https:\/\/breezy.band\/wp-content\/uploads\/2025\/03\/irshad_logo-1536x691.png 1536w, https:\/\/breezy.band\/wp-content\/uploads\/2025\/03\/irshad_logo-2048x922.png 2048w\" sizes=\"auto, (max-width: 2218px) 100vw, 2218px\" \/>          <\/div>\n            <\/div>\n      <\/div>\n          <\/div>\n  <\/div>\n<\/section>\n<p>Cihaz\u0131n\u0131z haqq\u0131nda daha \u00e7ox t\u0259hl\u00fck\u0259sizlik m\u0259lumat\u0131 \u0259ld\u0259 etm\u0259k \u00fc\u00e7\u00fcn a\u015fa\u011f\u0131dak\u0131 link\u0259 klikl\u0259yin:<\/p>\n<p><strong>Apple<\/strong> <a href=\"https:\/\/support.apple.com\/en-gb\/guide\/iphone\/welcome\/ios\">iPhone<\/a> \/ <a href=\"https:\/\/support.apple.com\/en-gb\/guide\/ipad\/welcome\/ipados\">iPad<\/a> \/ <a href=\"https:\/\/support.apple.com\/en-gb\/guide\/macbook-pro\/welcome\/mac\">MacBook Pro<\/a> \/ <a href=\"https:\/\/support.apple.com\/en-gb\/guide\/macbook-air\/welcome\/mac\">MacBook Air<\/a> \/ <a href=\"https:\/\/support.apple.com\/en-gb\/guide\/watch\/welcome\/watchos\">Apple Watch<\/a> \/ <a href=\"https:\/\/support.apple.com\/en-gb\/guide\/airpods\/welcome\/web\">AirPods<\/a><\/p>\n<p><strong>Samsung<\/strong> <a href=\"https:\/\/samsung.com\/uk\/support\/user-manuals-and-guide\/\">https:\/\/samsung.com\/uk\/support\/user-manuals-and-guide\/<\/a><\/p>\n<p><strong>Xiaomi<\/strong> <a href=\"https:\/\/:%2F%2Fmi-store.pl%2Finstrukcje-obslugi-chelp-pol-68.html&amp;data=05%7C02%7Cb.zebrowski%40breezy.band%7C83dbe3fb58764df5271b08dcc67439c5%7C0fd4a10b7f214f11a0a6e0a1f67953f8%7C0%7C0%7C638603452034600137%7Cunknown%7Ctwfpbgzsb3d8eyjwijoimc4wljawmdailcjqijoiv2lumziilcjbtii6ik1hawwilcjxvci6mn0=%7C0%7C%7C%7C&amp;sdata=vht3%2Fil207eviel2m2wc5ztwel70iyxcbdlpxqlbkzi=&amp;reserved=0\/\">https:\/\/mi-store.pl\/Instrukcje-obslugi-chelp-pol-68.html<\/a><\/p>\n<p><strong>Oppo<\/strong> <a href=\"https:\/\/support.oppo.com\/en\/user-guide\/\">https:\/\/support.oppo.com\/en\/user-guide\/<\/a><\/p>\n<p><strong>Huawei<\/strong> <a href=\"https:\/\/consumer.huawei.com\/en\/support\/phones\/\">https:\/\/consumer.huawei.com\/en\/support\/phones\/<\/a><\/p>\n<p><strong>Vivo<\/strong> <a href=\"https:\/\/vivo.com\/en\/support\/system-update\">https:\/\/vivo.com\/en\/support\/system-update<\/a><\/p>\n\n<p><\/p>\n","protected":false},"excerpt":{"rendered":"<p>Cihaz\u0131n\u0131z haqq\u0131nda daha \u00e7ox t\u0259hl\u00fck\u0259sizlik m\u0259lumat\u0131 \u0259ld\u0259 etm\u0259k \u00fc\u00e7\u00fcn a\u015fa\u011f\u0131dak\u0131 link\u0259 klikl\u0259yin: Apple iPhone \/ iPad \/ MacBook Pro \/ MacBook Air \/ Apple Watch \/ AirPods Samsung https:\/\/samsung.com\/uk\/support\/user-manuals-and-guide\/ Xiaomi https:\/\/mi-store.pl\/Instrukcje-obslugi-chelp-pol-68.html Oppo https:\/\/support.oppo.com\/en\/user-guide\/ Huawei https:\/\/consumer.huawei.com\/en\/support\/phones\/ Vivo https:\/\/vivo.com\/en\/support\/system-update<\/p>\n","protected":false},"author":1,"featured_media":0,"parent":0,"menu_order":0,"comment_status":"closed","ping_status":"closed","template":"","meta":{"inline_featured_image":false,"footnotes":""},"class_list":["post-18661","page","type-page","status-publish","hentry"],"acf":[],"yoast_head":"<!-- This site is optimized with the Yoast SEO plugin v26.9 - https:\/\/yoast.com\/product\/yoast-seo-wordpress\/ -->\n<title>T\u0259krar emaldan istifad\u0259 - Breezy Site<\/title>\n<meta name=\"robots\" content=\"index, follow, max-snippet:-1, max-image-preview:large, max-video-preview:-1\" \/>\n<link rel=\"canonical\" href=\"https:\/\/breezy.band\/az-az\/t%c9%99krar-emaldan-istifad%c9%99\/\" \/>\n<meta property=\"og:locale\" content=\"az_AZ\" \/>\n<meta property=\"og:type\" content=\"article\" \/>\n<meta property=\"og:title\" content=\"T\u0259krar emaldan istifad\u0259 - Breezy Site\" \/>\n<meta property=\"og:description\" content=\"Cihaz\u0131n\u0131z haqq\u0131nda daha \u00e7ox t\u0259hl\u00fck\u0259sizlik m\u0259lumat\u0131 \u0259ld\u0259 etm\u0259k \u00fc\u00e7\u00fcn a\u015fa\u011f\u0131dak\u0131 link\u0259 klikl\u0259yin: Apple iPhone \/ iPad \/ MacBook Pro \/ MacBook Air \/ Apple Watch \/ AirPods Samsung https:\/\/samsung.com\/uk\/support\/user-manuals-and-guide\/ Xiaomi https:\/\/mi-store.pl\/Instrukcje-obslugi-chelp-pol-68.html Oppo https:\/\/support.oppo.com\/en\/user-guide\/ Huawei https:\/\/consumer.huawei.com\/en\/support\/phones\/ Vivo https:\/\/vivo.com\/en\/support\/system-update\" \/>\n<meta property=\"og:url\" content=\"https:\/\/breezy.band\/az-az\/t%c9%99krar-emaldan-istifad%c9%99\/\" \/>\n<meta property=\"og:site_name\" content=\"Breezy Site\" \/>\n<meta property=\"article:modified_time\" content=\"2025-05-07T10:13:21+00:00\" \/>\n<meta name=\"twitter:card\" content=\"summary_large_image\" \/>\n<script type=\"application\/ld+json\" class=\"yoast-schema-graph\">{\"@context\":\"https:\/\/schema.org\",\"@graph\":[{\"@type\":\"WebPage\",\"@id\":\"https:\/\/breezy.band\/az-az\/t%c9%99krar-emaldan-istifad%c9%99\/\",\"url\":\"https:\/\/breezy.band\/az-az\/t%c9%99krar-emaldan-istifad%c9%99\/\",\"name\":\"T\u0259krar emaldan istifad\u0259 - Breezy Site\",\"isPartOf\":{\"@id\":\"https:\/\/breezy.band\/az-az\/#website\"},\"datePublished\":\"2025-04-03T12:54:04+00:00\",\"dateModified\":\"2025-05-07T10:13:21+00:00\",\"breadcrumb\":{\"@id\":\"https:\/\/breezy.band\/az-az\/t%c9%99krar-emaldan-istifad%c9%99\/#breadcrumb\"},\"inLanguage\":\"az-az\",\"potentialAction\":[{\"@type\":\"ReadAction\",\"target\":[\"https:\/\/breezy.band\/az-az\/t%c9%99krar-emaldan-istifad%c9%99\/\"]}]},{\"@type\":\"BreadcrumbList\",\"@id\":\"https:\/\/breezy.band\/az-az\/t%c9%99krar-emaldan-istifad%c9%99\/#breadcrumb\",\"itemListElement\":[{\"@type\":\"ListItem\",\"position\":1,\"name\":\"Home\",\"item\":\"https:\/\/breezy.band\/az-az\/\"},{\"@type\":\"ListItem\",\"position\":2,\"name\":\"T\u0259krar emaldan istifad\u0259\"}]},{\"@type\":\"WebSite\",\"@id\":\"https:\/\/breezy.band\/az-az\/#website\",\"url\":\"https:\/\/breezy.band\/az-az\/\",\"name\":\"Breezy\",\"description\":\"Breezy\",\"potentialAction\":[{\"@type\":\"SearchAction\",\"target\":{\"@type\":\"EntryPoint\",\"urlTemplate\":\"https:\/\/breezy.band\/az-az\/?s={search_term_string}\"},\"query-input\":{\"@type\":\"PropertyValueSpecification\",\"valueRequired\":true,\"valueName\":\"search_term_string\"}}],\"inLanguage\":\"az-az\"}]}<\/script>\n<!-- \/ Yoast SEO plugin. -->","yoast_head_json":{"title":"T\u0259krar emaldan istifad\u0259 - Breezy Site","robots":{"index":"index","follow":"follow","max-snippet":"max-snippet:-1","max-image-preview":"max-image-preview:large","max-video-preview":"max-video-preview:-1"},"canonical":"https:\/\/breezy.band\/az-az\/t%c9%99krar-emaldan-istifad%c9%99\/","og_locale":"az_AZ","og_type":"article","og_title":"T\u0259krar emaldan istifad\u0259 - Breezy Site","og_description":"Cihaz\u0131n\u0131z haqq\u0131nda daha \u00e7ox t\u0259hl\u00fck\u0259sizlik m\u0259lumat\u0131 \u0259ld\u0259 etm\u0259k \u00fc\u00e7\u00fcn a\u015fa\u011f\u0131dak\u0131 link\u0259 klikl\u0259yin: Apple iPhone \/ iPad \/ MacBook Pro \/ MacBook Air \/ Apple Watch \/ AirPods Samsung https:\/\/samsung.com\/uk\/support\/user-manuals-and-guide\/ Xiaomi https:\/\/mi-store.pl\/Instrukcje-obslugi-chelp-pol-68.html Oppo https:\/\/support.oppo.com\/en\/user-guide\/ Huawei https:\/\/consumer.huawei.com\/en\/support\/phones\/ Vivo https:\/\/vivo.com\/en\/support\/system-update","og_url":"https:\/\/breezy.band\/az-az\/t%c9%99krar-emaldan-istifad%c9%99\/","og_site_name":"Breezy Site","article_modified_time":"2025-05-07T10:13:21+00:00","twitter_card":"summary_large_image","schema":{"@context":"https:\/\/schema.org","@graph":[{"@type":"WebPage","@id":"https:\/\/breezy.band\/az-az\/t%c9%99krar-emaldan-istifad%c9%99\/","url":"https:\/\/breezy.band\/az-az\/t%c9%99krar-emaldan-istifad%c9%99\/","name":"T\u0259krar emaldan istifad\u0259 - Breezy Site","isPartOf":{"@id":"https:\/\/breezy.band\/az-az\/#website"},"datePublished":"2025-04-03T12:54:04+00:00","dateModified":"2025-05-07T10:13:21+00:00","breadcrumb":{"@id":"https:\/\/breezy.band\/az-az\/t%c9%99krar-emaldan-istifad%c9%99\/#breadcrumb"},"inLanguage":"az-az","potentialAction":[{"@type":"ReadAction","target":["https:\/\/breezy.band\/az-az\/t%c9%99krar-emaldan-istifad%c9%99\/"]}]},{"@type":"BreadcrumbList","@id":"https:\/\/breezy.band\/az-az\/t%c9%99krar-emaldan-istifad%c9%99\/#breadcrumb","itemListElement":[{"@type":"ListItem","position":1,"name":"Home","item":"https:\/\/breezy.band\/az-az\/"},{"@type":"ListItem","position":2,"name":"T\u0259krar emaldan istifad\u0259"}]},{"@type":"WebSite","@id":"https:\/\/breezy.band\/az-az\/#website","url":"https:\/\/breezy.band\/az-az\/","name":"Breezy","description":"Breezy","potentialAction":[{"@type":"SearchAction","target":{"@type":"EntryPoint","urlTemplate":"https:\/\/breezy.band\/az-az\/?s={search_term_string}"},"query-input":{"@type":"PropertyValueSpecification","valueRequired":true,"valueName":"search_term_string"}}],"inLanguage":"az-az"}]}},"_links":{"self":[{"href":"https:\/\/breezy.band\/az-az\/wp-json\/wp\/v2\/pages\/18661","targetHints":{"allow":["GET"]}}],"collection":[{"href":"https:\/\/breezy.band\/az-az\/wp-json\/wp\/v2\/pages"}],"about":[{"href":"https:\/\/breezy.band\/az-az\/wp-json\/wp\/v2\/types\/page"}],"author":[{"embeddable":true,"href":"https:\/\/breezy.band\/az-az\/wp-json\/wp\/v2\/users\/1"}],"replies":[{"embeddable":true,"href":"https:\/\/breezy.band\/az-az\/wp-json\/wp\/v2\/comments?post=18661"}],"version-history":[{"count":1,"href":"https:\/\/breezy.band\/az-az\/wp-json\/wp\/v2\/pages\/18661\/revisions"}],"predecessor-version":[{"id":18664,"href":"https:\/\/breezy.band\/az-az\/wp-json\/wp\/v2\/pages\/18661\/revisions\/18664"}],"wp:attachment":[{"href":"https:\/\/breezy.band\/az-az\/wp-json\/wp\/v2\/media?parent=18661"}],"curies":[{"name":"wp","href":"https:\/\/api.w.org\/{rel}","templated":true}]}}