{"id":18639,"date":"2025-04-03T12:57:38","date_gmt":"2025-04-03T12:57:38","guid":{"rendered":"https:\/\/band.breezyx.space\/kukil%c9%99r-siyas%c9%99ti\/"},"modified":"2025-05-07T10:13:18","modified_gmt":"2025-05-07T10:13:18","slug":"kukil%c9%99r-siyas%c9%99ti","status":"publish","type":"page","link":"https:\/\/breezy.band\/az-az\/kukil%c9%99r-siyas%c9%99ti\/","title":{"rendered":"Kukil\u0259r Siyas\u0259ti"},"content":{"rendered":"\n<section id=\"hero-section-block_7ad82d6110017bb2a820dd5da8221160\" class=\"hero-section  alignfull\">\n    <div class=\"hero-section__bg sa\u011f_konteyner\" data-aos=\"fade-in\" data-aos-duration=\"600\">\n    <img loading=\"lazy\" decoding=\"async\" width=\"1\" height=\"1\" src=\"https:\/\/breezy.band\/wp-content\/uploads\/2025\/03\/group-1171275477.svg\" class=\"style-svg\" alt=\"background-image\" id=\"dair\u0259\" \/>  <\/div>\n  \n  <div class=\"container\">\n    <div class=\"hero-section__main\">\n      <div class=\"hero-section__main-info\">\n        <div class=\"hero-section__main-info-left\">\n                    <h1>\n            Kukil\u0259r Siyas\u0259ti          <\/h1>\n                    \t        \n\t        \n        <\/div>\n        <div class=\"hero-section__main-info-right\">\n          <div class=\"hero-section__img\">\n                      <\/div>\n\n          \n          \n        <\/div>\n\n      <\/div>\n            <div class=\"hero-section__slider swiper js-hero-slider\">\n          <div class=\"swiper-wrapper\">\n                    <div class=\"swiper-slide hero-section__slider-item lang-az\">\n            <img loading=\"lazy\" decoding=\"async\" width=\"1330\" height=\"300\" src=\"https:\/\/breezy.band\/wp-content\/uploads\/2025\/03\/ispace.webp\" class=\"style-svg\" alt=\"\" srcset=\"https:\/\/breezy.band\/wp-content\/uploads\/2025\/03\/ispace.webp 1330w, https:\/\/breezy.band\/wp-content\/uploads\/2025\/03\/ispace-300x68.webp 300w, https:\/\/breezy.band\/wp-content\/uploads\/2025\/03\/ispace-1024x231.webp 1024w, https:\/\/breezy.band\/wp-content\/uploads\/2025\/03\/ispace-768x173.webp 768w\" sizes=\"auto, (max-width: 1330px) 100vw, 1330px\" \/>          <\/div>\n                <div class=\"swiper-slide hero-section__slider-item lang-az\">\n            <img loading=\"lazy\" decoding=\"async\" width=\"300\" height=\"284\" src=\"https:\/\/breezy.band\/wp-content\/uploads\/2025\/03\/kontakt-home-logo-e1742474280275.png\" class=\"style-svg\" alt=\"\" \/>          <\/div>\n                <div class=\"swiper-slide hero-section__slider-item lang-az\">\n            <img loading=\"lazy\" decoding=\"async\" width=\"345\" height=\"170\" src=\"https:\/\/breezy.band\/wp-content\/uploads\/2025\/03\/31.png\" class=\"style-svg\" alt=\"\" srcset=\"https:\/\/breezy.band\/wp-content\/uploads\/2025\/03\/31.png 345w, https:\/\/breezy.band\/wp-content\/uploads\/2025\/03\/31-300x148.png 300w\" sizes=\"auto, (max-width: 345px) 100vw, 345px\" \/>          <\/div>\n                <div class=\"swiper-slide hero-section__slider-item lang-az\">\n            <img loading=\"lazy\" decoding=\"async\" width=\"2218\" height=\"998\" src=\"https:\/\/breezy.band\/wp-content\/uploads\/2025\/03\/irshad_logo.png\" class=\"style-svg\" alt=\"\" srcset=\"https:\/\/breezy.band\/wp-content\/uploads\/2025\/03\/irshad_logo.png 2218w, https:\/\/breezy.band\/wp-content\/uploads\/2025\/03\/irshad_logo-300x135.png 300w, https:\/\/breezy.band\/wp-content\/uploads\/2025\/03\/irshad_logo-1024x461.png 1024w, https:\/\/breezy.band\/wp-content\/uploads\/2025\/03\/irshad_logo-768x346.png 768w, https:\/\/breezy.band\/wp-content\/uploads\/2025\/03\/irshad_logo-1536x691.png 1536w, https:\/\/breezy.band\/wp-content\/uploads\/2025\/03\/irshad_logo-2048x922.png 2048w\" sizes=\"auto, (max-width: 2218px) 100vw, 2218px\" \/>          <\/div>\n                <div class=\"swiper-slide hero-section__slider-item lang-az\">\n            <img loading=\"lazy\" decoding=\"async\" width=\"1330\" height=\"300\" src=\"https:\/\/breezy.band\/wp-content\/uploads\/2025\/03\/ispace.webp\" class=\"style-svg\" alt=\"\" srcset=\"https:\/\/breezy.band\/wp-content\/uploads\/2025\/03\/ispace.webp 1330w, https:\/\/breezy.band\/wp-content\/uploads\/2025\/03\/ispace-300x68.webp 300w, https:\/\/breezy.band\/wp-content\/uploads\/2025\/03\/ispace-1024x231.webp 1024w, https:\/\/breezy.band\/wp-content\/uploads\/2025\/03\/ispace-768x173.webp 768w\" sizes=\"auto, (max-width: 1330px) 100vw, 1330px\" \/>          <\/div>\n                <div class=\"swiper-slide hero-section__slider-item lang-az\">\n            <img loading=\"lazy\" decoding=\"async\" width=\"300\" height=\"284\" src=\"https:\/\/breezy.band\/wp-content\/uploads\/2025\/03\/kontakt-home-logo-e1742474280275.png\" class=\"style-svg\" alt=\"\" \/>          <\/div>\n                <div class=\"swiper-slide hero-section__slider-item lang-az\">\n            <img loading=\"lazy\" decoding=\"async\" width=\"345\" height=\"170\" src=\"https:\/\/breezy.band\/wp-content\/uploads\/2025\/03\/31.png\" class=\"style-svg\" alt=\"\" srcset=\"https:\/\/breezy.band\/wp-content\/uploads\/2025\/03\/31.png 345w, https:\/\/breezy.band\/wp-content\/uploads\/2025\/03\/31-300x148.png 300w\" sizes=\"auto, (max-width: 345px) 100vw, 345px\" \/>          <\/div>\n                <div class=\"swiper-slide hero-section__slider-item lang-az\">\n            <img loading=\"lazy\" decoding=\"async\" width=\"2218\" height=\"998\" src=\"https:\/\/breezy.band\/wp-content\/uploads\/2025\/03\/irshad_logo.png\" class=\"style-svg\" alt=\"\" srcset=\"https:\/\/breezy.band\/wp-content\/uploads\/2025\/03\/irshad_logo.png 2218w, https:\/\/breezy.band\/wp-content\/uploads\/2025\/03\/irshad_logo-300x135.png 300w, https:\/\/breezy.band\/wp-content\/uploads\/2025\/03\/irshad_logo-1024x461.png 1024w, https:\/\/breezy.band\/wp-content\/uploads\/2025\/03\/irshad_logo-768x346.png 768w, https:\/\/breezy.band\/wp-content\/uploads\/2025\/03\/irshad_logo-1536x691.png 1536w, https:\/\/breezy.band\/wp-content\/uploads\/2025\/03\/irshad_logo-2048x922.png 2048w\" sizes=\"auto, (max-width: 2218px) 100vw, 2218px\" \/>          <\/div>\n            <\/div>\n      <\/div>\n          <\/div>\n  <\/div>\n<\/section>\n<p><strong>Kukil\u0259r Siyas\u0259ti<\/strong> <\/p>\n<p><strong>M\u00fcnd\u0259ricat<\/strong><\/p>\n<ol>\n<li>Pe\u00e7enye n\u0259dir<\/li>\n<li>Brauzer n\u0259dir<\/li>\n<li>Kukil\u0259r v\u0259 \u015f\u0259xsi m\u0259lumatlar<\/li>\n<li>Kukil\u0259r siyas\u0259ti<\/li>\n<li>Veb sayt\u0131m\u0131zda hans\u0131 kukil\u0259rd\u0259n istifad\u0259 edirik<\/li>\n<li>\u018fsas kukil\u0259r<\/li>\n<li>Analitik kukil\u0259r<\/li>\n<li>Sizd\u0259 olan se\u00e7iml\u0259r<\/li>\n<li>Kukil\u0259r\u0259 nec\u0259 n\u0259zar\u0259t etm\u0259k olar<\/li>\n<li>Bu Siyas\u0259td\u0259 D\u0259yi\u015fiklikl\u0259r<\/li>\n<\/ol>\n<p><strong>  1. Kukil\u0259r n\u0259dir?<\/strong><\/p>\n<p>\u201cKukil\u0259r\u201d m\u0259tn format\u0131nda olan ki\u00e7ik fayl par\u00e7alar\u0131d\u0131r v\u0259 \u0130stifad\u0259\u00e7i vebsayta daxil olduqda brauzerd\u0259 saxlan\u0131l\u0131r. \u0130stifad\u0259\u00e7inin komp\u00fcterind\u0259 saxlan\u0131lan m\u0259lumatda istifad\u0259\u00e7inin hans\u0131 s\u0259hif\u0259l\u0259r\u0259 daxil oldu\u011fu v\u0259 istifad\u0259\u00e7i identifikasiya n\u00f6mr\u0259si kimi m\u0259lumatlar ola bil\u0259r. Bu istifad\u0259 il\u0259 vebsayt \u0130stifad\u0259\u00e7inin vebsaytda g\u0259zm\u0259si il\u0259 ba\u011fl\u0131 faydal\u0131 m\u0259lumatlar\u0131 saxlaya, h\u0259m\u00e7inin \u0130stifad\u0259\u00e7iy\u0259 vahid bax\u0131\u015f t\u0259cr\u00fcb\u0259si t\u0259klif etm\u0259k \u00fc\u00e7\u00fcn bu m\u0259lumatlar\u0131 oxuya bilir.  <\/p>\n<p>Kukil\u0259r ziyar\u0259t\u00e7il\u0259rimizin se\u00e7iml\u0259rin\u0259 uy\u011fun olaraq veb sayt\u0131m\u0131z\u0131n f\u0259aliyy\u0259tini v\u0259 trafikini g\u00f6rm\u0259y\u0259, onun funksionall\u0131\u011f\u0131n\u0131 v\u0259 m\u0259zmununu yax\u015f\u0131la\u015fd\u0131rma\u011fa k\u00f6m\u0259k edir. Ziyar\u0259t\u00e7il\u0259rimiz\u0259 onlar\u0131n maraqlar\u0131na daha uy\u011fun m\u0259zmun t\u0259qdim etm\u0259k \u00fc\u00e7\u00fcn biz h\u0259m\u00e7inin kukil\u0259rd\u0259n kommersiya\/reklam m\u0259qs\u0259dl\u0259ri \u00fc\u00e7\u00fcn istifad\u0259 edirik.   <\/p>\n<p><strong>  2. Brauzer n\u0259dir?<\/strong><\/p>\n<p>Brauzer internetd\u0259 s\u00f6rf etm\u0259y\u0259 imkan ver\u0259n proqramd\u0131r. \u018fn \u00e7ox yay\u0131lm\u0131\u015f brauzerl\u0259r Google Chrome, Edge, Firefox, Safari v\u0259 Operad\u0131r. \u018fks\u0259r brauzerl\u0259r t\u0259hl\u00fck\u0259sizdir v\u0259 kukil\u0259r kimi m\u0259lumatlar\u0131 silm\u0259yin tez v\u0259 asan yollar\u0131n\u0131 t\u0259klif edir.  <\/p>\n<p>Siz brauzerinizin parametrl\u0259ri vasit\u0259sil\u0259 kukil\u0259rin cihaz\u0131n\u0131z t\u0259r\u0259find\u0259n nec\u0259 idar\u0259 olunaca\u011f\u0131n\u0131 se\u00e7\u0259 bil\u0259rsiniz. \u018fn populyar brauzerl\u0259r istifad\u0259\u00e7il\u0259r\u0259 (a) b\u00fct\u00fcn kukil\u0259ri q\u0259bul etm\u0259y\u0259 (b) kuki verildikd\u0259 sizi x\u0259b\u0259rdar etm\u0259y\u0259, (c) ist\u0259nil\u0259n vaxt kukil\u0259ri almama\u011fa imkan verir. \u0130st\u0259nil\u0259n vaxt kukil\u0259ri q\u0259bul etm\u0259m\u0259yi se\u00e7s\u0259niz, veb-sayt d\u00fczg\u00fcn i\u015fl\u0259m\u0259y\u0259 bil\u0259r v\u0259 m\u00fc\u0259yy\u0259n xidm\u0259tl\u0259r t\u0259min edilm\u0259y\u0259c\u0259k, bu da vebsaytla ba\u011fl\u0131 t\u0259cr\u00fcb\u0259nizi pozacaq. Kuki se\u00e7iml\u0259rinizi nec\u0259 d\u0259yi\u015fdir\u0259c\u0259yinizi \u00f6yr\u0259nm\u0259k \u00fc\u00e7\u00fcn brauzerinizin \u201cK\u00f6m\u0259k\u201d menyusunu yoxlay\u0131n.        <\/p>\n<p><strong>  3. Kukil\u0259r v\u0259 \u015f\u0259xsi m\u0259lumatlar<\/strong><\/p>\n<p>Yaln\u0131z kukil\u0259r biz\u0259 \u015f\u0259xsi m\u0259lumatlar\u0131n\u0131z\u0131, m\u0259s\u0259l\u0259n, e-po\u00e7t \u00fcnvan\u0131n\u0131z\u0131 t\u0259qdim etmir, \u0259g\u0259r siz bu m\u0259lumat\u0131 biz\u0259 t\u0259qdim etm\u0259yi se\u00e7m\u0259s\u0259niz. Siz \u015f\u0259xsi m\u0259lumatlarla veb s\u0259hif\u0259ni t\u0259min etm\u0259yi se\u00e7dikd\u0259n sonra bu m\u0259lumat kukid\u0259 saxlan\u0131lan m\u0259lumatlarla \u0259laq\u0259l\u0259ndiril\u0259 bil\u0259r.   <\/p>\n<p><strong>  4. Kukil\u0259r Siyas\u0259ti<\/strong><\/p>\n<p>Bu siyas\u0259t, HE 75069 qeydiyyat n\u00f6mr\u0259si, qeydiyyat \u00fcnvan\u0131: 1 Iapetou, 4101, Agios Athanasios, Limassol, Kipr (\u201c\u015eirk\u0259t\u201d, \u201cBiz\u201d, \u201cBizim \u015firk\u0259tl\u0259r\u201d v\u0259 \u201cOff\u201d \u015firk\u0259tl\u0259ri, a) qeydiyyat n\u00f6mr\u0259si il\u0259, Kipr Respublikas\u0131n\u0131n qanunvericiliyin\u0259 \u0259sas\u0259n qeydiyyatdan ke\u00e7mi\u015f ASBISC ENTERPRISES PLC \u015firk\u0259tinin nec\u0259 v\u0259 n\u0259 \u00fc\u00e7\u00fcn oldu\u011funu izah edir. https:\/\/breezy.band\/ (\u201csayt\u201d) v\u0259 onlara nec\u0259 n\u0259zar\u0259t ed\u0259 bil\u0259rsiniz. Bu siyas\u0259tin m\u0259qs\u0259dl\u0259ri \u00fc\u00e7\u00fcn t\u00f6r\u0259m\u0259 \u015firk\u0259t birba\u015fa v\u0259 ya dolay\u0131s\u0131 il\u0259 sahiblik ed\u0259n v\u0259 ya n\u0259zar\u0259t ed\u0259n, m\u00fclkiyy\u0259tind\u0259 olan v\u0259 ya ona n\u0259zar\u0259t edil\u0259n v\u0259 ya \u00fcmumi m\u00fclkiyy\u0259td\u0259 v\u0259 ya dig\u0259r m\u00fc\u0259ssis\u0259 v\u0259 ya \u015firk\u0259tin brendi v\u0259 ya m\u0259hsullar\u0131 il\u0259 n\u0259zar\u0259ti alt\u0131nda olan m\u00fc\u0259ssis\u0259 dem\u0259kdir. Burada istifad\u0259 edildiyi kimi, \u201cn\u0259zar\u0259t\u201d m\u00fc\u0259ssis\u0259nin idar\u0259 edilm\u0259sin\u0259 v\u0259 ya i\u015fl\u0259rin\u0259 r\u0259hb\u0259rlik etm\u0259k s\u0259lahiyy\u0259ti, \u201cm\u00fclkiyy\u0259t\u201d is\u0259 t\u0259\u015fkilat\u0131n s\u0259sverm\u0259 h\u00fcququna malik olan s\u0259hm qiym\u0259tli ka\u011f\u0131zlar\u0131n\u0131n v\u0259 ya dig\u0259r ekvivalent s\u0259s h\u00fcquqlu paylar\u0131n\u0131n \u0259lli faizin\u0259 (50%) v\u0259 ya daha \u00e7oxuna benefisiar sahiblik dem\u0259kdir.    <\/p>\n<p><strong>  5. Veb sayt\u0131m\u0131zda hans\u0131 kukil\u0259rd\u0259n istifad\u0259 edirik<\/strong><\/p>\n<p>\u0130stifad\u0259\u00e7inin veb sayt\u0131m\u0131zdan nec\u0259 istifad\u0259 etdiyini ba\u015fa d\u00fc\u015fm\u0259y\u0259 v\u0259 onun strukturunu v\u0259 m\u0259zmununu t\u0259kmill\u0259\u015fdirm\u0259y\u0259 k\u00f6m\u0259k ed\u0259n m\u0259cmu statistik m\u0259lumatlar\u0131 t\u0259rtib etm\u0259k \u00fc\u00e7\u00fcn veb sayt\u0131m\u0131zda kukil\u0259rd\u0259n istifad\u0259 edirik.<\/p>\n<p><strong>  6. \u018fsas kukil\u0259r<\/strong><\/p>\n<p>Bu kukil\u0259r vebsayt\u0131n d\u00fczg\u00fcn i\u015fl\u0259m\u0259si \u00fc\u00e7\u00fcn laz\u0131md\u0131r. Qanuna g\u00f6r\u0259, onlar\u0131 q\u0259bul etm\u0259k \u00fc\u00e7\u00fcn sizin t\u0259r\u0259finizd\u0259n he\u00e7 bir h\u0259r\u0259k\u0259t t\u0259l\u0259b olunmur. \u00dc\u00e7\u00fcnc\u00fc t\u0259r\u0259f t\u0259minat\u00e7\u0131lar\u0131 bu m\u0259lumatlara \u00e7\u0131x\u0131\u015f \u0259ld\u0259 ed\u0259 bil\u0259r.    <\/p>\n<p><strong>  7. Analitik kukil\u0259r<\/strong><\/p>\n<p>Bu kukil\u0259r istifad\u0259\u00e7il\u0259ri f\u0259rql\u0259ndirm\u0259k, onlar\u0131n davran\u0131\u015flar\u0131n\u0131 izl\u0259m\u0259k v\u0259 t\u0259hlil etm\u0259k \u00fc\u00e7\u00fcn istifad\u0259 olunur. Onlar veb-sayt\u0131n istifad\u0259si il\u0259 ba\u011fl\u0131 m\u0259lumatlar\u0131 saxlay\u0131r, ziyar\u0259t\u00e7il\u0259ri hesablay\u0131r, sessiya ID-sini v\u0259 kampaniya m\u0259lumatlar\u0131n\u0131 saxlay\u0131r, h\u0259m\u00e7inin sayt\u0131n analitik hesabat\u0131 \u00fc\u00e7\u00fcn saytdan istifad\u0259ni izl\u0259yirl\u0259r. Toplanan m\u0259lumatlar\u0131n b\u0259zil\u0259rin\u0259 istifad\u0259\u00e7il\u0259rin say\u0131, onlar\u0131n m\u0259nb\u0259yi v\u0259 daxil olduqlar\u0131 s\u0259hif\u0259l\u0259r daxildir. Analytics Cookies t\u0259r\u0259find\u0259n toplanan b\u00fct\u00fcn m\u0259lumatlar anonim \u015f\u0259kild\u0259 saxlan\u0131l\u0131r.   <\/p>\n<p>Google Analytics t\u0259r\u0259find\u0259n qura\u015fd\u0131r\u0131lm\u0131\u015f kukil\u0259r ziyar\u0259t\u00e7il\u0259ri, sessiyan\u0131, kampaniya m\u0259lumatlar\u0131n\u0131 hesablay\u0131r v\u0259 h\u0259m\u00e7inin sayt\u0131n analitik hesabat\u0131 \u00fc\u00e7\u00fcn istifad\u0259\u00e7i davran\u0131\u015f\u0131n\u0131 izl\u0259y\u0259n saytdan istifad\u0259ni izl\u0259yir. Bu kukil\u0259r m\u0259lumatlar\u0131 anonim \u015f\u0259kild\u0259 saxlay\u0131r v\u0259 unikal ziyar\u0259t\u00e7il\u0259ri tan\u0131maq \u00fc\u00e7\u00fcn t\u0259sad\u00fcfi yarad\u0131lan n\u00f6mr\u0259 t\u0259yin edir. Onlar h\u0259m\u00e7inin veb-sayt\u0131n f\u0259aliyy\u0259tin\u0259 dair analitik hesabat yaratark\u0259n ziyar\u0259t\u00e7il\u0259rin veb-saytdan nec\u0259 istifad\u0259 etdiyin\u0259 dair m\u0259lumatlar\u0131 saxlay\u0131rlar. Toplanm\u0131\u015f m\u0259lumatlar\u0131n b\u0259zil\u0259rin\u0259 ziyar\u0259t\u00e7il\u0259rin say\u0131, onlar\u0131n m\u0259nb\u0259yi v\u0259 anonim daxil olduqlar\u0131 s\u0259hif\u0259l\u0259r daxildir.     <\/p>\n<p><strong>  8. Sizd\u0259 olan se\u00e7iml\u0259r<\/strong><\/p>\n<p>\u00dc\u00e7 se\u00e7iminiz var. Siz ya b\u00fct\u00fcn kukil\u0259ri v\u0259 dig\u0259r mexanizml\u0259ri (\u201cHam\u0131s\u0131n\u0131 q\u0259bul et\u201d) q\u0259bul etm\u0259kl\u0259 davam ed\u0259 bil\u0259rsiniz, bu da siz\u0259 veb-sayt\u0131n b\u00fct\u00fcn funksiyalar\u0131na daxil olmaq v\u0259 ya h\u0259r hans\u0131 laz\u0131ms\u0131z kukid\u0259n imtina (\u201cHam\u0131s\u0131n\u0131 r\u0259dd et\u201d) v\u0259 ya kukil\u0259r \u00fc\u00e7\u00fcn se\u00e7iml\u0259rinizi (\u201cKuki \u00fcst\u00fcnl\u00fckl\u0259ri\u201d) t\u0259nziml\u0259m\u0259y\u0259 davam ed\u0259 bil\u0259rsiniz. Son iki hal t\u0259cr\u00fcb\u0259nizi \u0259h\u0259miyy\u0259tli d\u0259r\u0259c\u0259d\u0259 azalda bil\u0259r.    <\/p>\n<p><strong>  9. Kukil\u0259r\u0259 nec\u0259 n\u0259zar\u0259t etm\u0259k olar<\/strong><\/p>\n<p>Siz ist\u0259nil\u0259n vaxt brauzerinizd\u0259 kukil\u0259rin qura\u015fd\u0131r\u0131lmas\u0131n\u0131n qar\u015f\u0131s\u0131n\u0131 ala bil\u0259rsiniz. H\u0259r hans\u0131 kukil\u0259rin bloklanmas\u0131, silinm\u0259si v\u0259 ya s\u00f6nd\u00fcr\u00fclm\u0259sin\u0259 dair t\u0259limatlar \u00fc\u00e7\u00fcn l\u00fctf\u0259n, brauzerinizin \u201cK\u00f6m\u0259k\u201d v\u0259 ya \u201cD\u0259st\u0259k\u201d b\u00f6lm\u0259sin\u0259 m\u00fcraci\u0259t edin. N\u0259z\u0259r\u0259 al\u0131n ki, kukil\u0259rimizi silm\u0259kl\u0259 v\u0259 ya g\u0259l\u0259c\u0259k kukil\u0259ri deaktiv etm\u0259kl\u0259 siz vebsayt\u0131m\u0131z\u0131n m\u00fc\u0259yy\u0259n sah\u0259l\u0259rin\u0259 v\u0259 ya funksiyalar\u0131na daxil ola bilm\u0259y\u0259c\u0259ksiniz.  <\/p>\n<p>Brauzeriniz\u0259 uy\u011fun olaraq kukil\u0259rin idar\u0259 edilm\u0259si v\u0259 bloklanmas\u0131 haqq\u0131nda m\u0259lumat \u00fc\u00e7\u00fcn linkl\u0259ri izl\u0259yin:<\/p>\n<ul>\n<li><a href=\"https:\/\/support.google.com\/chrome\/answer\/95647?hl=en\">Google Chrome<\/a><\/li>\n<li><a href=\"http:\/\/surl.li\/nczte\">K\u0259nar<\/a><\/li>\n<li><a href=\"https:\/\/support.mozilla.org\/en-US\/kb\/clear-cookies-and-site-data-firefox\">Firefox<\/a><\/li>\n<li><a href=\"https:\/\/support.apple.com\/en-gb\/guide\/safari\/sfri11471\/mac\">Safari<\/a><\/li>\n<li><a href=\"https:\/\/help.opera.com\/en\/latest\/web-preferences\/#cookies\">Opera<\/a><\/li>\n<\/ul>\n<p><strong>  10. Bu siyas\u0259t\u0259 d\u0259yi\u015fiklikl\u0259r<\/strong><\/p>\n<p>Biz zaman-zaman bu Kuki Siyas\u0259tini d\u0259yi\u015fdir\u0259 v\u0259\/v\u0259 ya yenil\u0259y\u0259 bil\u0259rik. Bu Cookie Siyas\u0259ti d\u0259yi\u015f\u0259rs\u0259, d\u0259yi\u015fiklik v\u0259\/v\u0259 ya yenil\u0259m\u0259 tarixi g\u00f6st\u0259ril\u0259c\u0259k v\u0259 d\u0259yi\u015fiklikl\u0259r \u0259h\u0259miyy\u0259tli olarsa, yenid\u0259n raz\u0131l\u0131\u011f\u0131n\u0131z\u0131 t\u0259l\u0259b ed\u0259c\u0259yik. \u018fn son modifikasiya il\u0259 konfiqurasiya edil\u0259n Kuki Siyas\u0259ti h\u0259mi\u015f\u0259 etibarl\u0131 say\u0131l\u0131r.  <\/p>\n<p>Tarix: 29\/04\/2025<\/p>\n\n<p><\/p>\n","protected":false},"excerpt":{"rendered":"<p>Kukil\u0259r Siyas\u0259ti M\u00fcnd\u0259ricat Pe\u00e7enye n\u0259dir Brauzer n\u0259dir Kukil\u0259r v\u0259 \u015f\u0259xsi m\u0259lumatlar Kukil\u0259r siyas\u0259ti Veb sayt\u0131m\u0131zda hans\u0131 kukil\u0259rd\u0259n istifad\u0259 edirik \u018fsas kukil\u0259r Analitik kukil\u0259r Sizd\u0259 olan se\u00e7iml\u0259r Kukil\u0259r\u0259 nec\u0259 n\u0259zar\u0259t etm\u0259k olar Bu Siyas\u0259td\u0259 D\u0259yi\u015fiklikl\u0259r 1. Kukil\u0259r n\u0259dir? \u201cKukil\u0259r\u201d m\u0259tn format\u0131nda olan ki\u00e7ik fayl par\u00e7alar\u0131d\u0131r v\u0259 \u0130stifad\u0259\u00e7i vebsayta daxil olduqda brauzerd\u0259 saxlan\u0131l\u0131r. \u0130stifad\u0259\u00e7inin komp\u00fcterind\u0259 saxlan\u0131lan m\u0259lumatda&#8230;<\/p>\n","protected":false},"author":1,"featured_media":0,"parent":0,"menu_order":0,"comment_status":"closed","ping_status":"closed","template":"","meta":{"inline_featured_image":false,"footnotes":""},"class_list":["post-18639","page","type-page","status-publish","hentry"],"acf":[],"yoast_head":"<!-- This site is optimized with the Yoast SEO plugin v26.9 - https:\/\/yoast.com\/product\/yoast-seo-wordpress\/ -->\n<title>Kukil\u0259r Siyas\u0259ti - Breezy Site<\/title>\n<meta name=\"robots\" content=\"index, follow, max-snippet:-1, max-image-preview:large, max-video-preview:-1\" \/>\n<link rel=\"canonical\" href=\"https:\/\/breezy.band\/az-az\/kukil%c9%99r-siyas%c9%99ti\/\" \/>\n<meta property=\"og:locale\" content=\"az_AZ\" \/>\n<meta property=\"og:type\" content=\"article\" \/>\n<meta property=\"og:title\" content=\"Kukil\u0259r Siyas\u0259ti - Breezy Site\" \/>\n<meta property=\"og:description\" content=\"Kukil\u0259r Siyas\u0259ti M\u00fcnd\u0259ricat Pe\u00e7enye n\u0259dir Brauzer n\u0259dir Kukil\u0259r v\u0259 \u015f\u0259xsi m\u0259lumatlar Kukil\u0259r siyas\u0259ti Veb sayt\u0131m\u0131zda hans\u0131 kukil\u0259rd\u0259n istifad\u0259 edirik \u018fsas kukil\u0259r Analitik kukil\u0259r Sizd\u0259 olan se\u00e7iml\u0259r Kukil\u0259r\u0259 nec\u0259 n\u0259zar\u0259t etm\u0259k olar Bu Siyas\u0259td\u0259 D\u0259yi\u015fiklikl\u0259r 1. Kukil\u0259r n\u0259dir? \u201cKukil\u0259r\u201d m\u0259tn format\u0131nda olan ki\u00e7ik fayl par\u00e7alar\u0131d\u0131r v\u0259 \u0130stifad\u0259\u00e7i vebsayta daxil olduqda brauzerd\u0259 saxlan\u0131l\u0131r. \u0130stifad\u0259\u00e7inin komp\u00fcterind\u0259 saxlan\u0131lan m\u0259lumatda...\" \/>\n<meta property=\"og:url\" content=\"https:\/\/breezy.band\/az-az\/kukil%c9%99r-siyas%c9%99ti\/\" \/>\n<meta property=\"og:site_name\" content=\"Breezy Site\" \/>\n<meta property=\"article:modified_time\" content=\"2025-05-07T10:13:18+00:00\" \/>\n<meta name=\"twitter:card\" content=\"summary_large_image\" \/>\n<meta name=\"twitter:label1\" content=\"Est. reading time\" \/>\n\t<meta name=\"twitter:data1\" content=\"7 minutes\" \/>\n<script type=\"application\/ld+json\" class=\"yoast-schema-graph\">{\"@context\":\"https:\/\/schema.org\",\"@graph\":[{\"@type\":\"WebPage\",\"@id\":\"https:\/\/breezy.band\/az-az\/kukil%c9%99r-siyas%c9%99ti\/\",\"url\":\"https:\/\/breezy.band\/az-az\/kukil%c9%99r-siyas%c9%99ti\/\",\"name\":\"Kukil\u0259r Siyas\u0259ti - Breezy Site\",\"isPartOf\":{\"@id\":\"https:\/\/breezy.band\/az-az\/#website\"},\"datePublished\":\"2025-04-03T12:57:38+00:00\",\"dateModified\":\"2025-05-07T10:13:18+00:00\",\"breadcrumb\":{\"@id\":\"https:\/\/breezy.band\/az-az\/kukil%c9%99r-siyas%c9%99ti\/#breadcrumb\"},\"inLanguage\":\"az-az\",\"potentialAction\":[{\"@type\":\"ReadAction\",\"target\":[\"https:\/\/breezy.band\/az-az\/kukil%c9%99r-siyas%c9%99ti\/\"]}]},{\"@type\":\"BreadcrumbList\",\"@id\":\"https:\/\/breezy.band\/az-az\/kukil%c9%99r-siyas%c9%99ti\/#breadcrumb\",\"itemListElement\":[{\"@type\":\"ListItem\",\"position\":1,\"name\":\"Home\",\"item\":\"https:\/\/breezy.band\/az-az\/\"},{\"@type\":\"ListItem\",\"position\":2,\"name\":\"Kukil\u0259r Siyas\u0259ti\"}]},{\"@type\":\"WebSite\",\"@id\":\"https:\/\/breezy.band\/az-az\/#website\",\"url\":\"https:\/\/breezy.band\/az-az\/\",\"name\":\"Breezy\",\"description\":\"Breezy\",\"potentialAction\":[{\"@type\":\"SearchAction\",\"target\":{\"@type\":\"EntryPoint\",\"urlTemplate\":\"https:\/\/breezy.band\/az-az\/?s={search_term_string}\"},\"query-input\":{\"@type\":\"PropertyValueSpecification\",\"valueRequired\":true,\"valueName\":\"search_term_string\"}}],\"inLanguage\":\"az-az\"}]}<\/script>\n<!-- \/ Yoast SEO plugin. -->","yoast_head_json":{"title":"Kukil\u0259r Siyas\u0259ti - Breezy Site","robots":{"index":"index","follow":"follow","max-snippet":"max-snippet:-1","max-image-preview":"max-image-preview:large","max-video-preview":"max-video-preview:-1"},"canonical":"https:\/\/breezy.band\/az-az\/kukil%c9%99r-siyas%c9%99ti\/","og_locale":"az_AZ","og_type":"article","og_title":"Kukil\u0259r Siyas\u0259ti - Breezy Site","og_description":"Kukil\u0259r Siyas\u0259ti M\u00fcnd\u0259ricat Pe\u00e7enye n\u0259dir Brauzer n\u0259dir Kukil\u0259r v\u0259 \u015f\u0259xsi m\u0259lumatlar Kukil\u0259r siyas\u0259ti Veb sayt\u0131m\u0131zda hans\u0131 kukil\u0259rd\u0259n istifad\u0259 edirik \u018fsas kukil\u0259r Analitik kukil\u0259r Sizd\u0259 olan se\u00e7iml\u0259r Kukil\u0259r\u0259 nec\u0259 n\u0259zar\u0259t etm\u0259k olar Bu Siyas\u0259td\u0259 D\u0259yi\u015fiklikl\u0259r 1. Kukil\u0259r n\u0259dir? \u201cKukil\u0259r\u201d m\u0259tn format\u0131nda olan ki\u00e7ik fayl par\u00e7alar\u0131d\u0131r v\u0259 \u0130stifad\u0259\u00e7i vebsayta daxil olduqda brauzerd\u0259 saxlan\u0131l\u0131r. \u0130stifad\u0259\u00e7inin komp\u00fcterind\u0259 saxlan\u0131lan m\u0259lumatda...","og_url":"https:\/\/breezy.band\/az-az\/kukil%c9%99r-siyas%c9%99ti\/","og_site_name":"Breezy Site","article_modified_time":"2025-05-07T10:13:18+00:00","twitter_card":"summary_large_image","twitter_misc":{"Est. reading time":"7 minutes"},"schema":{"@context":"https:\/\/schema.org","@graph":[{"@type":"WebPage","@id":"https:\/\/breezy.band\/az-az\/kukil%c9%99r-siyas%c9%99ti\/","url":"https:\/\/breezy.band\/az-az\/kukil%c9%99r-siyas%c9%99ti\/","name":"Kukil\u0259r Siyas\u0259ti - Breezy Site","isPartOf":{"@id":"https:\/\/breezy.band\/az-az\/#website"},"datePublished":"2025-04-03T12:57:38+00:00","dateModified":"2025-05-07T10:13:18+00:00","breadcrumb":{"@id":"https:\/\/breezy.band\/az-az\/kukil%c9%99r-siyas%c9%99ti\/#breadcrumb"},"inLanguage":"az-az","potentialAction":[{"@type":"ReadAction","target":["https:\/\/breezy.band\/az-az\/kukil%c9%99r-siyas%c9%99ti\/"]}]},{"@type":"BreadcrumbList","@id":"https:\/\/breezy.band\/az-az\/kukil%c9%99r-siyas%c9%99ti\/#breadcrumb","itemListElement":[{"@type":"ListItem","position":1,"name":"Home","item":"https:\/\/breezy.band\/az-az\/"},{"@type":"ListItem","position":2,"name":"Kukil\u0259r Siyas\u0259ti"}]},{"@type":"WebSite","@id":"https:\/\/breezy.band\/az-az\/#website","url":"https:\/\/breezy.band\/az-az\/","name":"Breezy","description":"Breezy","potentialAction":[{"@type":"SearchAction","target":{"@type":"EntryPoint","urlTemplate":"https:\/\/breezy.band\/az-az\/?s={search_term_string}"},"query-input":{"@type":"PropertyValueSpecification","valueRequired":true,"valueName":"search_term_string"}}],"inLanguage":"az-az"}]}},"_links":{"self":[{"href":"https:\/\/breezy.band\/az-az\/wp-json\/wp\/v2\/pages\/18639","targetHints":{"allow":["GET"]}}],"collection":[{"href":"https:\/\/breezy.band\/az-az\/wp-json\/wp\/v2\/pages"}],"about":[{"href":"https:\/\/breezy.band\/az-az\/wp-json\/wp\/v2\/types\/page"}],"author":[{"embeddable":true,"href":"https:\/\/breezy.band\/az-az\/wp-json\/wp\/v2\/users\/1"}],"replies":[{"embeddable":true,"href":"https:\/\/breezy.band\/az-az\/wp-json\/wp\/v2\/comments?post=18639"}],"version-history":[{"count":1,"href":"https:\/\/breezy.band\/az-az\/wp-json\/wp\/v2\/pages\/18639\/revisions"}],"predecessor-version":[{"id":18641,"href":"https:\/\/breezy.band\/az-az\/wp-json\/wp\/v2\/pages\/18639\/revisions\/18641"}],"wp:attachment":[{"href":"https:\/\/breezy.band\/az-az\/wp-json\/wp\/v2\/media?parent=18639"}],"curies":[{"name":"wp","href":"https:\/\/api.w.org\/{rel}","templated":true}]}}