{"id":18630,"date":"2025-04-09T11:14:07","date_gmt":"2025-04-09T11:14:07","guid":{"rendered":"https:\/\/band.breezyx.space\/z%c9%99man%c9%99t-siyas%c9%99ti\/"},"modified":"2025-05-07T10:13:15","modified_gmt":"2025-05-07T10:13:15","slug":"z%c9%99man%c9%99t-siyas%c9%99ti","status":"publish","type":"page","link":"https:\/\/breezy.band\/az-az\/z%c9%99man%c9%99t-siyas%c9%99ti\/","title":{"rendered":"Z\u0259man\u0259t siyas\u0259ti"},"content":{"rendered":"\n<h2 class=\"wp-block-heading\"><strong>Z\u0259man\u0259t siyas\u0259ti<\/strong><\/h2>\n\n<h2 class=\"wp-block-heading\"><strong>Z\u0259man\u0259t siyas\u0259ti<\/strong><\/h2>\n\n<p><\/p>\n\n<h3 class=\"wp-block-heading\"><strong>\u00dcmumi m\u00fcdd\u0259alar<\/strong><\/h3>\n\n<p>Bu z\u0259man\u0259t b\u0259yanat\u0131 istifad\u0259 etdiyiniz cihaz(lar)\u0131n sat\u0131ld\u0131\u011f\u0131 tarixd\u0259n cihaz\u0131n z\u0259man\u0259t m\u00fcdd\u0259ti bit\u0259n\u0259 q\u0259d\u0259r etibarl\u0131d\u0131r.<\/p>\n\n<p>Z\u0259man\u0259t m\u00fcdd\u0259ti 2 (iki) ildir, istifad\u0259 edilmi\u015f cihazlar \u00fc\u00e7\u00fcn sat\u0131\u015f \u00f6lk\u0259sinin qanunvericiliyi il\u0259 f\u0259rqli m\u00fcdd\u0259t m\u00fc\u0259yy\u0259n edilm\u0259dikd\u0259, aylarla hesablan\u0131r. Z\u0259man\u0259t m\u00fcdd\u0259tinin ba\u015flan\u011f\u0131c\u0131 cihaz\u0131n son istehlak\u00e7\u0131 t\u0259r\u0259find\u0259n sat\u0131n al\u0131nd\u0131\u011f\u0131 tarixdir. <\/p>\n\n<p>Z\u0259man\u0259t m\u00fcdd\u0259ti ba\u015fa \u00e7atd\u0131qdan sonra m\u0259hsul \u00fcmumi \u0259saslarla t\u0259mir edilir, bunun \u00fc\u00e7\u00fcn ayr\u0131ca dan\u0131\u015f\u0131qlar apar\u0131l\u0131r v\u0259 \u0130stehlak\u00e7\u0131 t\u0259r\u0259find\u0259n \u00f6d\u0259nilir.<\/p>\n\n<p>Aksessuarlar\u0131n keyfiyy\u0259tin\u0259 dair b\u0259yanatlar alq\u0131-satq\u0131 m\u00fcqavil\u0259sinin l\u0259\u011fvi v\u0259 \u0259sas m\u0259hsulun geri qaytar\u0131lmas\u0131 \u00fc\u00e7\u00fcn \u0259sas deyil. T\u0259chiz edil\u0259n aksesuarlar\u0131n keyfiyy\u0259ti q\u0259na\u0259tb\u0259x\u015f deyils\u0259, onlar d\u0259yi\u015fdiril\u0259c\u0259k v\u0259 ya t\u0259mir edil\u0259c\u0259k. <\/p>\n\n<p>\u0130stifad\u0259 olunmu\u015f cihaz\u0131(lar\u0131) almaqla, \u0130stehlak\u00e7\u0131 bu z\u0259man\u0259t m\u00fcdd\u0259alar\u0131n\u0131 k\u00f6n\u00fcll\u00fc olaraq q\u0259bul edir v\u0259 raz\u0131la\u015f\u0131r.<\/p>\n\n<p>\u0130stehsal\u00e7\u0131 bu bar\u0259d\u0259 \u0130stehlak\u00e7\u0131ya m\u0259lumat verm\u0259d\u0259n z\u0259man\u0259t xidm\u0259tinin \u015f\u0259rtl\u0259rini d\u0259yi\u015fdirm\u0259k h\u00fcququnu \u00f6z\u00fcnd\u0259 saxlay\u0131r.<\/p>\n\n<p>Cari \u015f\u0259rtl\u0259r v\u0259 \u015f\u0259rtl\u0259r <a href=\"https:\/\/breezy.band\/az-az\/z%c9%99man%c9%99t-qaydalari-v%c9%99-s%c9%99rtl%c9%99ri\/\">burada m\u00f6vcuddur<\/a> .<\/p>\n\n<p><strong>Cihaz\u0131n xidm\u0259t m\u00fcdd\u0259ti (i\u015fl\u0259m\u0259si) son al\u0131c\u0131 t\u0259r\u0259find\u0259n p\u0259rak\u0259nd\u0259 ma\u011fazada al\u0131nd\u0131\u011f\u0131 tarixd\u0259n 2 (iki) ildir.<\/strong><\/p>\n\n<h3 class=\"wp-block-heading\"><strong>Z\u0259man\u0259tl\u0259 \u0259hat\u0259 olunur<\/strong> <\/h3>\n\n<p>Z\u0259man\u0259t cihaz\u0131n istismar\u0131 zaman\u0131 yarana bil\u0259c\u0259k, istehlak\u00e7\u0131n\u0131n \u00f6z\u00fc t\u0259r\u0259find\u0259n t\u00f6r\u0259dilm\u0259y\u0259n v\u0259 \u201cZ\u018fMAN\u018fT T\u018fR\u018fF\u0130ND\u018fN VER\u0130LM\u0130R\u201d paraqraf\u0131nda qeyd olunmayan nasazl\u0131qlar\u0131n v\u0259 nasazl\u0131qlar\u0131n aradan qald\u0131r\u0131lmas\u0131n\u0131 \u0259hat\u0259 edir.<\/p>\n\n<h3 class=\"wp-block-heading\"><strong>Z\u0259man\u0259t \u0259hat\u0259 etmir  <\/strong><\/h3>\n\n<ul class=\"wp-block-list\">\n<li>Cihazda qura\u015fd\u0131r\u0131lm\u0131\u015f h\u0259r hans\u0131 bir proqram \u00fc\u00e7\u00fcn, h\u0259tta paket\u0259 daxil edilmi\u015f olsa bel\u0259.<\/li>\n\n\n\n<li>Batareyalar v\u0259 ya qoruyucu \u00f6rt\u00fckl\u0259r kimi zamanla k\u00f6hn\u0259lir.<\/li>\n\n\n\n<li>Z\u0259man\u0259t m\u00fcdd\u0259ti \u0259rzind\u0259 tam i\u015fl\u0259m\u0259m\u0259si istisna olmaqla, batareya tutumunu azaltmaq \u00fc\u00e7\u00fcn.<\/li>\n\n\n\n<li>\u00c7izilm\u0259l\u0259r, \u00e7uxurlar, \u00e7ipl\u0259r, \u00e7atlar v\u0259 liman sah\u0259sinin z\u0259d\u0259l\u0259nm\u0259si daxil olmaqla kosmetik z\u0259r\u0259r \u00fc\u00e7\u00fcn.<\/li>\n\n\n\n<li>Komponentl\u0259rin, m\u0259hsullar\u0131n, aksesuarlar\u0131n istifad\u0259si n\u0259tic\u0259sind\u0259 yaranan z\u0259r\u0259r \u00fc\u00e7\u00fcn.<\/li>\n\n\n\n<li>Q\u0259za, yanl\u0131\u015f istifad\u0259, cihaz\u0131n yanl\u0131\u015f istifad\u0259si, yan\u011f\u0131n, z\u0259lz\u0259l\u0259 v\u0259 ya dig\u0259r xarici amill\u0259r n\u0259tic\u0259sind\u0259 d\u0259ymi\u015f ziyana g\u00f6r\u0259.<\/li>\n\n\n\n<li>Elektrotermik z\u0259r\u0259r \u00fc\u00e7\u00fcn. G\u00fcc art\u0131m\u0131 v\u0259 h\u0259ddind\u0259n art\u0131q y\u00fckl\u0259nm\u0259 n\u0259tic\u0259sind\u0259 yaranan z\u0259r\u0259r \u00fc\u00e7\u00fcn. <\/li>\n\n\n\n<li>Bu m\u0259hsulla birlikd\u0259 i\u015fl\u0259y\u0259n dig\u0259r avadanl\u0131qlara d\u0259y\u0259n ziyana g\u00f6r\u0259.<\/li>\n\n\n\n<li>Uy\u011funluq v\u0259 sistem konfiqurasiyas\u0131 bax\u0131m\u0131ndan bu m\u0259hsulun \u00fc\u00e7\u00fcnc\u00fc t\u0259r\u0259f m\u0259hsullar\u0131 v\u0259 proqram t\u0259minat\u0131 il\u0259 uy\u011funlu\u011fu.<\/li>\n\n\n\n<li>Cihaza v\u0259\/v\u0259 ya onun komponentl\u0259rin\u0259 maye, n\u0259m, yad cisiml\u0259r, h\u0259\u015f\u0259ratlar v\u0259 ya heyvanlar\u0131n daxil olmas\u0131 n\u0259tic\u0259sind\u0259 yaranan z\u0259d\u0259l\u0259r\u0259 g\u00f6r\u0259.<\/li>\n\n\n\n<li>Normal a\u015f\u0131nma v\u0259 ya k\u00f6hn\u0259lm\u0259 n\u0259tic\u0259sind\u0259 yaranan z\u0259d\u0259l\u0259r \u00fc\u00e7\u00fcn.<\/li>\n\n\n\n<li>Seriya n\u00f6mr\u0259si v\u0259\/v\u0259 ya ad\u0131n silindiyi v\u0259 ya z\u0259d\u0259l\u0259ndiyi hallarda. Onun istifad\u0259si n\u0259z\u0259rd\u0259 tutulmad\u0131\u011f\u0131 hallar istisna olmaqla. <\/li>\n\n\n\n<li>\u015eirk\u0259t n\u00fcmay\u0259nd\u0259si v\u0259 ya s\u0259lahiyy\u0259tli xidm\u0259t m\u0259rk\u0259zind\u0259n ba\u015fqa biri t\u0259r\u0259find\u0259n h\u0259yata ke\u00e7iril\u0259n xidm\u0259t (t\u0259kmill\u0259\u015fdirm\u0259l\u0259r v\u0259 geni\u015fl\u0259ndirm\u0259l\u0259r daxil olmaqla) n\u0259tic\u0259sind\u0259 yaranan z\u0259r\u0259r Breezy .<\/li>\n<\/ul>\n\n<h3 class=\"wp-block-heading\"><strong>\u0130stehlak\u00e7\u0131lar\u0131n \u00f6hd\u0259likl\u0259ri  <\/strong><\/h3>\n\n<p>M\u0259hsulu alark\u0259n, z\u0259man\u0259t v\u0259 t\u0259hl\u00fck\u0259sizlik m\u00fcdd\u0259alar\u0131 il\u0259 tan\u0131\u015f olmaq \u0130stehlak\u00e7\u0131n\u0131n m\u0259suliyy\u0259tidir.<\/p>\n\n<p>Cihaz\u0131n\u0131z siz\u0259 proqram t\u0259minat\u0131, m\u0259lumat v\u0259 ya dig\u0259r m\u0259lumat\u0131 saxlama\u011fa imkan verirs\u0259, siz onlar\u0131n m\u0259zmununu qorumaq v\u0259 m\u00fcmk\u00fcn \u0259m\u0259liyyat nasazl\u0131qlar\u0131ndan qorumaq \u00fc\u00e7\u00fcn cihaz\u0131n yadda\u015f da\u015f\u0131y\u0131c\u0131s\u0131nda olan m\u0259lumat\u0131n ehtiyat n\u00fcsx\u0259l\u0259rini vaxta\u015f\u0131r\u0131 yaratmal\u0131s\u0131n\u0131z.<\/p>\n\n<p>Qoruyucu \u00f6rt\u00fckl\u0259ri cihazdan a\u00e7ma\u011fa, s\u00f6km\u0259y\u0259 v\u0259 ya \u00e7\u0131xarma\u011fa \u00e7al\u0131\u015fmay\u0131n. Cihaz\u0131n a\u00e7\u0131lmas\u0131 v\u0259 ya qoruyucu \u00f6rt\u00fckl\u0259rin \u00e7\u0131xar\u0131lmas\u0131 bu Z\u0259man\u0259tl\u0259 \u0259hat\u0259 olunmayan z\u0259r\u0259rl\u0259 n\u0259tic\u0259l\u0259n\u0259 bil\u0259r. Cihaz\u0131n\u0131zdak\u0131 xidm\u0259t yaln\u0131z \u015firk\u0259t n\u00fcmay\u0259nd\u0259si v\u0259 ya s\u0259lahiyy\u0259tli Breezy xidm\u0259t m\u0259rk\u0259zi t\u0259r\u0259find\u0259n h\u0259yata ke\u00e7irilm\u0259lidir.  <\/p>\n\n<p>M\u0259hsulu q\u0259bul ed\u0259rk\u0259n \u0130stehlak\u00e7\u0131 m\u0259hsulun taml\u0131\u011f\u0131n\u0131 yoxlama\u011fa v\u0259 q\u00fcsurlar\u0131n t\u0259svirinin (mexaniki v\u0259 ya dig\u0259r) uy\u011fun olmas\u0131na \u0259min olma\u011fa borcludur; m\u0259hsul \u0130stehlak\u00e7\u0131ya verildikd\u0259n sonra bu n\u00f6v q\u00fcsurlara v\u0259 (v\u0259 ya) m\u0259hsulun taml\u0131\u011f\u0131na dair iddialar q\u0259bul edilm\u0259y\u0259c\u0259k.<\/p>\n\n<h3 class=\"wp-block-heading\"><strong>Cihaz\u0131 t\u0259mir\u0259 g\u00f6nd\u0259rm\u0259zd\u0259n \u0259vv\u0259l<\/strong> <\/h3>\n\n<ol class=\"wp-block-list\">\n<li>Yed\u0259k yarad\u0131n.<\/li>\n\n\n\n<li>Cihaz\u0131n\u0131z saat, qolbaq v\u0259 ya dig\u0259r aksesuarla qo\u015fala\u015f\u0131bsa, c\u00fct\u00fc ay\u0131r\u0131n.<\/li>\n\n\n\n<li>Cihaz axtar\u0131\u015f x\u00fcsusiyy\u0259tl\u0259rini deaktiv edin.<\/li>\n\n\n\n<li>Hesablar\u0131n\u0131zdan \u00e7\u0131x\u0131n.\n<ul class=\"wp-block-list\">\n<li>iOS \u00fc\u00e7\u00fcn \u2013 iCloud, App Store, iTunes Store<\/li>\n\n\n\n<li>Android \u00fc\u00e7\u00fcn &#8211; Google v\u0259 ba\u015fqalar\u0131<\/li>\n<\/ul>\n<\/li>\n\n\n\n<li>Ekran kilidi\/parametrl\u0259r parolunu deaktiv edin<\/li>\n\n\n\n<li>M\u0259lumatlar\u0131n\u0131z\u0131 v\u0259 parametrl\u0259rinizi silm\u0259kl\u0259 cihaz\u0131 s\u0131f\u0131rlay\u0131n.<\/li>\n<\/ol>\n\n<p>Cihaz\u0131 t\u0259mir\u0259 g\u00f6nd\u0259rm\u0259zd\u0259n \u0259vv\u0259l haz\u0131rlamaq haqq\u0131nda \u0259trafl\u0131 m\u0259lumat\u0131 <a href=\"https:\/\/ref.breezy.band\/prepare-to-repair\/\">burada<\/a> tapa bil\u0259rsiniz.<\/p>\n\n<section id=\"quote-block-simple-block_736ec3e94d29ae13c7e88743fbb1dc9c\" class=\"quote-block-simple   alignfull\">\n  <div class=\"quote-block-simple__inner container\">\n    \n    <div class=\"quote-block-simple__content\" data-aos=\"fade-in\" data-aos-delay=\"300\" data-aos-duration=\"700\">\n      <svg width=\"46\" height=\"40\" viewBox=\"0 0 46 40\" fill=\"none\" xmlns=\"http:\/\/www.w3.org\/2000\/svg\">\n        <path fill-rule=\"evenodd\" clip-rule=\"evenodd\" d=\"M0.845333 40H6.53493H11.8074L26.0305 0H14.996L3.78618 31.5166L0.845333 40Z\" fill=\"url(#paint0_linear_1189_566)\" \/>\n        <path fill-rule=\"evenodd\" clip-rule=\"evenodd\" d=\"M19.9694 40H25.659H30.9315L45.1546 0H34.1201L22.9103 31.5166L19.9694 40Z\" fill=\"url(#paint1_linear_1189_566)\" \/>\n        <defs>\n          <linearGradient id=\"paint0_linear_1189_566\" x1=\"0.575972\" y1=\"39.798\" x2=\"15.1888\" y2=\"0.20209\" gradientUnits=\"userSpaceOnUse\">\n            <stop offset=\"0.126456\" stop-color=\"#00C4FF\" stop-opacity=\"0\" \/>\n            <stop offset=\"0.679594\" stop-color=\"#00C4FF\" \/>\n            <stop offset=\"1\" stop-color=\"#00C4FF\" \/>\n          <\/linearGradient>\n          <linearGradient id=\"paint1_linear_1189_566\" x1=\"19.7001\" y1=\"39.798\" x2=\"34.3129\" y2=\"0.20209\" gradientUnits=\"userSpaceOnUse\">\n            <stop offset=\"0.126456\" stop-color=\"#00C4FF\" stop-opacity=\"0\" \/>\n            <stop offset=\"0.679594\" stop-color=\"#00C4FF\" \/>\n            <stop offset=\"1\" stop-color=\"#00C4FF\" \/>\n          <\/linearGradient>\n        <\/defs>\n      <\/svg>\n\n            <div class=\"quote-block-simple__content-text h4\">\n        <p><strong>\u018fH\u018fM\u0130YY\u018fTL\u0130!<\/strong><\/p>\n<p> Bax\u0131m zaman\u0131 b\u00fct\u00fcn m\u0259lumatlar cihazdan silin\u0259 bil\u0259r.<\/p>\n<p> Xidm\u0259t m\u0259rk\u0259zi, sat\u0131c\u0131, istehsal\u00e7\u0131, Breezy \u015firk\u0259ti istifad\u0259\u00e7i m\u0259lumatlar\u0131n\u0131n itirilm\u0259sin\u0259 v\u0259 ya onun z\u0259d\u0259l\u0259nm\u0259sin\u0259 g\u00f6r\u0259 m\u0259suliyy\u0259t da\u015f\u0131m\u0131r.<\/p>\n      <\/div>\n      \n\n    <\/div>\n  <\/div>\n<\/section>\n\n<h3 class=\"wp-block-heading\"><strong>\u00c7atd\u0131r\u0131lma \u00fcsullar\u0131<\/strong><\/h3>\n\n<ol class=\"wp-block-list\">\n<li>Sat\u0131c\u0131 il\u0259 \u0259laq\u0259 saxlay\u0131n.<\/li>\n\n\n\n<li>\u00d6lk\u0259nizd\u0259 m\u00f6vcuddursa, Breezy xidm\u0259t m\u0259rk\u0259zi il\u0259 \u0259laq\u0259 saxlay\u0131n.<\/li>\n\n\n\n<li>Breezy \u0259 po\u00e7tla g\u00f6nd\u0259rin. Yaln\u0131z AB (Avropa \u0130ttifaq\u0131) daxilind\u0259 v\u0259 daxilind\u0259 m\u00f6vcuddur. <\/li>\n<\/ol>\n\n<h3 class=\"wp-block-heading\"><strong>Breezy istehsal\u00e7\u0131s\u0131n\u0131n v\u0259\/v\u0259 ya sat\u0131c\u0131s\u0131n\u0131n m\u0259suliyy\u0259tl\u0259ri<\/strong> <\/h3>\n\n<p>M\u0259hsulun z\u0259man\u0259t m\u00fcdd\u0259ti \u0259rzind\u0259 siz Breezy \u0259 v\u0259\/yaxud p\u0259rak\u0259nd\u0259 sat\u0131c\u0131ya z\u0259man\u0259t \u015f\u0259rtl\u0259rin\u0259 \u0259sas\u0259n iddia g\u00f6nd\u0259rirsinizs\u0259, Breezy , \u00f6z m\u00fclahiz\u0259sin\u0259 \u0259sas\u0259n:<\/p>\n\n<ol class=\"wp-block-list\">\n<li><strong>Cihaz\u0131 t\u0259mir edin<\/strong> . T\u0259mir zaman\u0131 yeni, i\u015fl\u0259nmi\u015f v\u0259 ya ox\u015far hiss\u0259l\u0259r v\u0259 komponentl\u0259r istifad\u0259 edil\u0259 bil\u0259r. <\/li>\n\n\n\n<li><strong>Cihaz\u0131<\/strong> eyni cihazla v\u0259 ya m\u00fc\u015ft\u0259rinin raz\u0131l\u0131\u011f\u0131 il\u0259 Breezy istehsal\u00e7\u0131s\u0131 v\u0259 ya sat\u0131c\u0131dan \u0259ld\u0259 edil\u0259n ox\u015far\u0131 il\u0259 \u0259v\u0259z edin. Ox\u015far m\u0259hsul, istehlak\u00e7\u0131n\u0131n ald\u0131\u011f\u0131 eyni markan\u0131n, o c\u00fcml\u0259d\u0259n q\u00fcsuru(lar\u0131) olan v\u0259 d\u0259yi\u015fdiril\u0259n cihaz\u0131n d\u0259r\u0259c\u0259sin\u0259 uy\u011fun olan istifad\u0259 edilmi\u015f cihaz olacaq. <\/li>\n\n\n\n<li>Cihaz geri qaytar\u0131ld\u0131qda <strong>x\u0259rcl\u0259nmi\u015f pulu geri qaytar\u0131n<\/strong> .<\/li>\n<\/ol>\n\n<p>D\u0259yi\u015fdirilm\u0259 v\u0259 ya pulun geri qaytar\u0131lmas\u0131 hallar\u0131nda d\u0259yi\u015fdiril\u0259n v\u0259 ya geri qaytar\u0131lan cihaz Breezy \u015firk\u0259tinin m\u00fclkiyy\u0259tin\u0259 ke\u00e7ir.<\/p>\n\n<p>Z\u0259man\u0259t m\u00fcdd\u0259ti t\u0259mir m\u00fcdd\u0259tin\u0259 uzad\u0131l\u0131r, lakin t\u0259mir\u0259 q\u0259d\u0259r v\u0259 t\u0259mird\u0259n sonra \u00e7atd\u0131r\u0131lma vaxt\u0131 daxil deyil.<\/p>\n\n<p>Z\u0259man\u0259t t\u0259mir m\u00fcdd\u0259ti cihaz\u0131n xidm\u0259t m\u0259rk\u0259zin\u0259 \u00e7atd\u0131r\u0131ld\u0131\u011f\u0131 tarixd\u0259n 14 g\u00fcn\u0259 q\u0259d\u0259rdir. Xidm\u0259t m\u0259rk\u0259zind\u0259 ehtiyat hiss\u0259l\u0259ri yoxdursa, t\u0259mir \u00fc\u00e7\u00fcn z\u0259man\u0259t m\u00fcdd\u0259ti 30 g\u00fcn\u0259 q\u0259d\u0259r ola bil\u0259r. <\/p>\n\n<p><a href=\"https:\/\/ref.breezy.band\/warranty\/\">Z\u018fMAN\u018fT \u0130DDASI T\u018fQD\u0130M ED\u0130N<\/a><\/p>\n\n<p><a href=\"https:\/\/breezy.band\/az-az\/t%c9%99hluk%c9%99sizlik-t%c9%99limatlari\/\">T\u018fHL\u00dcK\u018fS\u0130ZL\u0130K T\u018fL\u0130MATLARI<\/a><\/p>\n\n<p><a href=\"https:\/\/breezy.band\/az-az\/t%c9%99krar-emaldan-istifad%c9%99\/\">T\u018fKRAR ETMALI V\u018f \u0130ST\u0130FAD\u018f<\/a><\/p>\n\n<p><\/p>\n","protected":false},"excerpt":{"rendered":"<p>Z\u0259man\u0259t siyas\u0259ti Z\u0259man\u0259t siyas\u0259ti \u00dcmumi m\u00fcdd\u0259alar Bu z\u0259man\u0259t b\u0259yanat\u0131 istifad\u0259 etdiyiniz cihaz(lar)\u0131n sat\u0131ld\u0131\u011f\u0131 tarixd\u0259n cihaz\u0131n z\u0259man\u0259t m\u00fcdd\u0259ti bit\u0259n\u0259 q\u0259d\u0259r etibarl\u0131d\u0131r. Z\u0259man\u0259t m\u00fcdd\u0259ti 2 (iki) ildir, istifad\u0259 edilmi\u015f cihazlar \u00fc\u00e7\u00fcn sat\u0131\u015f \u00f6lk\u0259sinin qanunvericiliyi il\u0259 f\u0259rqli m\u00fcdd\u0259t m\u00fc\u0259yy\u0259n edilm\u0259dikd\u0259, aylarla hesablan\u0131r. Z\u0259man\u0259t m\u00fcdd\u0259tinin ba\u015flan\u011f\u0131c\u0131 cihaz\u0131n son istehlak\u00e7\u0131 t\u0259r\u0259find\u0259n sat\u0131n al\u0131nd\u0131\u011f\u0131 tarixdir. Z\u0259man\u0259t m\u00fcdd\u0259ti ba\u015fa \u00e7atd\u0131qdan sonra m\u0259hsul&#8230;<\/p>\n","protected":false},"author":1,"featured_media":0,"parent":0,"menu_order":0,"comment_status":"closed","ping_status":"closed","template":"","meta":{"inline_featured_image":false,"footnotes":""},"class_list":["post-18630","page","type-page","status-publish","hentry"],"acf":[],"yoast_head":"<!-- This site is optimized with the Yoast SEO plugin v26.9 - https:\/\/yoast.com\/product\/yoast-seo-wordpress\/ -->\n<title>Z\u0259man\u0259t siyas\u0259ti - Breezy Site<\/title>\n<meta name=\"robots\" content=\"index, follow, max-snippet:-1, max-image-preview:large, max-video-preview:-1\" \/>\n<link rel=\"canonical\" href=\"https:\/\/breezy.band\/az-az\/z%c9%99man%c9%99t-siyas%c9%99ti\/\" \/>\n<meta property=\"og:locale\" content=\"az_AZ\" \/>\n<meta property=\"og:type\" content=\"article\" \/>\n<meta property=\"og:title\" content=\"Z\u0259man\u0259t siyas\u0259ti - Breezy Site\" \/>\n<meta property=\"og:description\" content=\"Z\u0259man\u0259t siyas\u0259ti Z\u0259man\u0259t siyas\u0259ti \u00dcmumi m\u00fcdd\u0259alar Bu z\u0259man\u0259t b\u0259yanat\u0131 istifad\u0259 etdiyiniz cihaz(lar)\u0131n sat\u0131ld\u0131\u011f\u0131 tarixd\u0259n cihaz\u0131n z\u0259man\u0259t m\u00fcdd\u0259ti bit\u0259n\u0259 q\u0259d\u0259r etibarl\u0131d\u0131r. Z\u0259man\u0259t m\u00fcdd\u0259ti 2 (iki) ildir, istifad\u0259 edilmi\u015f cihazlar \u00fc\u00e7\u00fcn sat\u0131\u015f \u00f6lk\u0259sinin qanunvericiliyi il\u0259 f\u0259rqli m\u00fcdd\u0259t m\u00fc\u0259yy\u0259n edilm\u0259dikd\u0259, aylarla hesablan\u0131r. Z\u0259man\u0259t m\u00fcdd\u0259tinin ba\u015flan\u011f\u0131c\u0131 cihaz\u0131n son istehlak\u00e7\u0131 t\u0259r\u0259find\u0259n sat\u0131n al\u0131nd\u0131\u011f\u0131 tarixdir. Z\u0259man\u0259t m\u00fcdd\u0259ti ba\u015fa \u00e7atd\u0131qdan sonra m\u0259hsul...\" \/>\n<meta property=\"og:url\" content=\"https:\/\/breezy.band\/az-az\/z%c9%99man%c9%99t-siyas%c9%99ti\/\" \/>\n<meta property=\"og:site_name\" content=\"Breezy Site\" \/>\n<meta property=\"article:modified_time\" content=\"2025-05-07T10:13:15+00:00\" \/>\n<meta name=\"twitter:card\" content=\"summary_large_image\" \/>\n<meta name=\"twitter:label1\" content=\"Est. reading time\" \/>\n\t<meta name=\"twitter:data1\" content=\"7 minutes\" \/>\n<script type=\"application\/ld+json\" class=\"yoast-schema-graph\">{\"@context\":\"https:\/\/schema.org\",\"@graph\":[{\"@type\":\"WebPage\",\"@id\":\"https:\/\/breezy.band\/az-az\/z%c9%99man%c9%99t-siyas%c9%99ti\/\",\"url\":\"https:\/\/breezy.band\/az-az\/z%c9%99man%c9%99t-siyas%c9%99ti\/\",\"name\":\"Z\u0259man\u0259t siyas\u0259ti - Breezy Site\",\"isPartOf\":{\"@id\":\"https:\/\/breezy.band\/az-az\/#website\"},\"datePublished\":\"2025-04-09T11:14:07+00:00\",\"dateModified\":\"2025-05-07T10:13:15+00:00\",\"breadcrumb\":{\"@id\":\"https:\/\/breezy.band\/az-az\/z%c9%99man%c9%99t-siyas%c9%99ti\/#breadcrumb\"},\"inLanguage\":\"az-az\",\"potentialAction\":[{\"@type\":\"ReadAction\",\"target\":[\"https:\/\/breezy.band\/az-az\/z%c9%99man%c9%99t-siyas%c9%99ti\/\"]}]},{\"@type\":\"BreadcrumbList\",\"@id\":\"https:\/\/breezy.band\/az-az\/z%c9%99man%c9%99t-siyas%c9%99ti\/#breadcrumb\",\"itemListElement\":[{\"@type\":\"ListItem\",\"position\":1,\"name\":\"Home\",\"item\":\"https:\/\/breezy.band\/az-az\/\"},{\"@type\":\"ListItem\",\"position\":2,\"name\":\"Z\u0259man\u0259t siyas\u0259ti\"}]},{\"@type\":\"WebSite\",\"@id\":\"https:\/\/breezy.band\/az-az\/#website\",\"url\":\"https:\/\/breezy.band\/az-az\/\",\"name\":\"Breezy\",\"description\":\"Breezy\",\"potentialAction\":[{\"@type\":\"SearchAction\",\"target\":{\"@type\":\"EntryPoint\",\"urlTemplate\":\"https:\/\/breezy.band\/az-az\/?s={search_term_string}\"},\"query-input\":{\"@type\":\"PropertyValueSpecification\",\"valueRequired\":true,\"valueName\":\"search_term_string\"}}],\"inLanguage\":\"az-az\"}]}<\/script>\n<!-- \/ Yoast SEO plugin. -->","yoast_head_json":{"title":"Z\u0259man\u0259t siyas\u0259ti - Breezy Site","robots":{"index":"index","follow":"follow","max-snippet":"max-snippet:-1","max-image-preview":"max-image-preview:large","max-video-preview":"max-video-preview:-1"},"canonical":"https:\/\/breezy.band\/az-az\/z%c9%99man%c9%99t-siyas%c9%99ti\/","og_locale":"az_AZ","og_type":"article","og_title":"Z\u0259man\u0259t siyas\u0259ti - Breezy Site","og_description":"Z\u0259man\u0259t siyas\u0259ti Z\u0259man\u0259t siyas\u0259ti \u00dcmumi m\u00fcdd\u0259alar Bu z\u0259man\u0259t b\u0259yanat\u0131 istifad\u0259 etdiyiniz cihaz(lar)\u0131n sat\u0131ld\u0131\u011f\u0131 tarixd\u0259n cihaz\u0131n z\u0259man\u0259t m\u00fcdd\u0259ti bit\u0259n\u0259 q\u0259d\u0259r etibarl\u0131d\u0131r. Z\u0259man\u0259t m\u00fcdd\u0259ti 2 (iki) ildir, istifad\u0259 edilmi\u015f cihazlar \u00fc\u00e7\u00fcn sat\u0131\u015f \u00f6lk\u0259sinin qanunvericiliyi il\u0259 f\u0259rqli m\u00fcdd\u0259t m\u00fc\u0259yy\u0259n edilm\u0259dikd\u0259, aylarla hesablan\u0131r. Z\u0259man\u0259t m\u00fcdd\u0259tinin ba\u015flan\u011f\u0131c\u0131 cihaz\u0131n son istehlak\u00e7\u0131 t\u0259r\u0259find\u0259n sat\u0131n al\u0131nd\u0131\u011f\u0131 tarixdir. Z\u0259man\u0259t m\u00fcdd\u0259ti ba\u015fa \u00e7atd\u0131qdan sonra m\u0259hsul...","og_url":"https:\/\/breezy.band\/az-az\/z%c9%99man%c9%99t-siyas%c9%99ti\/","og_site_name":"Breezy Site","article_modified_time":"2025-05-07T10:13:15+00:00","twitter_card":"summary_large_image","twitter_misc":{"Est. reading time":"7 minutes"},"schema":{"@context":"https:\/\/schema.org","@graph":[{"@type":"WebPage","@id":"https:\/\/breezy.band\/az-az\/z%c9%99man%c9%99t-siyas%c9%99ti\/","url":"https:\/\/breezy.band\/az-az\/z%c9%99man%c9%99t-siyas%c9%99ti\/","name":"Z\u0259man\u0259t siyas\u0259ti - Breezy Site","isPartOf":{"@id":"https:\/\/breezy.band\/az-az\/#website"},"datePublished":"2025-04-09T11:14:07+00:00","dateModified":"2025-05-07T10:13:15+00:00","breadcrumb":{"@id":"https:\/\/breezy.band\/az-az\/z%c9%99man%c9%99t-siyas%c9%99ti\/#breadcrumb"},"inLanguage":"az-az","potentialAction":[{"@type":"ReadAction","target":["https:\/\/breezy.band\/az-az\/z%c9%99man%c9%99t-siyas%c9%99ti\/"]}]},{"@type":"BreadcrumbList","@id":"https:\/\/breezy.band\/az-az\/z%c9%99man%c9%99t-siyas%c9%99ti\/#breadcrumb","itemListElement":[{"@type":"ListItem","position":1,"name":"Home","item":"https:\/\/breezy.band\/az-az\/"},{"@type":"ListItem","position":2,"name":"Z\u0259man\u0259t siyas\u0259ti"}]},{"@type":"WebSite","@id":"https:\/\/breezy.band\/az-az\/#website","url":"https:\/\/breezy.band\/az-az\/","name":"Breezy","description":"Breezy","potentialAction":[{"@type":"SearchAction","target":{"@type":"EntryPoint","urlTemplate":"https:\/\/breezy.band\/az-az\/?s={search_term_string}"},"query-input":{"@type":"PropertyValueSpecification","valueRequired":true,"valueName":"search_term_string"}}],"inLanguage":"az-az"}]}},"_links":{"self":[{"href":"https:\/\/breezy.band\/az-az\/wp-json\/wp\/v2\/pages\/18630","targetHints":{"allow":["GET"]}}],"collection":[{"href":"https:\/\/breezy.band\/az-az\/wp-json\/wp\/v2\/pages"}],"about":[{"href":"https:\/\/breezy.band\/az-az\/wp-json\/wp\/v2\/types\/page"}],"author":[{"embeddable":true,"href":"https:\/\/breezy.band\/az-az\/wp-json\/wp\/v2\/users\/1"}],"replies":[{"embeddable":true,"href":"https:\/\/breezy.band\/az-az\/wp-json\/wp\/v2\/comments?post=18630"}],"version-history":[{"count":3,"href":"https:\/\/breezy.band\/az-az\/wp-json\/wp\/v2\/pages\/18630\/revisions"}],"predecessor-version":[{"id":18690,"href":"https:\/\/breezy.band\/az-az\/wp-json\/wp\/v2\/pages\/18630\/revisions\/18690"}],"wp:attachment":[{"href":"https:\/\/breezy.band\/az-az\/wp-json\/wp\/v2\/media?parent=18630"}],"curies":[{"name":"wp","href":"https:\/\/api.w.org\/{rel}","templated":true}]}}