{"id":18610,"date":"2025-04-29T12:57:19","date_gmt":"2025-04-29T12:57:19","guid":{"rendered":"https:\/\/band.breezyx.space\/z%c9%99man%c9%99t-qaydalari-v%c9%99-s%c9%99rtl%c9%99ri\/"},"modified":"2025-05-07T10:13:13","modified_gmt":"2025-05-07T10:13:13","slug":"z%c9%99man%c9%99t-qaydalari-v%c9%99-s%c9%99rtl%c9%99ri","status":"publish","type":"page","link":"https:\/\/breezy.band\/az-az\/z%c9%99man%c9%99t-qaydalari-v%c9%99-s%c9%99rtl%c9%99ri\/","title":{"rendered":"Z\u0259man\u0259t Qaydalar\u0131 v\u0259 \u015e\u0259rtl\u0259ri"},"content":{"rendered":"\n<h2 class=\"wp-block-heading\">Breezy Z\u0259man\u0259t Qaydalar\u0131 v\u0259 \u015e\u0259rtl\u0259ri<\/h2>\n\n<p><\/p>\n\n<h2 class=\"wp-block-heading\">Breezy Z\u0259man\u0259t Qaydalar\u0131 v\u0259 \u015e\u0259rtl\u0259ri<\/h2>\n\n<p><\/p>\n\n<ol class=\"wp-block-list\">\n<li>\u0130stifad\u0259 olunmu\u015f m\u0259hsullar (\u201cM\u0259hsullar\u201d) \u00fc\u00e7\u00fcn bu z\u0259man\u0259t m\u00fcqavil\u0259sinin (\u201cZ\u0259man\u0259t \u015e\u0259rtl\u0259ri\u201d) m\u00fcdd\u0259alar\u0131 Sat\u0131c\u0131, Xidm\u0259t M\u0259rk\u0259zi v\u0259 M\u00fc\u015ft\u0259ri aras\u0131nda m\u00fcnasib\u0259tl\u0259ri t\u0259nziml\u0259yir v\u0259 M\u0259hsulun sat\u0131\u015f tarixind\u0259n m\u00fc\u0259yy\u0259n edilmi\u015f z\u0259man\u0259t m\u00fcdd\u0259tinin bitm\u0259sin\u0259 q\u0259d\u0259r q\u00fcvv\u0259d\u0259dir.<\/li>\n\n\n\n<li>Ald\u0131qdan sonra M\u00fc\u015ft\u0259ri bu Z\u0259man\u0259t \u015e\u0259rtl\u0259rini oxumal\u0131, ba\u015fa d\u00fc\u015f\u0259c\u0259k v\u0259 q\u0259bul ed\u0259c\u0259k, defolt hal\u0131nda, h\u0259r hans\u0131 z\u0259man\u0259t \u00f6hd\u0259likl\u0259ri etibars\u0131z say\u0131l\u0131r.<\/li>\n\n\n\n<li>Z\u0259man\u0259t \u015e\u0259rtl\u0259ri keyfiyy\u0259ti (i\u015fl\u0259nmi\u015f m\u0259hsul) z\u0259man\u0259t kart\u0131nda g\u00f6st\u0259ril\u0259n m\u0259hsula \u015famil edilir.<\/li>\n\n\n\n<li>H\u0259r bir M\u0259hsul \u00fc\u00e7\u00fcn z\u0259man\u0259t m\u00fcdd\u0259ti z\u0259man\u0259t kart\u0131nda g\u00f6st\u0259ril\u0259n tarixd\u0259n aylarla hesablanmaqla f\u0259rdi \u015f\u0259kild\u0259 m\u00fc\u0259yy\u0259n edilir. Z\u0259man\u0259t m\u00fcdd\u0259ti ba\u015fa \u00e7atd\u0131qdan sonra, M\u0259hsul Sifari\u015f\u00e7i il\u0259 m\u00fczakir\u0259 edil\u0259c\u0259k \u00fcmumi t\u0259mir siyas\u0259tin\u0259 tabe olacaq v\u0259 h\u0259r hans\u0131 t\u0259mir Sifari\u015f\u00e7i t\u0259r\u0259find\u0259n \u00f6d\u0259nil\u0259c\u0259k. <\/li>\n\n\n\n<li>Ald\u0131qdan sonra M\u00fc\u015ft\u0259ri M\u0259hsul paketinin m\u0259zmununu yoxlamal\u0131 v\u0259 h\u0259r hans\u0131 q\u00fcsurlar\u0131n (mexaniki v\u0259 ya ba\u015fqa) d\u00fczg\u00fcn g\u00f6st\u0259rildiyin\u0259 \u0259min olmal\u0131d\u0131r; q\u0259bul edildikd\u0259, m\u00fc\u0259yy\u0259n edilmi\u015f q\u00fcsurlar v\u0259\/v\u0259 ya \u00e7at\u0131\u015fmayan komponentl\u0259rl\u0259 ba\u011fl\u0131 M\u00fc\u015ft\u0259rinin he\u00e7 bir iddias\u0131 tan\u0131nmayacaq.<\/li>\n\n\n\n<li>Z\u0259man\u0259t t\u0259mir m\u00fcdd\u0259ti \u0259laq\u0259 v\u0259 ya M\u0259hsulun Xidm\u0259t M\u0259rk\u0259zin\u0259 t\u0259hvil verildiyi tarixd\u0259n sonra 14 g\u00fcnd\u0259n \u00e7ox olmamal\u0131d\u0131r. Xidm\u0259t M\u0259rk\u0259zind\u0259 m\u0259hsula aid ehtiyat hiss\u0259l\u0259ri yoxdursa, z\u0259man\u0259t t\u0259mir m\u00fcdd\u0259ti 30 g\u00fcn\u0259 q\u0259d\u0259r uzad\u0131la bil\u0259r. <\/li>\n\n\n\n<li>Problem aradan qald\u0131r\u0131ld\u0131qda M\u0259hsulun d\u00fcz\u0259ldilm\u0259z oldu\u011fu a\u015fkar edil\u0259rs\u0259, ox\u015far \u0259v\u0259zedici m\u0259hsul t\u0259min edilm\u0259lidir. Xidm\u0259t M\u0259rk\u0259zinin anbar\u0131nda ox\u015far m\u0259hsul olmad\u0131qda, M\u00fc\u015ft\u0259riy\u0259 Z\u0259man\u0259t Q\u00fcsurlar\u0131n\u0131n T\u0259fti\u015f Hesabat\u0131 verilm\u0259lidir. Ox\u015far m\u0259hsul dedikd\u0259, \u00e7at\u0131\u015fmazl\u0131qlar\u0131 olan h\u0259r hans\u0131 m\u0259hsul daxil olmaqla, M\u00fc\u015ft\u0259rinin ald\u0131\u011f\u0131 eyni markan\u0131n istifad\u0259 edilmi\u015f y\u00fcks\u0259k texnologiyal\u0131 ev cihaz\u0131 n\u0259z\u0259rd\u0259 tutulur.  <\/li>\n<\/ol>\n\n<p>Keyfiyy\u0259tsiz aksessuarlar alq\u0131-satq\u0131 m\u00fcqavil\u0259sinin l\u0259\u011fvi v\u0259 orijinal M\u0259hsulun qaytar\u0131lmas\u0131 \u00fc\u00e7\u00fcn \u0259sasl\u0131 s\u0259b\u0259b\u0259 xidm\u0259t etm\u0259m\u0259lidir. M\u0259hsul paketinin bir hiss\u0259sini t\u0259\u015fkil ed\u0259n ist\u0259nil\u0259n keyfiyy\u0259tsiz aksessuarlar d\u0259yi\u015fdirilm\u0259li v\u0259 ya t\u0259mir edilm\u0259lidir. <\/p>\n\n<p>M\u00fc\u015ft\u0259ri b\u00fct\u00fcn t\u0259hl\u00fck\u0259sizlik x\u00fcsusiyy\u0259tl\u0259rini (ekran kilidi, lokator funksiyalar\u0131, qar\u015f\u0131l\u0131ql\u0131 \u0259laq\u0259 funksiyas\u0131 v\u0259 s.) s\u00f6nd\u00fcrm\u0259lidir; defolt halda, he\u00e7 bir z\u0259man\u0259t xidm\u0259ti m\u00fcmk\u00fcn olmayacaq.<\/p>\n\n<p>Z\u0259man\u0259t xidm\u0259tinin bir hiss\u0259si kimi, M\u0259hsulun sabit diskinin formatlanmas\u0131 t\u0259l\u0259b oluna bil\u0259r; Xidm\u0259t M\u0259rk\u0259zi istifad\u0259\u00e7i m\u0259lumatlar\u0131n\u0131n itirilm\u0259si v\u0259 ya pozulmas\u0131na g\u00f6r\u0259 m\u0259suliyy\u0259t da\u015f\u0131m\u0131r.<\/p>\n\n<h3 class=\"wp-block-heading\">Z\u0259man\u0259t \u015e\u0259rtl\u0259ri a\u015fa\u011f\u0131dak\u0131 hallarda etibars\u0131zd\u0131r:<\/h3>\n\n<ol class=\"wp-block-list\">\n<li>\u0130stehsal\u00e7\u0131 t\u0259r\u0259find\u0259n he\u00e7 bir seriya n\u00f6mr\u0259si verilm\u0259diyi hallar istisna olmaqla, z\u0259man\u0259t kart\u0131nda g\u00f6st\u0259rildiyi kimi M\u0259hsulun seriya n\u00f6mr\u0259si M\u0259hsulda h\u0259kk olunmu\u015f seriya n\u00f6mr\u0259sin\u0259 uy\u011fun g\u0259lmir v\u0259\/v\u0259 ya yoxdur;<\/li>\n\n\n\n<li>M\u0259hsul v\u0259\/v\u0259 ya onun komponentl\u0259ri icaz\u0259siz \u015f\u0259xsl\u0259r t\u0259r\u0259find\u0259n t\u0259mir edilmi\u015fdir;<\/li>\n\n\n\n<li>M\u0259hsulun z\u0259d\u0259l\u0259nm\u0259si v\u0259\/v\u0259 ya u\u011fursuzlu\u011fu M\u00fc\u015ft\u0259rinin s\u0259hv h\u0259r\u0259k\u0259tl\u0259ri n\u0259tic\u0259sind\u0259 ba\u015f verir;<\/li>\n\n\n\n<li>M\u0259hsul v\u0259\/v\u0259 ya onun komponentl\u0259ri yad cisiml\u0259rin, yad cisiml\u0259rin, madd\u0259l\u0259rin, mayel\u0259rin, h\u0259\u015f\u0259ratlar\u0131n v\u0259\/v\u0259 ya heyvanlar\u0131n daxil olmas\u0131, h\u0259m\u00e7inin g\u0259rginliyin d\u00fc\u015fm\u0259si n\u0259tic\u0259sind\u0259 yaranan istilik v\u0259 ya elektrik t\u0259sirind\u0259n z\u0259d\u0259l\u0259nir.<\/li>\n<\/ol>\n\n<h3 class=\"wp-block-heading\">Z\u0259man\u0259t a\u015fa\u011f\u0131dak\u0131lar\u0131 \u0259hat\u0259 etmir:  <\/h3>\n\n<ul class=\"wp-block-list\">\n<li>batareya tutumunun h\u0259r hans\u0131 azalmas\u0131 (Z\u0259man\u0259t \u015e\u0259rtl\u0259ri yaln\u0131z batareyan\u0131n tam nasazl\u0131\u011f\u0131 hal\u0131nda t\u0259tbiq edilir);<\/li>\n\n\n\n<li>\u0259vv\u0259lc\u0259d\u0259n qura\u015fd\u0131r\u0131lm\u0131\u015f v\u0259 ya ba\u015fqa \u015f\u0259kild\u0259 qura\u015fd\u0131r\u0131lm\u0131\u015f b\u00fct\u00fcn n\u00f6v proqram t\u0259minat\u0131;<\/li>\n\n\n\n<li>bu M\u0259hsulla qar\u015f\u0131l\u0131ql\u0131 \u0259laq\u0259d\u0259 olan dig\u0259r avadanl\u0131qlara d\u0259y\u0259n h\u0259r hans\u0131 z\u0259d\u0259;<\/li>\n\n\n\n<li>enerji, telekommunikasiya, kabel \u015f\u0259b\u0259k\u0259l\u0259rinin v\u0259 dig\u0259r bu kimi xarici amill\u0259rin standart parametrl\u0259rin\u0259 \u0259m\u0259l edilm\u0259m\u0259si n\u0259tic\u0259sind\u0259 d\u0259ymi\u015f h\u0259r hans\u0131 z\u0259r\u0259r;<\/li>\n\n\n\n<li>g\u00f6zl\u0259nilm\u0259z d\u0259y\u0259rl\u0259r\u0259 v\u0259\/v\u0259 ya polaritey\u0259 malik olan t\u0259mas g\u0259rginliyi n\u0259tic\u0259sind\u0259 yaranan h\u0259r hans\u0131 z\u0259d\u0259;<\/li>\n\n\n\n<li>qeyri-adi v\u0259 ya qeyri-m\u00fcnt\u0259z\u0259m materiallar\u0131n v\u0259 ehtiyat hiss\u0259l\u0259rinin istifad\u0259si n\u0259tic\u0259sind\u0259 yaranan h\u0259r hans\u0131 z\u0259d\u0259;<\/li>\n\n\n\n<li>uy\u011funluq funksiyalar\u0131 v\u0259 sistem konfiqurasiyas\u0131 il\u0259 \u0259laq\u0259li \u00fc\u00e7\u00fcnc\u00fc t\u0259r\u0259f m\u0259hsullar\u0131 v\u0259 proqram m\u0259hsullar\u0131 il\u0259 uy\u011funluq.<\/li>\n<\/ul>\n\n<p>Sat\u0131\u015fda olandan f\u0259rqli keyfiyy\u0259t\u0259 malik h\u0259r hans\u0131 bir M\u0259hsul \u00fc\u00e7\u00fcn he\u00e7 bir pul geri qaytar\u0131lmamal\u0131 v\u0259\/v\u0259 ya d\u0259yi\u015fdirilm\u0259m\u0259lidir.<\/p>\n\n<p>\u0130stehsal\u00e7\u0131 v\u0259\/yaxud Sat\u0131c\u0131 v\u0259\/v\u0259 ya Xidm\u0259t M\u0259rk\u0259zi M\u00fc\u015ft\u0259riy\u0259 he\u00e7 bir x\u00fcsusi x\u0259b\u0259rdarl\u0131q edilm\u0259d\u0259n z\u0259man\u0259t \u015f\u0259rtl\u0259rini v\u0259 \u015f\u0259rtl\u0259rini \u00f6z m\u00fclahiz\u0259sin\u0259 uy\u011fun d\u0259yi\u015fm\u0259k h\u00fcququnu \u00f6z\u00fcnd\u0259 saxlay\u0131r.<\/p>\n","protected":false},"excerpt":{"rendered":"<p>Breezy Z\u0259man\u0259t Qaydalar\u0131 v\u0259 \u015e\u0259rtl\u0259ri Breezy Z\u0259man\u0259t Qaydalar\u0131 v\u0259 \u015e\u0259rtl\u0259ri Keyfiyy\u0259tsiz aksessuarlar alq\u0131-satq\u0131 m\u00fcqavil\u0259sinin l\u0259\u011fvi v\u0259 orijinal M\u0259hsulun qaytar\u0131lmas\u0131 \u00fc\u00e7\u00fcn \u0259sasl\u0131 s\u0259b\u0259b\u0259 xidm\u0259t etm\u0259m\u0259lidir. M\u0259hsul paketinin bir hiss\u0259sini t\u0259\u015fkil ed\u0259n ist\u0259nil\u0259n keyfiyy\u0259tsiz aksessuarlar d\u0259yi\u015fdirilm\u0259li v\u0259 ya t\u0259mir edilm\u0259lidir. M\u00fc\u015ft\u0259ri b\u00fct\u00fcn t\u0259hl\u00fck\u0259sizlik x\u00fcsusiyy\u0259tl\u0259rini (ekran kilidi, lokator funksiyalar\u0131, qar\u015f\u0131l\u0131ql\u0131 \u0259laq\u0259 funksiyas\u0131 v\u0259 s.) s\u00f6nd\u00fcrm\u0259lidir; defolt halda, he\u00e7&#8230;<\/p>\n","protected":false},"author":1,"featured_media":0,"parent":0,"menu_order":0,"comment_status":"closed","ping_status":"closed","template":"","meta":{"inline_featured_image":false,"footnotes":""},"class_list":["post-18610","page","type-page","status-publish","hentry"],"acf":[],"yoast_head":"<!-- This site is optimized with the Yoast SEO plugin v26.9 - https:\/\/yoast.com\/product\/yoast-seo-wordpress\/ -->\n<title>Z\u0259man\u0259t Qaydalar\u0131 v\u0259 \u015e\u0259rtl\u0259ri - Breezy Site<\/title>\n<meta name=\"robots\" content=\"index, follow, max-snippet:-1, max-image-preview:large, max-video-preview:-1\" \/>\n<link rel=\"canonical\" href=\"https:\/\/breezy.band\/az-az\/z%c9%99man%c9%99t-qaydalari-v%c9%99-s%c9%99rtl%c9%99ri\/\" \/>\n<meta property=\"og:locale\" content=\"az_AZ\" \/>\n<meta property=\"og:type\" content=\"article\" \/>\n<meta property=\"og:title\" content=\"Z\u0259man\u0259t Qaydalar\u0131 v\u0259 \u015e\u0259rtl\u0259ri - Breezy Site\" \/>\n<meta property=\"og:description\" content=\"Breezy Z\u0259man\u0259t Qaydalar\u0131 v\u0259 \u015e\u0259rtl\u0259ri Breezy Z\u0259man\u0259t Qaydalar\u0131 v\u0259 \u015e\u0259rtl\u0259ri Keyfiyy\u0259tsiz aksessuarlar alq\u0131-satq\u0131 m\u00fcqavil\u0259sinin l\u0259\u011fvi v\u0259 orijinal M\u0259hsulun qaytar\u0131lmas\u0131 \u00fc\u00e7\u00fcn \u0259sasl\u0131 s\u0259b\u0259b\u0259 xidm\u0259t etm\u0259m\u0259lidir. M\u0259hsul paketinin bir hiss\u0259sini t\u0259\u015fkil ed\u0259n ist\u0259nil\u0259n keyfiyy\u0259tsiz aksessuarlar d\u0259yi\u015fdirilm\u0259li v\u0259 ya t\u0259mir edilm\u0259lidir. M\u00fc\u015ft\u0259ri b\u00fct\u00fcn t\u0259hl\u00fck\u0259sizlik x\u00fcsusiyy\u0259tl\u0259rini (ekran kilidi, lokator funksiyalar\u0131, qar\u015f\u0131l\u0131ql\u0131 \u0259laq\u0259 funksiyas\u0131 v\u0259 s.) s\u00f6nd\u00fcrm\u0259lidir; defolt halda, he\u00e7...\" \/>\n<meta property=\"og:url\" content=\"https:\/\/breezy.band\/az-az\/z%c9%99man%c9%99t-qaydalari-v%c9%99-s%c9%99rtl%c9%99ri\/\" \/>\n<meta property=\"og:site_name\" content=\"Breezy Site\" \/>\n<meta property=\"article:modified_time\" content=\"2025-05-07T10:13:13+00:00\" \/>\n<meta name=\"twitter:card\" content=\"summary_large_image\" \/>\n<meta name=\"twitter:label1\" content=\"Est. reading time\" \/>\n\t<meta name=\"twitter:data1\" content=\"5 minutes\" \/>\n<script type=\"application\/ld+json\" class=\"yoast-schema-graph\">{\"@context\":\"https:\/\/schema.org\",\"@graph\":[{\"@type\":\"WebPage\",\"@id\":\"https:\/\/breezy.band\/az-az\/z%c9%99man%c9%99t-qaydalari-v%c9%99-s%c9%99rtl%c9%99ri\/\",\"url\":\"https:\/\/breezy.band\/az-az\/z%c9%99man%c9%99t-qaydalari-v%c9%99-s%c9%99rtl%c9%99ri\/\",\"name\":\"Z\u0259man\u0259t Qaydalar\u0131 v\u0259 \u015e\u0259rtl\u0259ri - Breezy Site\",\"isPartOf\":{\"@id\":\"https:\/\/breezy.band\/az-az\/#website\"},\"datePublished\":\"2025-04-29T12:57:19+00:00\",\"dateModified\":\"2025-05-07T10:13:13+00:00\",\"breadcrumb\":{\"@id\":\"https:\/\/breezy.band\/az-az\/z%c9%99man%c9%99t-qaydalari-v%c9%99-s%c9%99rtl%c9%99ri\/#breadcrumb\"},\"inLanguage\":\"az-az\",\"potentialAction\":[{\"@type\":\"ReadAction\",\"target\":[\"https:\/\/breezy.band\/az-az\/z%c9%99man%c9%99t-qaydalari-v%c9%99-s%c9%99rtl%c9%99ri\/\"]}]},{\"@type\":\"BreadcrumbList\",\"@id\":\"https:\/\/breezy.band\/az-az\/z%c9%99man%c9%99t-qaydalari-v%c9%99-s%c9%99rtl%c9%99ri\/#breadcrumb\",\"itemListElement\":[{\"@type\":\"ListItem\",\"position\":1,\"name\":\"Home\",\"item\":\"https:\/\/breezy.band\/az-az\/\"},{\"@type\":\"ListItem\",\"position\":2,\"name\":\"Z\u0259man\u0259t Qaydalar\u0131 v\u0259 \u015e\u0259rtl\u0259ri\"}]},{\"@type\":\"WebSite\",\"@id\":\"https:\/\/breezy.band\/az-az\/#website\",\"url\":\"https:\/\/breezy.band\/az-az\/\",\"name\":\"Breezy\",\"description\":\"Breezy\",\"potentialAction\":[{\"@type\":\"SearchAction\",\"target\":{\"@type\":\"EntryPoint\",\"urlTemplate\":\"https:\/\/breezy.band\/az-az\/?s={search_term_string}\"},\"query-input\":{\"@type\":\"PropertyValueSpecification\",\"valueRequired\":true,\"valueName\":\"search_term_string\"}}],\"inLanguage\":\"az-az\"}]}<\/script>\n<!-- \/ Yoast SEO plugin. -->","yoast_head_json":{"title":"Z\u0259man\u0259t Qaydalar\u0131 v\u0259 \u015e\u0259rtl\u0259ri - Breezy Site","robots":{"index":"index","follow":"follow","max-snippet":"max-snippet:-1","max-image-preview":"max-image-preview:large","max-video-preview":"max-video-preview:-1"},"canonical":"https:\/\/breezy.band\/az-az\/z%c9%99man%c9%99t-qaydalari-v%c9%99-s%c9%99rtl%c9%99ri\/","og_locale":"az_AZ","og_type":"article","og_title":"Z\u0259man\u0259t Qaydalar\u0131 v\u0259 \u015e\u0259rtl\u0259ri - Breezy Site","og_description":"Breezy Z\u0259man\u0259t Qaydalar\u0131 v\u0259 \u015e\u0259rtl\u0259ri Breezy Z\u0259man\u0259t Qaydalar\u0131 v\u0259 \u015e\u0259rtl\u0259ri Keyfiyy\u0259tsiz aksessuarlar alq\u0131-satq\u0131 m\u00fcqavil\u0259sinin l\u0259\u011fvi v\u0259 orijinal M\u0259hsulun qaytar\u0131lmas\u0131 \u00fc\u00e7\u00fcn \u0259sasl\u0131 s\u0259b\u0259b\u0259 xidm\u0259t etm\u0259m\u0259lidir. M\u0259hsul paketinin bir hiss\u0259sini t\u0259\u015fkil ed\u0259n ist\u0259nil\u0259n keyfiyy\u0259tsiz aksessuarlar d\u0259yi\u015fdirilm\u0259li v\u0259 ya t\u0259mir edilm\u0259lidir. M\u00fc\u015ft\u0259ri b\u00fct\u00fcn t\u0259hl\u00fck\u0259sizlik x\u00fcsusiyy\u0259tl\u0259rini (ekran kilidi, lokator funksiyalar\u0131, qar\u015f\u0131l\u0131ql\u0131 \u0259laq\u0259 funksiyas\u0131 v\u0259 s.) s\u00f6nd\u00fcrm\u0259lidir; defolt halda, he\u00e7...","og_url":"https:\/\/breezy.band\/az-az\/z%c9%99man%c9%99t-qaydalari-v%c9%99-s%c9%99rtl%c9%99ri\/","og_site_name":"Breezy Site","article_modified_time":"2025-05-07T10:13:13+00:00","twitter_card":"summary_large_image","twitter_misc":{"Est. reading time":"5 minutes"},"schema":{"@context":"https:\/\/schema.org","@graph":[{"@type":"WebPage","@id":"https:\/\/breezy.band\/az-az\/z%c9%99man%c9%99t-qaydalari-v%c9%99-s%c9%99rtl%c9%99ri\/","url":"https:\/\/breezy.band\/az-az\/z%c9%99man%c9%99t-qaydalari-v%c9%99-s%c9%99rtl%c9%99ri\/","name":"Z\u0259man\u0259t Qaydalar\u0131 v\u0259 \u015e\u0259rtl\u0259ri - Breezy Site","isPartOf":{"@id":"https:\/\/breezy.band\/az-az\/#website"},"datePublished":"2025-04-29T12:57:19+00:00","dateModified":"2025-05-07T10:13:13+00:00","breadcrumb":{"@id":"https:\/\/breezy.band\/az-az\/z%c9%99man%c9%99t-qaydalari-v%c9%99-s%c9%99rtl%c9%99ri\/#breadcrumb"},"inLanguage":"az-az","potentialAction":[{"@type":"ReadAction","target":["https:\/\/breezy.band\/az-az\/z%c9%99man%c9%99t-qaydalari-v%c9%99-s%c9%99rtl%c9%99ri\/"]}]},{"@type":"BreadcrumbList","@id":"https:\/\/breezy.band\/az-az\/z%c9%99man%c9%99t-qaydalari-v%c9%99-s%c9%99rtl%c9%99ri\/#breadcrumb","itemListElement":[{"@type":"ListItem","position":1,"name":"Home","item":"https:\/\/breezy.band\/az-az\/"},{"@type":"ListItem","position":2,"name":"Z\u0259man\u0259t Qaydalar\u0131 v\u0259 \u015e\u0259rtl\u0259ri"}]},{"@type":"WebSite","@id":"https:\/\/breezy.band\/az-az\/#website","url":"https:\/\/breezy.band\/az-az\/","name":"Breezy","description":"Breezy","potentialAction":[{"@type":"SearchAction","target":{"@type":"EntryPoint","urlTemplate":"https:\/\/breezy.band\/az-az\/?s={search_term_string}"},"query-input":{"@type":"PropertyValueSpecification","valueRequired":true,"valueName":"search_term_string"}}],"inLanguage":"az-az"}]}},"_links":{"self":[{"href":"https:\/\/breezy.band\/az-az\/wp-json\/wp\/v2\/pages\/18610","targetHints":{"allow":["GET"]}}],"collection":[{"href":"https:\/\/breezy.band\/az-az\/wp-json\/wp\/v2\/pages"}],"about":[{"href":"https:\/\/breezy.band\/az-az\/wp-json\/wp\/v2\/types\/page"}],"author":[{"embeddable":true,"href":"https:\/\/breezy.band\/az-az\/wp-json\/wp\/v2\/users\/1"}],"replies":[{"embeddable":true,"href":"https:\/\/breezy.band\/az-az\/wp-json\/wp\/v2\/comments?post=18610"}],"version-history":[{"count":1,"href":"https:\/\/breezy.band\/az-az\/wp-json\/wp\/v2\/pages\/18610\/revisions"}],"predecessor-version":[{"id":18612,"href":"https:\/\/breezy.band\/az-az\/wp-json\/wp\/v2\/pages\/18610\/revisions\/18612"}],"wp:attachment":[{"href":"https:\/\/breezy.band\/az-az\/wp-json\/wp\/v2\/media?parent=18610"}],"curies":[{"name":"wp","href":"https:\/\/api.w.org\/{rel}","templated":true}]}}